{"id":67315,"date":"2025-12-23T11:11:27","date_gmt":"2025-12-23T10:11:27","guid":{"rendered":"https:\/\/www.luigi-bevilacqua.com\/prodotto\/alligatore-3870s-tierdruck\/"},"modified":"2026-01-07T17:18:07","modified_gmt":"2026-01-07T16:18:07","slug":"alligatore-3870s-tierdruck","status":"publish","type":"product","link":"https:\/\/www.luigi-bevilacqua.com\/de\/produkt\/alligatore-3870s-tierdruck\/","title":{"rendered":"Alligatore 3870S Tierdruck"},"content":{"rendered":"<table class=\"tabella-prodotto\">\n<tbody>\n<tr>\n<td>Produktcode<\/td>\n<td>3870S<\/td>\n<\/tr>\n<tr>\n<td>Typ<\/td>\n<td>Tierdruck<\/td>\n<\/tr>\n<tr>\n<td>Zusammensetzung<\/td>\n<td>40% Baumwolle, 40% Seide, 20% Viskose<\/td>\n<\/tr>\n<tr>\n<td>H\u00f6he<\/td>\n<td>130 cm<\/td>\n<\/tr>\n<tr>\n<td>Rapport<\/td>\n<td>47,5 cm<\/td>\n<\/tr>\n<tr>\n<td>historischer Zeitraum<\/td>\n<td>20. Jahrhundert<\/td>\n<\/tr>\n<\/tbody>\n<\/table>\n<span class=\"et_bloom_bottom_trigger\"><\/span>","protected":false},"excerpt":{"rendered":"<p>Alligator ist ein Stoff mit intensivem, zeitgen\u00f6ssischem Charme, der sich durch sein organisches Muster auszeichnet, das an die Textur von Reptilienhaut erinnert und durch den Wechsel zwischen Samt und hellerem Hintergrund lebendig wirkt. Die unregelm\u00e4\u00dfigen Geometrien und die zentrale Symmetrie erzeugen einen dynamischen, schillernden Effekt und unterstreichen die materielle Beschaffenheit des Samts, der hier auf moderne Weise interpretiert wird. <\/p>\n<p>Die weiche, reflektierende Oberfl\u00e4che bringt die verschiedenen Nuancen des Fuchsia zur Geltung und verleiht dem Stoff eine ideale szenografische Pr\u00e4senz f\u00fcr anspruchsvolle Umgebungen. Perfekt f\u00fcr Verkleidungen, Dekorationselemente und Einrichtungsgegenst\u00e4nde, die eine starke Pers\u00f6nlichkeit erfordern, ohne dabei an Eleganz einzub\u00fc\u00dfen. <\/p>\n","protected":false},"featured_media":67310,"template":"","meta":{"_et_pb_use_builder":"","_et_pb_old_content":"","_et_gb_content_width":""},"product_brand":[],"product_cat":[846,848],"product_tag":[],"class_list":{"0":"post-67315","1":"product","2":"type-product","3":"status-publish","4":"has-post-thumbnail","6":"product_cat-gewebe","7":"product_cat-tierdrucke","9":"first","10":"instock","11":"shipping-taxable","12":"purchasable","13":"product-type-variable","14":"wvs-archive-product-wrapper"},"yoast_head":"<!-- This site is optimized with the Yoast SEO plugin v27.6 - https:\/\/yoast.com\/product\/yoast-seo-wordpress\/ -->\n<title>Alligatore 3870S Tierdruck - Tessitura Luigi Bevilaqua<\/title>\n<meta name=\"robots\" content=\"index, follow, max-snippet:-1, max-image-preview:large, max-video-preview:-1\" \/>\n<link rel=\"canonical\" href=\"https:\/\/www.luigi-bevilacqua.com\/de\/produkt\/alligatore-3870s-tierdruck\/\" \/>\n<meta property=\"og:locale\" content=\"de_DE\" \/>\n<meta property=\"og:type\" content=\"article\" \/>\n<meta property=\"og:title\" content=\"Alligatore 3870S Tierdruck - Tessitura Luigi Bevilaqua\" \/>\n<meta property=\"og:description\" content=\"Alligator ist ein Stoff mit intensivem, zeitgen\u00f6ssischem Charme, der sich durch sein organisches Muster auszeichnet, das an die Textur von Reptilienhaut erinnert und durch den Wechsel zwischen Samt und hellerem Hintergrund lebendig wirkt. Die unregelm\u00e4\u00dfigen Geometrien und die zentrale Symmetrie erzeugen einen dynamischen, schillernden Effekt und unterstreichen die materielle Beschaffenheit des Samts, der hier auf moderne Weise interpretiert wird.  Die weiche, reflektierende Oberfl\u00e4che bringt die verschiedenen Nuancen des Fuchsia zur Geltung und verleiht dem Stoff eine ideale szenografische Pr\u00e4senz f\u00fcr anspruchsvolle Umgebungen. Perfekt f\u00fcr Verkleidungen, Dekorationselemente und Einrichtungsgegenst\u00e4nde, die eine starke Pers\u00f6nlichkeit erfordern, ohne dabei an Eleganz einzub\u00fc\u00dfen.\" \/>\n<meta property=\"og:url\" content=\"https:\/\/www.luigi-bevilacqua.com\/de\/produkt\/alligatore-3870s-tierdruck\/\" \/>\n<meta property=\"og:site_name\" content=\"Tessitura Luigi Bevilaqua\" \/>\n<meta property=\"article:publisher\" content=\"https:\/\/www.facebook.com\/TessituraLuigiBevilacqua\" \/>\n<meta property=\"article:modified_time\" content=\"2026-01-07T16:18:07+00:00\" \/>\n<meta property=\"og:image\" content=\"https:\/\/www.luigi-bevilacqua.com\/wp-content\/uploads\/2025\/12\/Velluto-Alligatore-fucsia-.jpg\" \/>\n\t<meta property=\"og:image:width\" content=\"1080\" \/>\n\t<meta property=\"og:image:height\" content=\"800\" \/>\n\t<meta property=\"og:image:type\" content=\"image\/jpeg\" \/>\n<script type=\"application\/ld+json\" class=\"yoast-schema-graph\">{\"@context\":\"https:\\\/\\\/schema.org\",\"@graph\":[{\"@type\":\"WebPage\",\"@id\":\"https:\\\/\\\/www.luigi-bevilacqua.com\\\/de\\\/produkt\\\/alligatore-3870s-tierdruck\\\/\",\"url\":\"https:\\\/\\\/www.luigi-bevilacqua.com\\\/de\\\/produkt\\\/alligatore-3870s-tierdruck\\\/\",\"name\":\"Alligatore 3870S Tierdruck - Tessitura Luigi Bevilaqua\",\"isPartOf\":{\"@id\":\"https:\\\/\\\/www.luigi-bevilacqua.com\\\/de\\\/#website\"},\"primaryImageOfPage\":{\"@id\":\"https:\\\/\\\/www.luigi-bevilacqua.com\\\/de\\\/produkt\\\/alligatore-3870s-tierdruck\\\/#primaryimage\"},\"image\":{\"@id\":\"https:\\\/\\\/www.luigi-bevilacqua.com\\\/de\\\/produkt\\\/alligatore-3870s-tierdruck\\\/#primaryimage\"},\"thumbnailUrl\":\"https:\\\/\\\/www.luigi-bevilacqua.com\\\/wp-content\\\/uploads\\\/2025\\\/12\\\/Velluto-Alligatore-fucsia-.jpg\",\"datePublished\":\"2025-12-23T10:11:27+00:00\",\"dateModified\":\"2026-01-07T16:18:07+00:00\",\"breadcrumb\":{\"@id\":\"https:\\\/\\\/www.luigi-bevilacqua.com\\\/de\\\/produkt\\\/alligatore-3870s-tierdruck\\\/#breadcrumb\"},\"inLanguage\":\"de\",\"potentialAction\":[{\"@type\":\"ReadAction\",\"target\":[\"https:\\\/\\\/www.luigi-bevilacqua.com\\\/de\\\/produkt\\\/alligatore-3870s-tierdruck\\\/\"]}]},{\"@type\":\"ImageObject\",\"inLanguage\":\"de\",\"@id\":\"https:\\\/\\\/www.luigi-bevilacqua.com\\\/de\\\/produkt\\\/alligatore-3870s-tierdruck\\\/#primaryimage\",\"url\":\"https:\\\/\\\/www.luigi-bevilacqua.com\\\/wp-content\\\/uploads\\\/2025\\\/12\\\/Velluto-Alligatore-fucsia-.jpg\",\"contentUrl\":\"https:\\\/\\\/www.luigi-bevilacqua.com\\\/wp-content\\\/uploads\\\/2025\\\/12\\\/Velluto-Alligatore-fucsia-.jpg\",\"width\":1080,\"height\":800},{\"@type\":\"BreadcrumbList\",\"@id\":\"https:\\\/\\\/www.luigi-bevilacqua.com\\\/de\\\/produkt\\\/alligatore-3870s-tierdruck\\\/#breadcrumb\",\"itemListElement\":[{\"@type\":\"ListItem\",\"position\":1,\"name\":\"Home\",\"item\":\"https:\\\/\\\/www.luigi-bevilacqua.com\\\/de\\\/\"},{\"@type\":\"ListItem\",\"position\":2,\"name\":\"Prodotti\",\"item\":\"https:\\\/\\\/www.luigi-bevilacqua.com\\\/prodotti\\\/\"},{\"@type\":\"ListItem\",\"position\":3,\"name\":\"Alligatore 3870S Tierdruck\"}]},{\"@type\":\"WebSite\",\"@id\":\"https:\\\/\\\/www.luigi-bevilacqua.com\\\/de\\\/#website\",\"url\":\"https:\\\/\\\/www.luigi-bevilacqua.com\\\/de\\\/\",\"name\":\"Tessitura Luigi Bevilaqua\",\"description\":\"Tessitura Bevilacqua\",\"publisher\":{\"@id\":\"https:\\\/\\\/www.luigi-bevilacqua.com\\\/de\\\/#organization\"},\"potentialAction\":[{\"@type\":\"SearchAction\",\"target\":{\"@type\":\"EntryPoint\",\"urlTemplate\":\"https:\\\/\\\/www.luigi-bevilacqua.com\\\/de\\\/?s={search_term_string}\"},\"query-input\":{\"@type\":\"PropertyValueSpecification\",\"valueRequired\":true,\"valueName\":\"search_term_string\"}}],\"inLanguage\":\"de\"},{\"@type\":\"Organization\",\"@id\":\"https:\\\/\\\/www.luigi-bevilacqua.com\\\/de\\\/#organization\",\"name\":\"Tessitura Luigi Bevilacqua\",\"url\":\"https:\\\/\\\/www.luigi-bevilacqua.com\\\/de\\\/\",\"logo\":{\"@type\":\"ImageObject\",\"inLanguage\":\"de\",\"@id\":\"https:\\\/\\\/www.luigi-bevilacqua.com\\\/de\\\/#\\\/schema\\\/logo\\\/image\\\/\",\"url\":\"https:\\\/\\\/www.luigi-bevilacqua.com\\\/wp-content\\\/uploads\\\/2017\\\/04\\\/logo-bevilacqua-home.png\",\"contentUrl\":\"https:\\\/\\\/www.luigi-bevilacqua.com\\\/wp-content\\\/uploads\\\/2017\\\/04\\\/logo-bevilacqua-home.png\",\"width\":272,\"height\":156,\"caption\":\"Tessitura Luigi Bevilacqua\"},\"image\":{\"@id\":\"https:\\\/\\\/www.luigi-bevilacqua.com\\\/de\\\/#\\\/schema\\\/logo\\\/image\\\/\"},\"sameAs\":[\"https:\\\/\\\/www.facebook.com\\\/TessituraLuigiBevilacqua\",\"https:\\\/\\\/x.com\\\/tessiturebevilc\",\"https:\\\/\\\/www.instagram.com\\\/tessiturebevilacqua\\\/\",\"https:\\\/\\\/www.linkedin.com\\\/company\\\/bevilacqua\\\/\",\"https:\\\/\\\/it.pinterest.com\\\/luigibevilacqua\\\/\",\"https:\\\/\\\/www.youtube.com\\\/channel\\\/UCvKX4HKDdjyoJIztAzEekkQ\"]}]}<\/script>\n<!-- \/ Yoast SEO plugin. -->","yoast_head_json":{"title":"Alligatore 3870S Tierdruck - Tessitura Luigi Bevilaqua","robots":{"index":"index","follow":"follow","max-snippet":"max-snippet:-1","max-image-preview":"max-image-preview:large","max-video-preview":"max-video-preview:-1"},"canonical":"https:\/\/www.luigi-bevilacqua.com\/de\/produkt\/alligatore-3870s-tierdruck\/","og_locale":"de_DE","og_type":"article","og_title":"Alligatore 3870S Tierdruck - Tessitura Luigi Bevilaqua","og_description":"Alligator ist ein Stoff mit intensivem, zeitgen\u00f6ssischem Charme, der sich durch sein organisches Muster auszeichnet, das an die Textur von Reptilienhaut erinnert und durch den Wechsel zwischen Samt und hellerem Hintergrund lebendig wirkt. Die unregelm\u00e4\u00dfigen Geometrien und die zentrale Symmetrie erzeugen einen dynamischen, schillernden Effekt und unterstreichen die materielle Beschaffenheit des Samts, der hier auf moderne Weise interpretiert wird.  Die weiche, reflektierende Oberfl\u00e4che bringt die verschiedenen Nuancen des Fuchsia zur Geltung und verleiht dem Stoff eine ideale szenografische Pr\u00e4senz f\u00fcr anspruchsvolle Umgebungen. Perfekt f\u00fcr Verkleidungen, Dekorationselemente und Einrichtungsgegenst\u00e4nde, die eine starke Pers\u00f6nlichkeit erfordern, ohne dabei an Eleganz einzub\u00fc\u00dfen.","og_url":"https:\/\/www.luigi-bevilacqua.com\/de\/produkt\/alligatore-3870s-tierdruck\/","og_site_name":"Tessitura Luigi Bevilaqua","article_publisher":"https:\/\/www.facebook.com\/TessituraLuigiBevilacqua","article_modified_time":"2026-01-07T16:18:07+00:00","og_image":[{"width":1080,"height":800,"url":"https:\/\/www.luigi-bevilacqua.com\/wp-content\/uploads\/2025\/12\/Velluto-Alligatore-fucsia-.jpg","type":"image\/jpeg"}],"schema":{"@context":"https:\/\/schema.org","@graph":[{"@type":"WebPage","@id":"https:\/\/www.luigi-bevilacqua.com\/de\/produkt\/alligatore-3870s-tierdruck\/","url":"https:\/\/www.luigi-bevilacqua.com\/de\/produkt\/alligatore-3870s-tierdruck\/","name":"Alligatore 3870S Tierdruck - Tessitura Luigi Bevilaqua","isPartOf":{"@id":"https:\/\/www.luigi-bevilacqua.com\/de\/#website"},"primaryImageOfPage":{"@id":"https:\/\/www.luigi-bevilacqua.com\/de\/produkt\/alligatore-3870s-tierdruck\/#primaryimage"},"image":{"@id":"https:\/\/www.luigi-bevilacqua.com\/de\/produkt\/alligatore-3870s-tierdruck\/#primaryimage"},"thumbnailUrl":"https:\/\/www.luigi-bevilacqua.com\/wp-content\/uploads\/2025\/12\/Velluto-Alligatore-fucsia-.jpg","datePublished":"2025-12-23T10:11:27+00:00","dateModified":"2026-01-07T16:18:07+00:00","breadcrumb":{"@id":"https:\/\/www.luigi-bevilacqua.com\/de\/produkt\/alligatore-3870s-tierdruck\/#breadcrumb"},"inLanguage":"de","potentialAction":[{"@type":"ReadAction","target":["https:\/\/www.luigi-bevilacqua.com\/de\/produkt\/alligatore-3870s-tierdruck\/"]}]},{"@type":"ImageObject","inLanguage":"de","@id":"https:\/\/www.luigi-bevilacqua.com\/de\/produkt\/alligatore-3870s-tierdruck\/#primaryimage","url":"https:\/\/www.luigi-bevilacqua.com\/wp-content\/uploads\/2025\/12\/Velluto-Alligatore-fucsia-.jpg","contentUrl":"https:\/\/www.luigi-bevilacqua.com\/wp-content\/uploads\/2025\/12\/Velluto-Alligatore-fucsia-.jpg","width":1080,"height":800},{"@type":"BreadcrumbList","@id":"https:\/\/www.luigi-bevilacqua.com\/de\/produkt\/alligatore-3870s-tierdruck\/#breadcrumb","itemListElement":[{"@type":"ListItem","position":1,"name":"Home","item":"https:\/\/www.luigi-bevilacqua.com\/de\/"},{"@type":"ListItem","position":2,"name":"Prodotti","item":"https:\/\/www.luigi-bevilacqua.com\/prodotti\/"},{"@type":"ListItem","position":3,"name":"Alligatore 3870S Tierdruck"}]},{"@type":"WebSite","@id":"https:\/\/www.luigi-bevilacqua.com\/de\/#website","url":"https:\/\/www.luigi-bevilacqua.com\/de\/","name":"Tessitura Luigi Bevilaqua","description":"Tessitura Bevilacqua","publisher":{"@id":"https:\/\/www.luigi-bevilacqua.com\/de\/#organization"},"potentialAction":[{"@type":"SearchAction","target":{"@type":"EntryPoint","urlTemplate":"https:\/\/www.luigi-bevilacqua.com\/de\/?s={search_term_string}"},"query-input":{"@type":"PropertyValueSpecification","valueRequired":true,"valueName":"search_term_string"}}],"inLanguage":"de"},{"@type":"Organization","@id":"https:\/\/www.luigi-bevilacqua.com\/de\/#organization","name":"Tessitura Luigi Bevilacqua","url":"https:\/\/www.luigi-bevilacqua.com\/de\/","logo":{"@type":"ImageObject","inLanguage":"de","@id":"https:\/\/www.luigi-bevilacqua.com\/de\/#\/schema\/logo\/image\/","url":"https:\/\/www.luigi-bevilacqua.com\/wp-content\/uploads\/2017\/04\/logo-bevilacqua-home.png","contentUrl":"https:\/\/www.luigi-bevilacqua.com\/wp-content\/uploads\/2017\/04\/logo-bevilacqua-home.png","width":272,"height":156,"caption":"Tessitura Luigi Bevilacqua"},"image":{"@id":"https:\/\/www.luigi-bevilacqua.com\/de\/#\/schema\/logo\/image\/"},"sameAs":["https:\/\/www.facebook.com\/TessituraLuigiBevilacqua","https:\/\/x.com\/tessiturebevilc","https:\/\/www.instagram.com\/tessiturebevilacqua\/","https:\/\/www.linkedin.com\/company\/bevilacqua\/","https:\/\/it.pinterest.com\/luigibevilacqua\/","https:\/\/www.youtube.com\/channel\/UCvKX4HKDdjyoJIztAzEekkQ"]}]}},"_links":{"self":[{"href":"https:\/\/www.luigi-bevilacqua.com\/de\/wp-json\/wp\/v2\/product\/67315","targetHints":{"allow":["GET"]}}],"collection":[{"href":"https:\/\/www.luigi-bevilacqua.com\/de\/wp-json\/wp\/v2\/product"}],"about":[{"href":"https:\/\/www.luigi-bevilacqua.com\/de\/wp-json\/wp\/v2\/types\/product"}],"wp:featuredmedia":[{"embeddable":true,"href":"https:\/\/www.luigi-bevilacqua.com\/de\/wp-json\/wp\/v2\/media\/67310"}],"wp:attachment":[{"href":"https:\/\/www.luigi-bevilacqua.com\/de\/wp-json\/wp\/v2\/media?parent=67315"}],"wp:term":[{"taxonomy":"product_brand","embeddable":true,"href":"https:\/\/www.luigi-bevilacqua.com\/de\/wp-json\/wp\/v2\/product_brand?post=67315"},{"taxonomy":"product_cat","embeddable":true,"href":"https:\/\/www.luigi-bevilacqua.com\/de\/wp-json\/wp\/v2\/product_cat?post=67315"},{"taxonomy":"product_tag","embeddable":true,"href":"https:\/\/www.luigi-bevilacqua.com\/de\/wp-json\/wp\/v2\/product_tag?post=67315"}],"curies":[{"name":"wp","href":"https:\/\/api.w.org\/{rel}","templated":true}]}}