{"id":66702,"date":"2025-08-25T10:51:48","date_gmt":"2025-08-25T08:51:48","guid":{"rendered":"https:\/\/www.luigi-bevilacqua.com\/prodotto\/grottesche-9135s-tapete\/"},"modified":"2025-12-02T17:38:06","modified_gmt":"2025-12-02T16:38:06","slug":"grottesche-9135s-tapete","status":"publish","type":"product","link":"https:\/\/www.luigi-bevilacqua.com\/de\/produkt\/grottesche-9135s-tapete\/","title":{"rendered":"Grottesche 9135 Tapete"},"content":{"rendered":"<table class=\"tabella-prodotto\">\n<tbody>\n<tr>\n<td>Produktcode<\/td>\n<td>9135<\/td>\n<\/tr>\n<tr>\n<td>Typ<\/td>\n<td>Tapeten<\/td>\n<\/tr>\n<td>H\u00f6he<\/td>\n<td>87 cm \/ 34,25 in<\/td>\n<\/tr>\n<tr>\n<td>Rapport<\/td>\n<td>83 cm \/ 32,67 in<\/td>\n<\/tr>\n<\/tbody>\n<\/table>\n<span class=\"et_bloom_bottom_trigger\"><\/span>","protected":false},"excerpt":{"rendered":"<p>Ein Sprung in die Antike. Fantastische Figuren, Sphinxe und Blumengirlanden in symmetrischen Kompositionen von seltener Eleganz. Die reine Seide verleiht dem Raum eine schillernde Helligkeit und verwandelt die W\u00e4nde in ein modernes Fresko.  <\/p>\n<p>Verwendung: Ausgerichtete Verbindung, abwaschbar, gute Lichtechtheit, trocken abl\u00f6sbar, Klebstoff zum Auftragen auf die zu dekorierende Unterlage<\/p>\n<p>Verkaufseinheit: Meter<\/p>\n<p>Farbabstimmung: Es k\u00f6nnen geringf\u00fcgige Abweichungen zwischen den Chargen auftreten. Muster sind auf Anfrage erh\u00e4ltlich. <\/p>\n","protected":false},"featured_media":65402,"template":"","meta":{"_et_pb_use_builder":"","_et_pb_old_content":"","_et_gb_content_width":""},"product_brand":[],"product_cat":[1422],"product_tag":[],"class_list":{"0":"post-66702","1":"product","2":"type-product","3":"status-publish","4":"has-post-thumbnail","6":"product_cat-tapete","8":"first","9":"instock","10":"shipping-taxable","11":"purchasable","12":"product-type-variable","13":"wvs-archive-product-wrapper"},"yoast_head":"<!-- This site is optimized with the Yoast SEO plugin v27.6 - https:\/\/yoast.com\/product\/yoast-seo-wordpress\/ -->\n<title>Grottesche 9135 Tapete - Tessitura Luigi Bevilaqua<\/title>\n<meta name=\"robots\" content=\"index, follow, max-snippet:-1, max-image-preview:large, max-video-preview:-1\" \/>\n<link rel=\"canonical\" href=\"https:\/\/www.luigi-bevilacqua.com\/de\/produkt\/grottesche-9135s-tapete\/\" \/>\n<meta property=\"og:locale\" content=\"de_DE\" \/>\n<meta property=\"og:type\" content=\"article\" \/>\n<meta property=\"og:title\" content=\"Grottesche 9135 Tapete - Tessitura Luigi Bevilaqua\" \/>\n<meta property=\"og:description\" content=\"Ein Sprung in die Antike. Fantastische Figuren, Sphinxe und Blumengirlanden in symmetrischen Kompositionen von seltener Eleganz. Die reine Seide verleiht dem Raum eine schillernde Helligkeit und verwandelt die W\u00e4nde in ein modernes Fresko.  Verwendung: Ausgerichtete Verbindung, abwaschbar, gute Lichtechtheit, trocken abl\u00f6sbar, Klebstoff zum Auftragen auf die zu dekorierende Unterlage Verkaufseinheit: Meter Farbabstimmung: Es k\u00f6nnen geringf\u00fcgige Abweichungen zwischen den Chargen auftreten. Muster sind auf Anfrage erh\u00e4ltlich.\" \/>\n<meta property=\"og:url\" content=\"https:\/\/www.luigi-bevilacqua.com\/de\/produkt\/grottesche-9135s-tapete\/\" \/>\n<meta property=\"og:site_name\" content=\"Tessitura Luigi Bevilaqua\" \/>\n<meta property=\"article:publisher\" content=\"https:\/\/www.facebook.com\/TessituraLuigiBevilacqua\" \/>\n<meta property=\"article:modified_time\" content=\"2025-12-02T16:38:06+00:00\" \/>\n<meta property=\"og:image\" content=\"https:\/\/www.luigi-bevilacqua.com\/wp-content\/uploads\/2025\/08\/GROTTESCHE-717-9135s-REZZONICO.jpg\" \/>\n\t<meta property=\"og:image:width\" content=\"1080\" \/>\n\t<meta property=\"og:image:height\" content=\"1475\" \/>\n\t<meta property=\"og:image:type\" content=\"image\/jpeg\" \/>\n<script type=\"application\/ld+json\" class=\"yoast-schema-graph\">{\"@context\":\"https:\\\/\\\/schema.org\",\"@graph\":[{\"@type\":\"WebPage\",\"@id\":\"https:\\\/\\\/www.luigi-bevilacqua.com\\\/de\\\/produkt\\\/grottesche-9135s-tapete\\\/\",\"url\":\"https:\\\/\\\/www.luigi-bevilacqua.com\\\/de\\\/produkt\\\/grottesche-9135s-tapete\\\/\",\"name\":\"Grottesche 9135 Tapete - Tessitura Luigi Bevilaqua\",\"isPartOf\":{\"@id\":\"https:\\\/\\\/www.luigi-bevilacqua.com\\\/de\\\/#website\"},\"primaryImageOfPage\":{\"@id\":\"https:\\\/\\\/www.luigi-bevilacqua.com\\\/de\\\/produkt\\\/grottesche-9135s-tapete\\\/#primaryimage\"},\"image\":{\"@id\":\"https:\\\/\\\/www.luigi-bevilacqua.com\\\/de\\\/produkt\\\/grottesche-9135s-tapete\\\/#primaryimage\"},\"thumbnailUrl\":\"https:\\\/\\\/www.luigi-bevilacqua.com\\\/wp-content\\\/uploads\\\/2025\\\/08\\\/GROTTESCHE-717-9135s-REZZONICO.jpg\",\"datePublished\":\"2025-08-25T08:51:48+00:00\",\"dateModified\":\"2025-12-02T16:38:06+00:00\",\"breadcrumb\":{\"@id\":\"https:\\\/\\\/www.luigi-bevilacqua.com\\\/de\\\/produkt\\\/grottesche-9135s-tapete\\\/#breadcrumb\"},\"inLanguage\":\"de\",\"potentialAction\":[{\"@type\":\"ReadAction\",\"target\":[\"https:\\\/\\\/www.luigi-bevilacqua.com\\\/de\\\/produkt\\\/grottesche-9135s-tapete\\\/\"]}]},{\"@type\":\"ImageObject\",\"inLanguage\":\"de\",\"@id\":\"https:\\\/\\\/www.luigi-bevilacqua.com\\\/de\\\/produkt\\\/grottesche-9135s-tapete\\\/#primaryimage\",\"url\":\"https:\\\/\\\/www.luigi-bevilacqua.com\\\/wp-content\\\/uploads\\\/2025\\\/08\\\/GROTTESCHE-717-9135s-REZZONICO.jpg\",\"contentUrl\":\"https:\\\/\\\/www.luigi-bevilacqua.com\\\/wp-content\\\/uploads\\\/2025\\\/08\\\/GROTTESCHE-717-9135s-REZZONICO.jpg\",\"width\":1080,\"height\":1475},{\"@type\":\"BreadcrumbList\",\"@id\":\"https:\\\/\\\/www.luigi-bevilacqua.com\\\/de\\\/produkt\\\/grottesche-9135s-tapete\\\/#breadcrumb\",\"itemListElement\":[{\"@type\":\"ListItem\",\"position\":1,\"name\":\"Home\",\"item\":\"https:\\\/\\\/www.luigi-bevilacqua.com\\\/de\\\/\"},{\"@type\":\"ListItem\",\"position\":2,\"name\":\"Prodotti\",\"item\":\"https:\\\/\\\/www.luigi-bevilacqua.com\\\/prodotti\\\/\"},{\"@type\":\"ListItem\",\"position\":3,\"name\":\"Grottesche 9135 Tapete\"}]},{\"@type\":\"WebSite\",\"@id\":\"https:\\\/\\\/www.luigi-bevilacqua.com\\\/de\\\/#website\",\"url\":\"https:\\\/\\\/www.luigi-bevilacqua.com\\\/de\\\/\",\"name\":\"Tessitura Luigi Bevilaqua\",\"description\":\"Tessitura Bevilacqua\",\"publisher\":{\"@id\":\"https:\\\/\\\/www.luigi-bevilacqua.com\\\/de\\\/#organization\"},\"potentialAction\":[{\"@type\":\"SearchAction\",\"target\":{\"@type\":\"EntryPoint\",\"urlTemplate\":\"https:\\\/\\\/www.luigi-bevilacqua.com\\\/de\\\/?s={search_term_string}\"},\"query-input\":{\"@type\":\"PropertyValueSpecification\",\"valueRequired\":true,\"valueName\":\"search_term_string\"}}],\"inLanguage\":\"de\"},{\"@type\":\"Organization\",\"@id\":\"https:\\\/\\\/www.luigi-bevilacqua.com\\\/de\\\/#organization\",\"name\":\"Tessitura Luigi Bevilacqua\",\"url\":\"https:\\\/\\\/www.luigi-bevilacqua.com\\\/de\\\/\",\"logo\":{\"@type\":\"ImageObject\",\"inLanguage\":\"de\",\"@id\":\"https:\\\/\\\/www.luigi-bevilacqua.com\\\/de\\\/#\\\/schema\\\/logo\\\/image\\\/\",\"url\":\"https:\\\/\\\/www.luigi-bevilacqua.com\\\/wp-content\\\/uploads\\\/2017\\\/04\\\/logo-bevilacqua-home.png\",\"contentUrl\":\"https:\\\/\\\/www.luigi-bevilacqua.com\\\/wp-content\\\/uploads\\\/2017\\\/04\\\/logo-bevilacqua-home.png\",\"width\":272,\"height\":156,\"caption\":\"Tessitura Luigi Bevilacqua\"},\"image\":{\"@id\":\"https:\\\/\\\/www.luigi-bevilacqua.com\\\/de\\\/#\\\/schema\\\/logo\\\/image\\\/\"},\"sameAs\":[\"https:\\\/\\\/www.facebook.com\\\/TessituraLuigiBevilacqua\",\"https:\\\/\\\/x.com\\\/tessiturebevilc\",\"https:\\\/\\\/www.instagram.com\\\/tessiturebevilacqua\\\/\",\"https:\\\/\\\/www.linkedin.com\\\/company\\\/bevilacqua\\\/\",\"https:\\\/\\\/it.pinterest.com\\\/luigibevilacqua\\\/\",\"https:\\\/\\\/www.youtube.com\\\/channel\\\/UCvKX4HKDdjyoJIztAzEekkQ\"]}]}<\/script>\n<!-- \/ Yoast SEO plugin. -->","yoast_head_json":{"title":"Grottesche 9135 Tapete - Tessitura Luigi Bevilaqua","robots":{"index":"index","follow":"follow","max-snippet":"max-snippet:-1","max-image-preview":"max-image-preview:large","max-video-preview":"max-video-preview:-1"},"canonical":"https:\/\/www.luigi-bevilacqua.com\/de\/produkt\/grottesche-9135s-tapete\/","og_locale":"de_DE","og_type":"article","og_title":"Grottesche 9135 Tapete - Tessitura Luigi Bevilaqua","og_description":"Ein Sprung in die Antike. Fantastische Figuren, Sphinxe und Blumengirlanden in symmetrischen Kompositionen von seltener Eleganz. Die reine Seide verleiht dem Raum eine schillernde Helligkeit und verwandelt die W\u00e4nde in ein modernes Fresko.  Verwendung: Ausgerichtete Verbindung, abwaschbar, gute Lichtechtheit, trocken abl\u00f6sbar, Klebstoff zum Auftragen auf die zu dekorierende Unterlage Verkaufseinheit: Meter Farbabstimmung: Es k\u00f6nnen geringf\u00fcgige Abweichungen zwischen den Chargen auftreten. Muster sind auf Anfrage erh\u00e4ltlich.","og_url":"https:\/\/www.luigi-bevilacqua.com\/de\/produkt\/grottesche-9135s-tapete\/","og_site_name":"Tessitura Luigi Bevilaqua","article_publisher":"https:\/\/www.facebook.com\/TessituraLuigiBevilacqua","article_modified_time":"2025-12-02T16:38:06+00:00","og_image":[{"width":1080,"height":1475,"url":"https:\/\/www.luigi-bevilacqua.com\/wp-content\/uploads\/2025\/08\/GROTTESCHE-717-9135s-REZZONICO.jpg","type":"image\/jpeg"}],"schema":{"@context":"https:\/\/schema.org","@graph":[{"@type":"WebPage","@id":"https:\/\/www.luigi-bevilacqua.com\/de\/produkt\/grottesche-9135s-tapete\/","url":"https:\/\/www.luigi-bevilacqua.com\/de\/produkt\/grottesche-9135s-tapete\/","name":"Grottesche 9135 Tapete - Tessitura Luigi Bevilaqua","isPartOf":{"@id":"https:\/\/www.luigi-bevilacqua.com\/de\/#website"},"primaryImageOfPage":{"@id":"https:\/\/www.luigi-bevilacqua.com\/de\/produkt\/grottesche-9135s-tapete\/#primaryimage"},"image":{"@id":"https:\/\/www.luigi-bevilacqua.com\/de\/produkt\/grottesche-9135s-tapete\/#primaryimage"},"thumbnailUrl":"https:\/\/www.luigi-bevilacqua.com\/wp-content\/uploads\/2025\/08\/GROTTESCHE-717-9135s-REZZONICO.jpg","datePublished":"2025-08-25T08:51:48+00:00","dateModified":"2025-12-02T16:38:06+00:00","breadcrumb":{"@id":"https:\/\/www.luigi-bevilacqua.com\/de\/produkt\/grottesche-9135s-tapete\/#breadcrumb"},"inLanguage":"de","potentialAction":[{"@type":"ReadAction","target":["https:\/\/www.luigi-bevilacqua.com\/de\/produkt\/grottesche-9135s-tapete\/"]}]},{"@type":"ImageObject","inLanguage":"de","@id":"https:\/\/www.luigi-bevilacqua.com\/de\/produkt\/grottesche-9135s-tapete\/#primaryimage","url":"https:\/\/www.luigi-bevilacqua.com\/wp-content\/uploads\/2025\/08\/GROTTESCHE-717-9135s-REZZONICO.jpg","contentUrl":"https:\/\/www.luigi-bevilacqua.com\/wp-content\/uploads\/2025\/08\/GROTTESCHE-717-9135s-REZZONICO.jpg","width":1080,"height":1475},{"@type":"BreadcrumbList","@id":"https:\/\/www.luigi-bevilacqua.com\/de\/produkt\/grottesche-9135s-tapete\/#breadcrumb","itemListElement":[{"@type":"ListItem","position":1,"name":"Home","item":"https:\/\/www.luigi-bevilacqua.com\/de\/"},{"@type":"ListItem","position":2,"name":"Prodotti","item":"https:\/\/www.luigi-bevilacqua.com\/prodotti\/"},{"@type":"ListItem","position":3,"name":"Grottesche 9135 Tapete"}]},{"@type":"WebSite","@id":"https:\/\/www.luigi-bevilacqua.com\/de\/#website","url":"https:\/\/www.luigi-bevilacqua.com\/de\/","name":"Tessitura Luigi Bevilaqua","description":"Tessitura Bevilacqua","publisher":{"@id":"https:\/\/www.luigi-bevilacqua.com\/de\/#organization"},"potentialAction":[{"@type":"SearchAction","target":{"@type":"EntryPoint","urlTemplate":"https:\/\/www.luigi-bevilacqua.com\/de\/?s={search_term_string}"},"query-input":{"@type":"PropertyValueSpecification","valueRequired":true,"valueName":"search_term_string"}}],"inLanguage":"de"},{"@type":"Organization","@id":"https:\/\/www.luigi-bevilacqua.com\/de\/#organization","name":"Tessitura Luigi Bevilacqua","url":"https:\/\/www.luigi-bevilacqua.com\/de\/","logo":{"@type":"ImageObject","inLanguage":"de","@id":"https:\/\/www.luigi-bevilacqua.com\/de\/#\/schema\/logo\/image\/","url":"https:\/\/www.luigi-bevilacqua.com\/wp-content\/uploads\/2017\/04\/logo-bevilacqua-home.png","contentUrl":"https:\/\/www.luigi-bevilacqua.com\/wp-content\/uploads\/2017\/04\/logo-bevilacqua-home.png","width":272,"height":156,"caption":"Tessitura Luigi Bevilacqua"},"image":{"@id":"https:\/\/www.luigi-bevilacqua.com\/de\/#\/schema\/logo\/image\/"},"sameAs":["https:\/\/www.facebook.com\/TessituraLuigiBevilacqua","https:\/\/x.com\/tessiturebevilc","https:\/\/www.instagram.com\/tessiturebevilacqua\/","https:\/\/www.linkedin.com\/company\/bevilacqua\/","https:\/\/it.pinterest.com\/luigibevilacqua\/","https:\/\/www.youtube.com\/channel\/UCvKX4HKDdjyoJIztAzEekkQ"]}]}},"_links":{"self":[{"href":"https:\/\/www.luigi-bevilacqua.com\/de\/wp-json\/wp\/v2\/product\/66702","targetHints":{"allow":["GET"]}}],"collection":[{"href":"https:\/\/www.luigi-bevilacqua.com\/de\/wp-json\/wp\/v2\/product"}],"about":[{"href":"https:\/\/www.luigi-bevilacqua.com\/de\/wp-json\/wp\/v2\/types\/product"}],"wp:featuredmedia":[{"embeddable":true,"href":"https:\/\/www.luigi-bevilacqua.com\/de\/wp-json\/wp\/v2\/media\/65402"}],"wp:attachment":[{"href":"https:\/\/www.luigi-bevilacqua.com\/de\/wp-json\/wp\/v2\/media?parent=66702"}],"wp:term":[{"taxonomy":"product_brand","embeddable":true,"href":"https:\/\/www.luigi-bevilacqua.com\/de\/wp-json\/wp\/v2\/product_brand?post=66702"},{"taxonomy":"product_cat","embeddable":true,"href":"https:\/\/www.luigi-bevilacqua.com\/de\/wp-json\/wp\/v2\/product_cat?post=66702"},{"taxonomy":"product_tag","embeddable":true,"href":"https:\/\/www.luigi-bevilacqua.com\/de\/wp-json\/wp\/v2\/product_tag?post=66702"}],"curies":[{"name":"wp","href":"https:\/\/api.w.org\/{rel}","templated":true}]}}