{"id":57505,"date":"2022-05-15T22:33:45","date_gmt":"2022-05-15T20:33:45","guid":{"rendered":"http:\/\/www.luigi-bevilacqua.com\/prodotto\/unito-026-schnittsamt\/"},"modified":"2024-10-24T13:28:08","modified_gmt":"2024-10-24T11:28:08","slug":"unito-026-schnittsamt","status":"publish","type":"product","link":"https:\/\/www.luigi-bevilacqua.com\/de\/produkt\/unito-026-schnittsamt\/","title":{"rendered":"Unito 350  SchnittSamt"},"content":{"rendered":"<table class=\"tabella-prodotto\">\n<tbody>\n<tr>\n<td>Produktcode<\/td>\n<td>350<\/td>\n<\/tr>\n<tr>\n<td>Typ<\/td>\n<td>Handgewebte Samte<\/td>\n<\/tr>\n<tr>\n<td>Zusammensetzung<\/td>\n<td>100% Seide<\/td>\n<\/tr>\n<tr>\n<td>H\u00f6he<\/td>\n<td>ca 52 cm<\/td>\n<\/tr>\n<\/tbody>\n<\/table>\n<span class=\"et_bloom_bottom_trigger\"><\/span>","protected":false},"excerpt":{"rendered":"<p>Der Samt &#8222;Unito&#8220; wird auf Webst\u00fchlen aus dem 18. Jahrhundert von Hand gewebt, was ihn so wertvoll macht und jedes St\u00fcck zu einem Unikat werden l\u00e4sst. Der weiche, schillernde Seidenflor ist das Ergebnis einer langsamen und geduldigen Handwerkskunst.<\/p>\n","protected":false},"featured_media":51938,"template":"","meta":{"_et_pb_use_builder":"","_et_pb_old_content":"","_et_gb_content_width":""},"product_brand":[],"product_cat":[846,850],"product_tag":[],"class_list":{"0":"post-57505","1":"product","2":"type-product","3":"status-publish","4":"has-post-thumbnail","6":"product_cat-gewebe","7":"product_cat-handgewebte-samte","9":"first","10":"instock","11":"shipping-taxable","12":"purchasable","13":"product-type-variable","14":"wvs-archive-product-wrapper"},"yoast_head":"<!-- This site is optimized with the Yoast SEO plugin v27.4 - https:\/\/yoast.com\/product\/yoast-seo-wordpress\/ -->\n<title>Unito 350 SchnittSamt - Tessitura Luigi Bevilaqua<\/title>\n<meta name=\"robots\" content=\"index, follow, max-snippet:-1, max-image-preview:large, max-video-preview:-1\" \/>\n<link rel=\"canonical\" href=\"https:\/\/www.luigi-bevilacqua.com\/de\/produkt\/unito-026-schnittsamt\/\" \/>\n<meta property=\"og:locale\" content=\"de_DE\" \/>\n<meta property=\"og:type\" content=\"article\" \/>\n<meta property=\"og:title\" content=\"Unito 350 SchnittSamt - Tessitura Luigi Bevilaqua\" \/>\n<meta property=\"og:description\" content=\"Der Samt &quot;Unito&quot; wird auf Webst\u00fchlen aus dem 18. Jahrhundert von Hand gewebt, was ihn so wertvoll macht und jedes St\u00fcck zu einem Unikat werden l\u00e4sst. Der weiche, schillernde Seidenflor ist das Ergebnis einer langsamen und geduldigen Handwerkskunst.\" \/>\n<meta property=\"og:url\" content=\"https:\/\/www.luigi-bevilacqua.com\/de\/produkt\/unito-026-schnittsamt\/\" \/>\n<meta property=\"og:site_name\" content=\"Tessitura Luigi Bevilaqua\" \/>\n<meta property=\"article:publisher\" content=\"https:\/\/www.facebook.com\/TessituraLuigiBevilacqua\" \/>\n<meta property=\"article:modified_time\" content=\"2024-10-24T11:28:08+00:00\" \/>\n<meta property=\"og:image\" content=\"https:\/\/www.luigi-bevilacqua.com\/wp-content\/uploads\/2022\/05\/026_UNITO-velluto-tagliato-unito-rosso.jpg\" \/>\n\t<meta property=\"og:image:width\" content=\"1080\" \/>\n\t<meta property=\"og:image:height\" content=\"794\" \/>\n\t<meta property=\"og:image:type\" content=\"image\/jpeg\" \/>\n<script type=\"application\/ld+json\" class=\"yoast-schema-graph\">{\"@context\":\"https:\\\/\\\/schema.org\",\"@graph\":[{\"@type\":\"WebPage\",\"@id\":\"https:\\\/\\\/www.luigi-bevilacqua.com\\\/de\\\/produkt\\\/unito-026-schnittsamt\\\/\",\"url\":\"https:\\\/\\\/www.luigi-bevilacqua.com\\\/de\\\/produkt\\\/unito-026-schnittsamt\\\/\",\"name\":\"Unito 350 SchnittSamt - Tessitura Luigi Bevilaqua\",\"isPartOf\":{\"@id\":\"https:\\\/\\\/www.luigi-bevilacqua.com\\\/de\\\/#website\"},\"primaryImageOfPage\":{\"@id\":\"https:\\\/\\\/www.luigi-bevilacqua.com\\\/de\\\/produkt\\\/unito-026-schnittsamt\\\/#primaryimage\"},\"image\":{\"@id\":\"https:\\\/\\\/www.luigi-bevilacqua.com\\\/de\\\/produkt\\\/unito-026-schnittsamt\\\/#primaryimage\"},\"thumbnailUrl\":\"https:\\\/\\\/www.luigi-bevilacqua.com\\\/wp-content\\\/uploads\\\/2022\\\/05\\\/026_UNITO-velluto-tagliato-unito-rosso.jpg\",\"datePublished\":\"2022-05-15T20:33:45+00:00\",\"dateModified\":\"2024-10-24T11:28:08+00:00\",\"breadcrumb\":{\"@id\":\"https:\\\/\\\/www.luigi-bevilacqua.com\\\/de\\\/produkt\\\/unito-026-schnittsamt\\\/#breadcrumb\"},\"inLanguage\":\"de\",\"potentialAction\":[{\"@type\":\"ReadAction\",\"target\":[\"https:\\\/\\\/www.luigi-bevilacqua.com\\\/de\\\/produkt\\\/unito-026-schnittsamt\\\/\"]}]},{\"@type\":\"ImageObject\",\"inLanguage\":\"de\",\"@id\":\"https:\\\/\\\/www.luigi-bevilacqua.com\\\/de\\\/produkt\\\/unito-026-schnittsamt\\\/#primaryimage\",\"url\":\"https:\\\/\\\/www.luigi-bevilacqua.com\\\/wp-content\\\/uploads\\\/2022\\\/05\\\/026_UNITO-velluto-tagliato-unito-rosso.jpg\",\"contentUrl\":\"https:\\\/\\\/www.luigi-bevilacqua.com\\\/wp-content\\\/uploads\\\/2022\\\/05\\\/026_UNITO-velluto-tagliato-unito-rosso.jpg\",\"width\":1080,\"height\":794},{\"@type\":\"BreadcrumbList\",\"@id\":\"https:\\\/\\\/www.luigi-bevilacqua.com\\\/de\\\/produkt\\\/unito-026-schnittsamt\\\/#breadcrumb\",\"itemListElement\":[{\"@type\":\"ListItem\",\"position\":1,\"name\":\"Home\",\"item\":\"https:\\\/\\\/www.luigi-bevilacqua.com\\\/de\\\/\"},{\"@type\":\"ListItem\",\"position\":2,\"name\":\"Prodotti\",\"item\":\"https:\\\/\\\/www.luigi-bevilacqua.com\\\/prodotti\\\/\"},{\"@type\":\"ListItem\",\"position\":3,\"name\":\"Unito 350 SchnittSamt\"}]},{\"@type\":\"WebSite\",\"@id\":\"https:\\\/\\\/www.luigi-bevilacqua.com\\\/de\\\/#website\",\"url\":\"https:\\\/\\\/www.luigi-bevilacqua.com\\\/de\\\/\",\"name\":\"Tessitura Luigi Bevilaqua\",\"description\":\"Tessitura Bevilacqua\",\"publisher\":{\"@id\":\"https:\\\/\\\/www.luigi-bevilacqua.com\\\/de\\\/#organization\"},\"potentialAction\":[{\"@type\":\"SearchAction\",\"target\":{\"@type\":\"EntryPoint\",\"urlTemplate\":\"https:\\\/\\\/www.luigi-bevilacqua.com\\\/de\\\/?s={search_term_string}\"},\"query-input\":{\"@type\":\"PropertyValueSpecification\",\"valueRequired\":true,\"valueName\":\"search_term_string\"}}],\"inLanguage\":\"de\"},{\"@type\":\"Organization\",\"@id\":\"https:\\\/\\\/www.luigi-bevilacqua.com\\\/de\\\/#organization\",\"name\":\"Tessitura Luigi Bevilacqua\",\"url\":\"https:\\\/\\\/www.luigi-bevilacqua.com\\\/de\\\/\",\"logo\":{\"@type\":\"ImageObject\",\"inLanguage\":\"de\",\"@id\":\"https:\\\/\\\/www.luigi-bevilacqua.com\\\/de\\\/#\\\/schema\\\/logo\\\/image\\\/\",\"url\":\"https:\\\/\\\/www.luigi-bevilacqua.com\\\/wp-content\\\/uploads\\\/2017\\\/04\\\/logo-bevilacqua-home.png\",\"contentUrl\":\"https:\\\/\\\/www.luigi-bevilacqua.com\\\/wp-content\\\/uploads\\\/2017\\\/04\\\/logo-bevilacqua-home.png\",\"width\":272,\"height\":156,\"caption\":\"Tessitura Luigi Bevilacqua\"},\"image\":{\"@id\":\"https:\\\/\\\/www.luigi-bevilacqua.com\\\/de\\\/#\\\/schema\\\/logo\\\/image\\\/\"},\"sameAs\":[\"https:\\\/\\\/www.facebook.com\\\/TessituraLuigiBevilacqua\",\"https:\\\/\\\/x.com\\\/tessiturebevilc\",\"https:\\\/\\\/www.instagram.com\\\/tessiturebevilacqua\\\/\",\"https:\\\/\\\/www.linkedin.com\\\/company\\\/bevilacqua\\\/\",\"https:\\\/\\\/it.pinterest.com\\\/luigibevilacqua\\\/\",\"https:\\\/\\\/www.youtube.com\\\/channel\\\/UCvKX4HKDdjyoJIztAzEekkQ\"]}]}<\/script>\n<!-- \/ Yoast SEO plugin. -->","yoast_head_json":{"title":"Unito 350 SchnittSamt - Tessitura Luigi Bevilaqua","robots":{"index":"index","follow":"follow","max-snippet":"max-snippet:-1","max-image-preview":"max-image-preview:large","max-video-preview":"max-video-preview:-1"},"canonical":"https:\/\/www.luigi-bevilacqua.com\/de\/produkt\/unito-026-schnittsamt\/","og_locale":"de_DE","og_type":"article","og_title":"Unito 350 SchnittSamt - Tessitura Luigi Bevilaqua","og_description":"Der Samt \"Unito\" wird auf Webst\u00fchlen aus dem 18. Jahrhundert von Hand gewebt, was ihn so wertvoll macht und jedes St\u00fcck zu einem Unikat werden l\u00e4sst. Der weiche, schillernde Seidenflor ist das Ergebnis einer langsamen und geduldigen Handwerkskunst.","og_url":"https:\/\/www.luigi-bevilacqua.com\/de\/produkt\/unito-026-schnittsamt\/","og_site_name":"Tessitura Luigi Bevilaqua","article_publisher":"https:\/\/www.facebook.com\/TessituraLuigiBevilacqua","article_modified_time":"2024-10-24T11:28:08+00:00","og_image":[{"width":1080,"height":794,"url":"https:\/\/www.luigi-bevilacqua.com\/wp-content\/uploads\/2022\/05\/026_UNITO-velluto-tagliato-unito-rosso.jpg","type":"image\/jpeg"}],"schema":{"@context":"https:\/\/schema.org","@graph":[{"@type":"WebPage","@id":"https:\/\/www.luigi-bevilacqua.com\/de\/produkt\/unito-026-schnittsamt\/","url":"https:\/\/www.luigi-bevilacqua.com\/de\/produkt\/unito-026-schnittsamt\/","name":"Unito 350 SchnittSamt - Tessitura Luigi Bevilaqua","isPartOf":{"@id":"https:\/\/www.luigi-bevilacqua.com\/de\/#website"},"primaryImageOfPage":{"@id":"https:\/\/www.luigi-bevilacqua.com\/de\/produkt\/unito-026-schnittsamt\/#primaryimage"},"image":{"@id":"https:\/\/www.luigi-bevilacqua.com\/de\/produkt\/unito-026-schnittsamt\/#primaryimage"},"thumbnailUrl":"https:\/\/www.luigi-bevilacqua.com\/wp-content\/uploads\/2022\/05\/026_UNITO-velluto-tagliato-unito-rosso.jpg","datePublished":"2022-05-15T20:33:45+00:00","dateModified":"2024-10-24T11:28:08+00:00","breadcrumb":{"@id":"https:\/\/www.luigi-bevilacqua.com\/de\/produkt\/unito-026-schnittsamt\/#breadcrumb"},"inLanguage":"de","potentialAction":[{"@type":"ReadAction","target":["https:\/\/www.luigi-bevilacqua.com\/de\/produkt\/unito-026-schnittsamt\/"]}]},{"@type":"ImageObject","inLanguage":"de","@id":"https:\/\/www.luigi-bevilacqua.com\/de\/produkt\/unito-026-schnittsamt\/#primaryimage","url":"https:\/\/www.luigi-bevilacqua.com\/wp-content\/uploads\/2022\/05\/026_UNITO-velluto-tagliato-unito-rosso.jpg","contentUrl":"https:\/\/www.luigi-bevilacqua.com\/wp-content\/uploads\/2022\/05\/026_UNITO-velluto-tagliato-unito-rosso.jpg","width":1080,"height":794},{"@type":"BreadcrumbList","@id":"https:\/\/www.luigi-bevilacqua.com\/de\/produkt\/unito-026-schnittsamt\/#breadcrumb","itemListElement":[{"@type":"ListItem","position":1,"name":"Home","item":"https:\/\/www.luigi-bevilacqua.com\/de\/"},{"@type":"ListItem","position":2,"name":"Prodotti","item":"https:\/\/www.luigi-bevilacqua.com\/prodotti\/"},{"@type":"ListItem","position":3,"name":"Unito 350 SchnittSamt"}]},{"@type":"WebSite","@id":"https:\/\/www.luigi-bevilacqua.com\/de\/#website","url":"https:\/\/www.luigi-bevilacqua.com\/de\/","name":"Tessitura Luigi Bevilaqua","description":"Tessitura Bevilacqua","publisher":{"@id":"https:\/\/www.luigi-bevilacqua.com\/de\/#organization"},"potentialAction":[{"@type":"SearchAction","target":{"@type":"EntryPoint","urlTemplate":"https:\/\/www.luigi-bevilacqua.com\/de\/?s={search_term_string}"},"query-input":{"@type":"PropertyValueSpecification","valueRequired":true,"valueName":"search_term_string"}}],"inLanguage":"de"},{"@type":"Organization","@id":"https:\/\/www.luigi-bevilacqua.com\/de\/#organization","name":"Tessitura Luigi Bevilacqua","url":"https:\/\/www.luigi-bevilacqua.com\/de\/","logo":{"@type":"ImageObject","inLanguage":"de","@id":"https:\/\/www.luigi-bevilacqua.com\/de\/#\/schema\/logo\/image\/","url":"https:\/\/www.luigi-bevilacqua.com\/wp-content\/uploads\/2017\/04\/logo-bevilacqua-home.png","contentUrl":"https:\/\/www.luigi-bevilacqua.com\/wp-content\/uploads\/2017\/04\/logo-bevilacqua-home.png","width":272,"height":156,"caption":"Tessitura Luigi Bevilacqua"},"image":{"@id":"https:\/\/www.luigi-bevilacqua.com\/de\/#\/schema\/logo\/image\/"},"sameAs":["https:\/\/www.facebook.com\/TessituraLuigiBevilacqua","https:\/\/x.com\/tessiturebevilc","https:\/\/www.instagram.com\/tessiturebevilacqua\/","https:\/\/www.linkedin.com\/company\/bevilacqua\/","https:\/\/it.pinterest.com\/luigibevilacqua\/","https:\/\/www.youtube.com\/channel\/UCvKX4HKDdjyoJIztAzEekkQ"]}]}},"_links":{"self":[{"href":"https:\/\/www.luigi-bevilacqua.com\/de\/wp-json\/wp\/v2\/product\/57505","targetHints":{"allow":["GET"]}}],"collection":[{"href":"https:\/\/www.luigi-bevilacqua.com\/de\/wp-json\/wp\/v2\/product"}],"about":[{"href":"https:\/\/www.luigi-bevilacqua.com\/de\/wp-json\/wp\/v2\/types\/product"}],"wp:featuredmedia":[{"embeddable":true,"href":"https:\/\/www.luigi-bevilacqua.com\/de\/wp-json\/wp\/v2\/media\/51938"}],"wp:attachment":[{"href":"https:\/\/www.luigi-bevilacqua.com\/de\/wp-json\/wp\/v2\/media?parent=57505"}],"wp:term":[{"taxonomy":"product_brand","embeddable":true,"href":"https:\/\/www.luigi-bevilacqua.com\/de\/wp-json\/wp\/v2\/product_brand?post=57505"},{"taxonomy":"product_cat","embeddable":true,"href":"https:\/\/www.luigi-bevilacqua.com\/de\/wp-json\/wp\/v2\/product_cat?post=57505"},{"taxonomy":"product_tag","embeddable":true,"href":"https:\/\/www.luigi-bevilacqua.com\/de\/wp-json\/wp\/v2\/product_tag?post=57505"}],"curies":[{"name":"wp","href":"https:\/\/api.w.org\/{rel}","templated":true}]}}