{"id":57486,"date":"2022-05-15T22:33:39","date_gmt":"2022-05-15T20:33:39","guid":{"rendered":"http:\/\/www.luigi-bevilacqua.com\/prodotto\/ornato-3741-o1-soprarizzo-samt\/"},"modified":"2022-05-15T22:33:39","modified_gmt":"2022-05-15T20:33:39","slug":"ornato-3741-o1-soprarizzo-samt","status":"publish","type":"product","link":"https:\/\/www.luigi-bevilacqua.com\/de\/produkt\/ornato-3741-o1-soprarizzo-samt\/","title":{"rendered":"Ornato 3741-O1 Soprarizzo Samt"},"content":{"rendered":"<table class=\"tabella-prodotto\">\n<tbody>\n<tr>\n<td>Produktcode<\/td>\n<td>3741-O1<\/td>\n<\/tr>\n<tr>\n<td>Typ<\/td>\n<td>Handgewebte Samte<\/td>\n<\/tr>\n<tr>\n<td>Zusammensetzung<\/td>\n<td>Flor 100% Seide, Grundgewebe 100% Baumwolle<\/td>\n<\/tr>\n<tr>\n<td>H\u00f6he<\/td>\n<td>ca 60 cm<\/td>\n<\/tr>\n<tr>\n<td>Rapport<\/td>\n<td>ca 58 cm<\/td>\n<\/tr>\n<tr>\n<td>Historischer Zeitraum<\/td>\n<td>17. Jahrhundert<\/td>\n<\/tr>\n<\/tbody>\n<\/table>\n<span class=\"et_bloom_bottom_trigger\"><\/span>","protected":false},"excerpt":{"rendered":"<p>Der Soprarizzo-Samt Ornato wird mit Webst\u00fchlen aus dem 18. Jahrhundert handgefertigt. Durch die besondere Verarbeitung entsteht ein Motiv, das an franz\u00f6sische Stoffe aus dem 17. Jahrhundert erinnert, mit gro\u00dfen geschwungenen Akanthusbl\u00e4ttern, die einen Triumph von Blumen einrahmen.<\/p>\n","protected":false},"featured_media":51978,"template":"","meta":{"_et_pb_use_builder":"","_et_pb_old_content":"","_et_gb_content_width":""},"product_brand":[],"product_cat":[846,850],"product_tag":[],"class_list":{"0":"post-57486","1":"product","2":"type-product","3":"status-publish","4":"has-post-thumbnail","6":"product_cat-gewebe","7":"product_cat-handgewebte-samte","9":"first","10":"instock","11":"shipping-taxable","12":"purchasable","13":"product-type-variable","14":"wvs-archive-product-wrapper"},"yoast_head":"<!-- This site is optimized with the Yoast SEO plugin v27.4 - https:\/\/yoast.com\/product\/yoast-seo-wordpress\/ -->\n<title>Ornato 3741-O1 Soprarizzo Samt - Tessitura Luigi Bevilaqua<\/title>\n<meta name=\"robots\" content=\"index, follow, max-snippet:-1, max-image-preview:large, max-video-preview:-1\" \/>\n<link rel=\"canonical\" href=\"https:\/\/www.luigi-bevilacqua.com\/de\/produkt\/ornato-3741-o1-soprarizzo-samt\/\" \/>\n<meta property=\"og:locale\" content=\"de_DE\" \/>\n<meta property=\"og:type\" content=\"article\" \/>\n<meta property=\"og:title\" content=\"Ornato 3741-O1 Soprarizzo Samt - Tessitura Luigi Bevilaqua\" \/>\n<meta property=\"og:description\" content=\"Der Soprarizzo-Samt Ornato wird mit Webst\u00fchlen aus dem 18. Jahrhundert handgefertigt. Durch die besondere Verarbeitung entsteht ein Motiv, das an franz\u00f6sische Stoffe aus dem 17. Jahrhundert erinnert, mit gro\u00dfen geschwungenen Akanthusbl\u00e4ttern, die einen Triumph von Blumen einrahmen.\" \/>\n<meta property=\"og:url\" content=\"https:\/\/www.luigi-bevilacqua.com\/de\/produkt\/ornato-3741-o1-soprarizzo-samt\/\" \/>\n<meta property=\"og:site_name\" content=\"Tessitura Luigi Bevilaqua\" \/>\n<meta property=\"article:publisher\" content=\"https:\/\/www.facebook.com\/TessituraLuigiBevilacqua\" \/>\n<meta property=\"og:image\" content=\"https:\/\/www.luigi-bevilacqua.com\/wp-content\/uploads\/2023\/01\/027-3741-O1-velluto-soprarizzo-_ornato_-bordeaux-lame-dorato.jpg\" \/>\n\t<meta property=\"og:image:width\" content=\"1080\" \/>\n\t<meta property=\"og:image:height\" content=\"1030\" \/>\n\t<meta property=\"og:image:type\" content=\"image\/jpeg\" \/>\n<script type=\"application\/ld+json\" class=\"yoast-schema-graph\">{\"@context\":\"https:\\\/\\\/schema.org\",\"@graph\":[{\"@type\":\"WebPage\",\"@id\":\"https:\\\/\\\/www.luigi-bevilacqua.com\\\/de\\\/produkt\\\/ornato-3741-o1-soprarizzo-samt\\\/\",\"url\":\"https:\\\/\\\/www.luigi-bevilacqua.com\\\/de\\\/produkt\\\/ornato-3741-o1-soprarizzo-samt\\\/\",\"name\":\"Ornato 3741-O1 Soprarizzo Samt - Tessitura Luigi Bevilaqua\",\"isPartOf\":{\"@id\":\"https:\\\/\\\/www.luigi-bevilacqua.com\\\/de\\\/#website\"},\"primaryImageOfPage\":{\"@id\":\"https:\\\/\\\/www.luigi-bevilacqua.com\\\/de\\\/produkt\\\/ornato-3741-o1-soprarizzo-samt\\\/#primaryimage\"},\"image\":{\"@id\":\"https:\\\/\\\/www.luigi-bevilacqua.com\\\/de\\\/produkt\\\/ornato-3741-o1-soprarizzo-samt\\\/#primaryimage\"},\"thumbnailUrl\":\"https:\\\/\\\/www.luigi-bevilacqua.com\\\/wp-content\\\/uploads\\\/2023\\\/01\\\/027-3741-O1-velluto-soprarizzo-_ornato_-bordeaux-lame-dorato.jpg\",\"datePublished\":\"2022-05-15T20:33:39+00:00\",\"breadcrumb\":{\"@id\":\"https:\\\/\\\/www.luigi-bevilacqua.com\\\/de\\\/produkt\\\/ornato-3741-o1-soprarizzo-samt\\\/#breadcrumb\"},\"inLanguage\":\"de\",\"potentialAction\":[{\"@type\":\"ReadAction\",\"target\":[\"https:\\\/\\\/www.luigi-bevilacqua.com\\\/de\\\/produkt\\\/ornato-3741-o1-soprarizzo-samt\\\/\"]}]},{\"@type\":\"ImageObject\",\"inLanguage\":\"de\",\"@id\":\"https:\\\/\\\/www.luigi-bevilacqua.com\\\/de\\\/produkt\\\/ornato-3741-o1-soprarizzo-samt\\\/#primaryimage\",\"url\":\"https:\\\/\\\/www.luigi-bevilacqua.com\\\/wp-content\\\/uploads\\\/2023\\\/01\\\/027-3741-O1-velluto-soprarizzo-_ornato_-bordeaux-lame-dorato.jpg\",\"contentUrl\":\"https:\\\/\\\/www.luigi-bevilacqua.com\\\/wp-content\\\/uploads\\\/2023\\\/01\\\/027-3741-O1-velluto-soprarizzo-_ornato_-bordeaux-lame-dorato.jpg\",\"width\":1080,\"height\":1030},{\"@type\":\"BreadcrumbList\",\"@id\":\"https:\\\/\\\/www.luigi-bevilacqua.com\\\/de\\\/produkt\\\/ornato-3741-o1-soprarizzo-samt\\\/#breadcrumb\",\"itemListElement\":[{\"@type\":\"ListItem\",\"position\":1,\"name\":\"Home\",\"item\":\"https:\\\/\\\/www.luigi-bevilacqua.com\\\/de\\\/\"},{\"@type\":\"ListItem\",\"position\":2,\"name\":\"Prodotti\",\"item\":\"https:\\\/\\\/www.luigi-bevilacqua.com\\\/prodotti\\\/\"},{\"@type\":\"ListItem\",\"position\":3,\"name\":\"Ornato 3741-O1 Soprarizzo Samt\"}]},{\"@type\":\"WebSite\",\"@id\":\"https:\\\/\\\/www.luigi-bevilacqua.com\\\/de\\\/#website\",\"url\":\"https:\\\/\\\/www.luigi-bevilacqua.com\\\/de\\\/\",\"name\":\"Tessitura Luigi Bevilaqua\",\"description\":\"Tessitura Bevilacqua\",\"publisher\":{\"@id\":\"https:\\\/\\\/www.luigi-bevilacqua.com\\\/de\\\/#organization\"},\"potentialAction\":[{\"@type\":\"SearchAction\",\"target\":{\"@type\":\"EntryPoint\",\"urlTemplate\":\"https:\\\/\\\/www.luigi-bevilacqua.com\\\/de\\\/?s={search_term_string}\"},\"query-input\":{\"@type\":\"PropertyValueSpecification\",\"valueRequired\":true,\"valueName\":\"search_term_string\"}}],\"inLanguage\":\"de\"},{\"@type\":\"Organization\",\"@id\":\"https:\\\/\\\/www.luigi-bevilacqua.com\\\/de\\\/#organization\",\"name\":\"Tessitura Luigi Bevilacqua\",\"url\":\"https:\\\/\\\/www.luigi-bevilacqua.com\\\/de\\\/\",\"logo\":{\"@type\":\"ImageObject\",\"inLanguage\":\"de\",\"@id\":\"https:\\\/\\\/www.luigi-bevilacqua.com\\\/de\\\/#\\\/schema\\\/logo\\\/image\\\/\",\"url\":\"https:\\\/\\\/www.luigi-bevilacqua.com\\\/wp-content\\\/uploads\\\/2017\\\/04\\\/logo-bevilacqua-home.png\",\"contentUrl\":\"https:\\\/\\\/www.luigi-bevilacqua.com\\\/wp-content\\\/uploads\\\/2017\\\/04\\\/logo-bevilacqua-home.png\",\"width\":272,\"height\":156,\"caption\":\"Tessitura Luigi Bevilacqua\"},\"image\":{\"@id\":\"https:\\\/\\\/www.luigi-bevilacqua.com\\\/de\\\/#\\\/schema\\\/logo\\\/image\\\/\"},\"sameAs\":[\"https:\\\/\\\/www.facebook.com\\\/TessituraLuigiBevilacqua\",\"https:\\\/\\\/x.com\\\/tessiturebevilc\",\"https:\\\/\\\/www.instagram.com\\\/tessiturebevilacqua\\\/\",\"https:\\\/\\\/www.linkedin.com\\\/company\\\/bevilacqua\\\/\",\"https:\\\/\\\/it.pinterest.com\\\/luigibevilacqua\\\/\",\"https:\\\/\\\/www.youtube.com\\\/channel\\\/UCvKX4HKDdjyoJIztAzEekkQ\"]}]}<\/script>\n<!-- \/ Yoast SEO plugin. -->","yoast_head_json":{"title":"Ornato 3741-O1 Soprarizzo Samt - Tessitura Luigi Bevilaqua","robots":{"index":"index","follow":"follow","max-snippet":"max-snippet:-1","max-image-preview":"max-image-preview:large","max-video-preview":"max-video-preview:-1"},"canonical":"https:\/\/www.luigi-bevilacqua.com\/de\/produkt\/ornato-3741-o1-soprarizzo-samt\/","og_locale":"de_DE","og_type":"article","og_title":"Ornato 3741-O1 Soprarizzo Samt - Tessitura Luigi Bevilaqua","og_description":"Der Soprarizzo-Samt Ornato wird mit Webst\u00fchlen aus dem 18. Jahrhundert handgefertigt. Durch die besondere Verarbeitung entsteht ein Motiv, das an franz\u00f6sische Stoffe aus dem 17. Jahrhundert erinnert, mit gro\u00dfen geschwungenen Akanthusbl\u00e4ttern, die einen Triumph von Blumen einrahmen.","og_url":"https:\/\/www.luigi-bevilacqua.com\/de\/produkt\/ornato-3741-o1-soprarizzo-samt\/","og_site_name":"Tessitura Luigi Bevilaqua","article_publisher":"https:\/\/www.facebook.com\/TessituraLuigiBevilacqua","og_image":[{"width":1080,"height":1030,"url":"https:\/\/www.luigi-bevilacqua.com\/wp-content\/uploads\/2023\/01\/027-3741-O1-velluto-soprarizzo-_ornato_-bordeaux-lame-dorato.jpg","type":"image\/jpeg"}],"schema":{"@context":"https:\/\/schema.org","@graph":[{"@type":"WebPage","@id":"https:\/\/www.luigi-bevilacqua.com\/de\/produkt\/ornato-3741-o1-soprarizzo-samt\/","url":"https:\/\/www.luigi-bevilacqua.com\/de\/produkt\/ornato-3741-o1-soprarizzo-samt\/","name":"Ornato 3741-O1 Soprarizzo Samt - Tessitura Luigi Bevilaqua","isPartOf":{"@id":"https:\/\/www.luigi-bevilacqua.com\/de\/#website"},"primaryImageOfPage":{"@id":"https:\/\/www.luigi-bevilacqua.com\/de\/produkt\/ornato-3741-o1-soprarizzo-samt\/#primaryimage"},"image":{"@id":"https:\/\/www.luigi-bevilacqua.com\/de\/produkt\/ornato-3741-o1-soprarizzo-samt\/#primaryimage"},"thumbnailUrl":"https:\/\/www.luigi-bevilacqua.com\/wp-content\/uploads\/2023\/01\/027-3741-O1-velluto-soprarizzo-_ornato_-bordeaux-lame-dorato.jpg","datePublished":"2022-05-15T20:33:39+00:00","breadcrumb":{"@id":"https:\/\/www.luigi-bevilacqua.com\/de\/produkt\/ornato-3741-o1-soprarizzo-samt\/#breadcrumb"},"inLanguage":"de","potentialAction":[{"@type":"ReadAction","target":["https:\/\/www.luigi-bevilacqua.com\/de\/produkt\/ornato-3741-o1-soprarizzo-samt\/"]}]},{"@type":"ImageObject","inLanguage":"de","@id":"https:\/\/www.luigi-bevilacqua.com\/de\/produkt\/ornato-3741-o1-soprarizzo-samt\/#primaryimage","url":"https:\/\/www.luigi-bevilacqua.com\/wp-content\/uploads\/2023\/01\/027-3741-O1-velluto-soprarizzo-_ornato_-bordeaux-lame-dorato.jpg","contentUrl":"https:\/\/www.luigi-bevilacqua.com\/wp-content\/uploads\/2023\/01\/027-3741-O1-velluto-soprarizzo-_ornato_-bordeaux-lame-dorato.jpg","width":1080,"height":1030},{"@type":"BreadcrumbList","@id":"https:\/\/www.luigi-bevilacqua.com\/de\/produkt\/ornato-3741-o1-soprarizzo-samt\/#breadcrumb","itemListElement":[{"@type":"ListItem","position":1,"name":"Home","item":"https:\/\/www.luigi-bevilacqua.com\/de\/"},{"@type":"ListItem","position":2,"name":"Prodotti","item":"https:\/\/www.luigi-bevilacqua.com\/prodotti\/"},{"@type":"ListItem","position":3,"name":"Ornato 3741-O1 Soprarizzo Samt"}]},{"@type":"WebSite","@id":"https:\/\/www.luigi-bevilacqua.com\/de\/#website","url":"https:\/\/www.luigi-bevilacqua.com\/de\/","name":"Tessitura Luigi Bevilaqua","description":"Tessitura Bevilacqua","publisher":{"@id":"https:\/\/www.luigi-bevilacqua.com\/de\/#organization"},"potentialAction":[{"@type":"SearchAction","target":{"@type":"EntryPoint","urlTemplate":"https:\/\/www.luigi-bevilacqua.com\/de\/?s={search_term_string}"},"query-input":{"@type":"PropertyValueSpecification","valueRequired":true,"valueName":"search_term_string"}}],"inLanguage":"de"},{"@type":"Organization","@id":"https:\/\/www.luigi-bevilacqua.com\/de\/#organization","name":"Tessitura Luigi Bevilacqua","url":"https:\/\/www.luigi-bevilacqua.com\/de\/","logo":{"@type":"ImageObject","inLanguage":"de","@id":"https:\/\/www.luigi-bevilacqua.com\/de\/#\/schema\/logo\/image\/","url":"https:\/\/www.luigi-bevilacqua.com\/wp-content\/uploads\/2017\/04\/logo-bevilacqua-home.png","contentUrl":"https:\/\/www.luigi-bevilacqua.com\/wp-content\/uploads\/2017\/04\/logo-bevilacqua-home.png","width":272,"height":156,"caption":"Tessitura Luigi Bevilacqua"},"image":{"@id":"https:\/\/www.luigi-bevilacqua.com\/de\/#\/schema\/logo\/image\/"},"sameAs":["https:\/\/www.facebook.com\/TessituraLuigiBevilacqua","https:\/\/x.com\/tessiturebevilc","https:\/\/www.instagram.com\/tessiturebevilacqua\/","https:\/\/www.linkedin.com\/company\/bevilacqua\/","https:\/\/it.pinterest.com\/luigibevilacqua\/","https:\/\/www.youtube.com\/channel\/UCvKX4HKDdjyoJIztAzEekkQ"]}]}},"_links":{"self":[{"href":"https:\/\/www.luigi-bevilacqua.com\/de\/wp-json\/wp\/v2\/product\/57486","targetHints":{"allow":["GET"]}}],"collection":[{"href":"https:\/\/www.luigi-bevilacqua.com\/de\/wp-json\/wp\/v2\/product"}],"about":[{"href":"https:\/\/www.luigi-bevilacqua.com\/de\/wp-json\/wp\/v2\/types\/product"}],"wp:featuredmedia":[{"embeddable":true,"href":"https:\/\/www.luigi-bevilacqua.com\/de\/wp-json\/wp\/v2\/media\/51978"}],"wp:attachment":[{"href":"https:\/\/www.luigi-bevilacqua.com\/de\/wp-json\/wp\/v2\/media?parent=57486"}],"wp:term":[{"taxonomy":"product_brand","embeddable":true,"href":"https:\/\/www.luigi-bevilacqua.com\/de\/wp-json\/wp\/v2\/product_brand?post=57486"},{"taxonomy":"product_cat","embeddable":true,"href":"https:\/\/www.luigi-bevilacqua.com\/de\/wp-json\/wp\/v2\/product_cat?post=57486"},{"taxonomy":"product_tag","embeddable":true,"href":"https:\/\/www.luigi-bevilacqua.com\/de\/wp-json\/wp\/v2\/product_tag?post=57486"}],"curies":[{"name":"wp","href":"https:\/\/api.w.org\/{rel}","templated":true}]}}