{"id":50697,"date":"2022-05-15T22:34:12","date_gmt":"2022-05-15T20:34:12","guid":{"rendered":"http:\/\/www.luigi-bevilacqua.com\/prodotto\/ca-doro-3283s-litzensamt\/"},"modified":"2023-08-21T12:27:47","modified_gmt":"2023-08-21T10:27:47","slug":"ca-doro-3283s-litzensamt","status":"publish","type":"product","link":"https:\/\/www.luigi-bevilacqua.com\/de\/produkt\/ca-doro-3283s-litzensamt\/","title":{"rendered":"Ca&#8216; d&#8217;Oro 3283S Litzensamt"},"content":{"rendered":"<table class='tabella-prodotto'>\n<tbody>\n<tr>\n<td>Produktcode<\/td>\n<td>3283S<\/td>\n<\/tr>\n<tr>\n<td>Typ<\/td>\n<td>Samtstoffe, Litzensamte<\/td>\n<\/tr>\n<tr>\n<td>Zusammensetzung<\/td>\n<td>38%Baumwolle 62%Seide<\/td>\n<\/tr>\n<tr>\n<td>H\u00f6he<\/td>\n<td>130 cm<\/td>\n<\/tr>\n<tr>\n<td>Rapport<\/td>\n<td>30 cm<\/td>\n<\/tr>\n<tr>\n<td>Historischer Zeitraum<\/td>\n<td>XVI Jahrhundert<\/td>\n<\/tr>\n<tr>\n<td>Motiv<\/td>\n<td>Klassisch<\/td>\n<\/tr>\n<\/tbody>\n<\/table>\n<span class=\"et_bloom_bottom_trigger\"><\/span>","protected":false},"excerpt":{"rendered":"<p>Die Dekoration des Samtes &#8222;Ca&#8216; d&#8217;Oro&#8220; zeichnet sich durch eine dynamische, leichte Struktur und eine gro\u00dfe, stilisierte modulare Anordnung aus, die an die t\u00fcrkischen Stoffe des 16. Jahrhunderts mit dem f\u00fcr die islamische Welt typischen langen, halbierten Blatt erinnert.<\/p>\n","protected":false},"featured_media":47884,"template":"","meta":{"_et_pb_use_builder":"","_et_pb_old_content":"","_et_gb_content_width":""},"product_brand":[],"product_cat":[846,849],"product_tag":[],"class_list":{"0":"post-50697","1":"product","2":"type-product","3":"status-publish","4":"has-post-thumbnail","6":"product_cat-gewebe","7":"product_cat-litzensamte","9":"first","10":"instock","11":"shipping-taxable","12":"purchasable","13":"product-type-variable","14":"wvs-archive-product-wrapper"},"yoast_head":"<!-- This site is optimized with the Yoast SEO plugin v27.4 - https:\/\/yoast.com\/product\/yoast-seo-wordpress\/ -->\n<title>Ca&#039; d&#039;Oro 3283S Litzensamt - Tessitura Luigi Bevilaqua<\/title>\n<meta name=\"robots\" content=\"index, follow, max-snippet:-1, max-image-preview:large, max-video-preview:-1\" \/>\n<link rel=\"canonical\" href=\"https:\/\/www.luigi-bevilacqua.com\/de\/produkt\/ca-doro-3283s-litzensamt\/\" \/>\n<meta property=\"og:locale\" content=\"de_DE\" \/>\n<meta property=\"og:type\" content=\"article\" \/>\n<meta property=\"og:title\" content=\"Ca&#039; d&#039;Oro 3283S Litzensamt - Tessitura Luigi Bevilaqua\" \/>\n<meta property=\"og:description\" content=\"Die Dekoration des Samtes &quot;Ca&#039; d&#039;Oro&quot; zeichnet sich durch eine dynamische, leichte Struktur und eine gro\u00dfe, stilisierte modulare Anordnung aus, die an die t\u00fcrkischen Stoffe des 16. Jahrhunderts mit dem f\u00fcr die islamische Welt typischen langen, halbierten Blatt erinnert.\" \/>\n<meta property=\"og:url\" content=\"https:\/\/www.luigi-bevilacqua.com\/de\/produkt\/ca-doro-3283s-litzensamt\/\" \/>\n<meta property=\"og:site_name\" content=\"Tessitura Luigi Bevilaqua\" \/>\n<meta property=\"article:publisher\" content=\"https:\/\/www.facebook.com\/TessituraLuigiBevilacqua\" \/>\n<meta property=\"article:modified_time\" content=\"2023-08-21T10:27:47+00:00\" \/>\n<meta property=\"og:image\" content=\"https:\/\/www.luigi-bevilacqua.com\/wp-content\/uploads\/2022\/05\/Velluto-Bacchetta-Ca\u0300-D_Oro-azzurro-351-3283S.jpg\" \/>\n\t<meta property=\"og:image:width\" content=\"1080\" \/>\n\t<meta property=\"og:image:height\" content=\"772\" \/>\n\t<meta property=\"og:image:type\" content=\"image\/jpeg\" \/>\n<script type=\"application\/ld+json\" class=\"yoast-schema-graph\">{\"@context\":\"https:\\\/\\\/schema.org\",\"@graph\":[{\"@type\":\"WebPage\",\"@id\":\"https:\\\/\\\/www.luigi-bevilacqua.com\\\/de\\\/produkt\\\/ca-doro-3283s-litzensamt\\\/\",\"url\":\"https:\\\/\\\/www.luigi-bevilacqua.com\\\/de\\\/produkt\\\/ca-doro-3283s-litzensamt\\\/\",\"name\":\"Ca' d'Oro 3283S Litzensamt - Tessitura Luigi Bevilaqua\",\"isPartOf\":{\"@id\":\"https:\\\/\\\/www.luigi-bevilacqua.com\\\/de\\\/#website\"},\"primaryImageOfPage\":{\"@id\":\"https:\\\/\\\/www.luigi-bevilacqua.com\\\/de\\\/produkt\\\/ca-doro-3283s-litzensamt\\\/#primaryimage\"},\"image\":{\"@id\":\"https:\\\/\\\/www.luigi-bevilacqua.com\\\/de\\\/produkt\\\/ca-doro-3283s-litzensamt\\\/#primaryimage\"},\"thumbnailUrl\":\"https:\\\/\\\/www.luigi-bevilacqua.com\\\/wp-content\\\/uploads\\\/2022\\\/05\\\/Velluto-Bacchetta-Ca\u0300-D_Oro-azzurro-351-3283S.jpg\",\"datePublished\":\"2022-05-15T20:34:12+00:00\",\"dateModified\":\"2023-08-21T10:27:47+00:00\",\"breadcrumb\":{\"@id\":\"https:\\\/\\\/www.luigi-bevilacqua.com\\\/de\\\/produkt\\\/ca-doro-3283s-litzensamt\\\/#breadcrumb\"},\"inLanguage\":\"de\",\"potentialAction\":[{\"@type\":\"ReadAction\",\"target\":[\"https:\\\/\\\/www.luigi-bevilacqua.com\\\/de\\\/produkt\\\/ca-doro-3283s-litzensamt\\\/\"]}]},{\"@type\":\"ImageObject\",\"inLanguage\":\"de\",\"@id\":\"https:\\\/\\\/www.luigi-bevilacqua.com\\\/de\\\/produkt\\\/ca-doro-3283s-litzensamt\\\/#primaryimage\",\"url\":\"https:\\\/\\\/www.luigi-bevilacqua.com\\\/wp-content\\\/uploads\\\/2022\\\/05\\\/Velluto-Bacchetta-Ca\u0300-D_Oro-azzurro-351-3283S.jpg\",\"contentUrl\":\"https:\\\/\\\/www.luigi-bevilacqua.com\\\/wp-content\\\/uploads\\\/2022\\\/05\\\/Velluto-Bacchetta-Ca\u0300-D_Oro-azzurro-351-3283S.jpg\",\"width\":1080,\"height\":772},{\"@type\":\"BreadcrumbList\",\"@id\":\"https:\\\/\\\/www.luigi-bevilacqua.com\\\/de\\\/produkt\\\/ca-doro-3283s-litzensamt\\\/#breadcrumb\",\"itemListElement\":[{\"@type\":\"ListItem\",\"position\":1,\"name\":\"Home\",\"item\":\"https:\\\/\\\/www.luigi-bevilacqua.com\\\/de\\\/\"},{\"@type\":\"ListItem\",\"position\":2,\"name\":\"Prodotti\",\"item\":\"https:\\\/\\\/www.luigi-bevilacqua.com\\\/prodotti\\\/\"},{\"@type\":\"ListItem\",\"position\":3,\"name\":\"Ca&#8217; d&#8217;Oro 3283S Litzensamt\"}]},{\"@type\":\"WebSite\",\"@id\":\"https:\\\/\\\/www.luigi-bevilacqua.com\\\/de\\\/#website\",\"url\":\"https:\\\/\\\/www.luigi-bevilacqua.com\\\/de\\\/\",\"name\":\"Tessitura Luigi Bevilaqua\",\"description\":\"Tessitura Bevilacqua\",\"publisher\":{\"@id\":\"https:\\\/\\\/www.luigi-bevilacqua.com\\\/de\\\/#organization\"},\"potentialAction\":[{\"@type\":\"SearchAction\",\"target\":{\"@type\":\"EntryPoint\",\"urlTemplate\":\"https:\\\/\\\/www.luigi-bevilacqua.com\\\/de\\\/?s={search_term_string}\"},\"query-input\":{\"@type\":\"PropertyValueSpecification\",\"valueRequired\":true,\"valueName\":\"search_term_string\"}}],\"inLanguage\":\"de\"},{\"@type\":\"Organization\",\"@id\":\"https:\\\/\\\/www.luigi-bevilacqua.com\\\/de\\\/#organization\",\"name\":\"Tessitura Luigi Bevilacqua\",\"url\":\"https:\\\/\\\/www.luigi-bevilacqua.com\\\/de\\\/\",\"logo\":{\"@type\":\"ImageObject\",\"inLanguage\":\"de\",\"@id\":\"https:\\\/\\\/www.luigi-bevilacqua.com\\\/de\\\/#\\\/schema\\\/logo\\\/image\\\/\",\"url\":\"https:\\\/\\\/www.luigi-bevilacqua.com\\\/wp-content\\\/uploads\\\/2017\\\/04\\\/logo-bevilacqua-home.png\",\"contentUrl\":\"https:\\\/\\\/www.luigi-bevilacqua.com\\\/wp-content\\\/uploads\\\/2017\\\/04\\\/logo-bevilacqua-home.png\",\"width\":272,\"height\":156,\"caption\":\"Tessitura Luigi Bevilacqua\"},\"image\":{\"@id\":\"https:\\\/\\\/www.luigi-bevilacqua.com\\\/de\\\/#\\\/schema\\\/logo\\\/image\\\/\"},\"sameAs\":[\"https:\\\/\\\/www.facebook.com\\\/TessituraLuigiBevilacqua\",\"https:\\\/\\\/x.com\\\/tessiturebevilc\",\"https:\\\/\\\/www.instagram.com\\\/tessiturebevilacqua\\\/\",\"https:\\\/\\\/www.linkedin.com\\\/company\\\/bevilacqua\\\/\",\"https:\\\/\\\/it.pinterest.com\\\/luigibevilacqua\\\/\",\"https:\\\/\\\/www.youtube.com\\\/channel\\\/UCvKX4HKDdjyoJIztAzEekkQ\"]}]}<\/script>\n<!-- \/ Yoast SEO plugin. -->","yoast_head_json":{"title":"Ca' d'Oro 3283S Litzensamt - Tessitura Luigi Bevilaqua","robots":{"index":"index","follow":"follow","max-snippet":"max-snippet:-1","max-image-preview":"max-image-preview:large","max-video-preview":"max-video-preview:-1"},"canonical":"https:\/\/www.luigi-bevilacqua.com\/de\/produkt\/ca-doro-3283s-litzensamt\/","og_locale":"de_DE","og_type":"article","og_title":"Ca' d'Oro 3283S Litzensamt - Tessitura Luigi Bevilaqua","og_description":"Die Dekoration des Samtes \"Ca' d'Oro\" zeichnet sich durch eine dynamische, leichte Struktur und eine gro\u00dfe, stilisierte modulare Anordnung aus, die an die t\u00fcrkischen Stoffe des 16. Jahrhunderts mit dem f\u00fcr die islamische Welt typischen langen, halbierten Blatt erinnert.","og_url":"https:\/\/www.luigi-bevilacqua.com\/de\/produkt\/ca-doro-3283s-litzensamt\/","og_site_name":"Tessitura Luigi Bevilaqua","article_publisher":"https:\/\/www.facebook.com\/TessituraLuigiBevilacqua","article_modified_time":"2023-08-21T10:27:47+00:00","og_image":[{"width":1080,"height":772,"url":"https:\/\/www.luigi-bevilacqua.com\/wp-content\/uploads\/2022\/05\/Velluto-Bacchetta-Ca\u0300-D_Oro-azzurro-351-3283S.jpg","type":"image\/jpeg"}],"schema":{"@context":"https:\/\/schema.org","@graph":[{"@type":"WebPage","@id":"https:\/\/www.luigi-bevilacqua.com\/de\/produkt\/ca-doro-3283s-litzensamt\/","url":"https:\/\/www.luigi-bevilacqua.com\/de\/produkt\/ca-doro-3283s-litzensamt\/","name":"Ca' d'Oro 3283S Litzensamt - Tessitura Luigi Bevilaqua","isPartOf":{"@id":"https:\/\/www.luigi-bevilacqua.com\/de\/#website"},"primaryImageOfPage":{"@id":"https:\/\/www.luigi-bevilacqua.com\/de\/produkt\/ca-doro-3283s-litzensamt\/#primaryimage"},"image":{"@id":"https:\/\/www.luigi-bevilacqua.com\/de\/produkt\/ca-doro-3283s-litzensamt\/#primaryimage"},"thumbnailUrl":"https:\/\/www.luigi-bevilacqua.com\/wp-content\/uploads\/2022\/05\/Velluto-Bacchetta-Ca\u0300-D_Oro-azzurro-351-3283S.jpg","datePublished":"2022-05-15T20:34:12+00:00","dateModified":"2023-08-21T10:27:47+00:00","breadcrumb":{"@id":"https:\/\/www.luigi-bevilacqua.com\/de\/produkt\/ca-doro-3283s-litzensamt\/#breadcrumb"},"inLanguage":"de","potentialAction":[{"@type":"ReadAction","target":["https:\/\/www.luigi-bevilacqua.com\/de\/produkt\/ca-doro-3283s-litzensamt\/"]}]},{"@type":"ImageObject","inLanguage":"de","@id":"https:\/\/www.luigi-bevilacqua.com\/de\/produkt\/ca-doro-3283s-litzensamt\/#primaryimage","url":"https:\/\/www.luigi-bevilacqua.com\/wp-content\/uploads\/2022\/05\/Velluto-Bacchetta-Ca\u0300-D_Oro-azzurro-351-3283S.jpg","contentUrl":"https:\/\/www.luigi-bevilacqua.com\/wp-content\/uploads\/2022\/05\/Velluto-Bacchetta-Ca\u0300-D_Oro-azzurro-351-3283S.jpg","width":1080,"height":772},{"@type":"BreadcrumbList","@id":"https:\/\/www.luigi-bevilacqua.com\/de\/produkt\/ca-doro-3283s-litzensamt\/#breadcrumb","itemListElement":[{"@type":"ListItem","position":1,"name":"Home","item":"https:\/\/www.luigi-bevilacqua.com\/de\/"},{"@type":"ListItem","position":2,"name":"Prodotti","item":"https:\/\/www.luigi-bevilacqua.com\/prodotti\/"},{"@type":"ListItem","position":3,"name":"Ca&#8217; d&#8217;Oro 3283S Litzensamt"}]},{"@type":"WebSite","@id":"https:\/\/www.luigi-bevilacqua.com\/de\/#website","url":"https:\/\/www.luigi-bevilacqua.com\/de\/","name":"Tessitura Luigi Bevilaqua","description":"Tessitura Bevilacqua","publisher":{"@id":"https:\/\/www.luigi-bevilacqua.com\/de\/#organization"},"potentialAction":[{"@type":"SearchAction","target":{"@type":"EntryPoint","urlTemplate":"https:\/\/www.luigi-bevilacqua.com\/de\/?s={search_term_string}"},"query-input":{"@type":"PropertyValueSpecification","valueRequired":true,"valueName":"search_term_string"}}],"inLanguage":"de"},{"@type":"Organization","@id":"https:\/\/www.luigi-bevilacqua.com\/de\/#organization","name":"Tessitura Luigi Bevilacqua","url":"https:\/\/www.luigi-bevilacqua.com\/de\/","logo":{"@type":"ImageObject","inLanguage":"de","@id":"https:\/\/www.luigi-bevilacqua.com\/de\/#\/schema\/logo\/image\/","url":"https:\/\/www.luigi-bevilacqua.com\/wp-content\/uploads\/2017\/04\/logo-bevilacqua-home.png","contentUrl":"https:\/\/www.luigi-bevilacqua.com\/wp-content\/uploads\/2017\/04\/logo-bevilacqua-home.png","width":272,"height":156,"caption":"Tessitura Luigi Bevilacqua"},"image":{"@id":"https:\/\/www.luigi-bevilacqua.com\/de\/#\/schema\/logo\/image\/"},"sameAs":["https:\/\/www.facebook.com\/TessituraLuigiBevilacqua","https:\/\/x.com\/tessiturebevilc","https:\/\/www.instagram.com\/tessiturebevilacqua\/","https:\/\/www.linkedin.com\/company\/bevilacqua\/","https:\/\/it.pinterest.com\/luigibevilacqua\/","https:\/\/www.youtube.com\/channel\/UCvKX4HKDdjyoJIztAzEekkQ"]}]}},"_links":{"self":[{"href":"https:\/\/www.luigi-bevilacqua.com\/de\/wp-json\/wp\/v2\/product\/50697","targetHints":{"allow":["GET"]}}],"collection":[{"href":"https:\/\/www.luigi-bevilacqua.com\/de\/wp-json\/wp\/v2\/product"}],"about":[{"href":"https:\/\/www.luigi-bevilacqua.com\/de\/wp-json\/wp\/v2\/types\/product"}],"wp:featuredmedia":[{"embeddable":true,"href":"https:\/\/www.luigi-bevilacqua.com\/de\/wp-json\/wp\/v2\/media\/47884"}],"wp:attachment":[{"href":"https:\/\/www.luigi-bevilacqua.com\/de\/wp-json\/wp\/v2\/media?parent=50697"}],"wp:term":[{"taxonomy":"product_brand","embeddable":true,"href":"https:\/\/www.luigi-bevilacqua.com\/de\/wp-json\/wp\/v2\/product_brand?post=50697"},{"taxonomy":"product_cat","embeddable":true,"href":"https:\/\/www.luigi-bevilacqua.com\/de\/wp-json\/wp\/v2\/product_cat?post=50697"},{"taxonomy":"product_tag","embeddable":true,"href":"https:\/\/www.luigi-bevilacqua.com\/de\/wp-json\/wp\/v2\/product_tag?post=50697"}],"curies":[{"name":"wp","href":"https:\/\/api.w.org\/{rel}","templated":true}]}}