{"id":50512,"date":"2022-05-15T22:34:53","date_gmt":"2022-05-15T20:34:53","guid":{"rendered":"http:\/\/www.luigi-bevilacqua.com\/prodotto\/leopardo-440-tierdruck\/"},"modified":"2026-01-28T10:43:08","modified_gmt":"2026-01-28T09:43:08","slug":"leopardo-440-tierdruck","status":"publish","type":"product","link":"https:\/\/www.luigi-bevilacqua.com\/de\/produkt\/leopardo-440-tierdruck\/","title":{"rendered":"Leopardo 440 Tierdruck"},"content":{"rendered":"<table class=\"tabella-prodotto\">\n<tbody>\n<tr>\n<td>Produktcode<\/td>\n<td>440<\/td>\n<\/tr>\n<tr>\n<td>Typ<\/td>\n<td>Samtstoffe, Tierdruckeer<\/td>\n<\/tr>\n<tr>\n<td>Zusammensetzung<\/td>\n<td>50% Baumwolle 50% Viskose<\/td>\n<\/tr>\n<tr>\n<td>H\u00f6he<\/td>\n<td>130 cm<\/td>\n<\/tr>\n<tr>\n<td>Rapport<\/td>\n<td>80 cm<\/td>\n<\/tr>\n<tr>\n<td>Historischer Zeitraum<\/td>\n<td>XX Jahrhundert<\/td>\n<\/tr>\n<tr>\n<td>Motiv<\/td>\n<td>Tierdruck<\/td>\n<\/tr>\n<\/tbody>\n<\/table>\n<span class=\"et_bloom_bottom_trigger\"><\/span>","protected":false},"excerpt":{"rendered":"<p>Leopardo ist ein Samt, bei dem sich die \u00e4sthetische Sch\u00f6nheit des Tiermotivs mit den au\u00dfergew\u00f6hnlichen Eigenschaften von Samt, wie der Weichheit und dem Glanz des Flors, verbindet.<\/p>\n<p>* Die Farben Hibiskus, Greige, Pfingstrose, \u00c4g\u00e4isches blau, Baltisch gr\u00fcn und Gardenie sind nur begrenzt verf\u00fcgbar. Sollte das Produkt nicht verf\u00fcgbar sein, starten wir eine neue Produktion bei einer Mindestbestellmenge von 20 Metern.<\/p>\n","protected":false},"featured_media":46951,"template":"","meta":{"_et_pb_use_builder":"","_et_pb_old_content":"","_et_gb_content_width":""},"product_brand":[],"product_cat":[846,848],"product_tag":[],"class_list":{"0":"post-50512","1":"product","2":"type-product","3":"status-publish","4":"has-post-thumbnail","6":"product_cat-gewebe","7":"product_cat-tierdrucke","9":"first","10":"instock","11":"shipping-taxable","12":"purchasable","13":"product-type-variable","14":"has-default-attributes","15":"wvs-archive-product-wrapper"},"yoast_head":"<!-- This site is optimized with the Yoast SEO plugin v27.4 - https:\/\/yoast.com\/product\/yoast-seo-wordpress\/ -->\n<title>Leopardo 440 Tierdruck - Tessitura Luigi Bevilaqua<\/title>\n<meta name=\"robots\" content=\"index, follow, max-snippet:-1, max-image-preview:large, max-video-preview:-1\" \/>\n<link rel=\"canonical\" href=\"https:\/\/www.luigi-bevilacqua.com\/de\/produkt\/leopardo-440-tierdruck\/\" \/>\n<meta property=\"og:locale\" content=\"de_DE\" \/>\n<meta property=\"og:type\" content=\"article\" \/>\n<meta property=\"og:title\" content=\"Leopardo 440 Tierdruck - Tessitura Luigi Bevilaqua\" \/>\n<meta property=\"og:description\" content=\"Leopardo ist ein Samt, bei dem sich die \u00e4sthetische Sch\u00f6nheit des Tiermotivs mit den au\u00dfergew\u00f6hnlichen Eigenschaften von Samt, wie der Weichheit und dem Glanz des Flors, verbindet.  * Die Farben Hibiskus, Greige, Pfingstrose, \u00c4g\u00e4isches blau, Baltisch gr\u00fcn und Gardenie sind nur begrenzt verf\u00fcgbar. Sollte das Produkt nicht verf\u00fcgbar sein, starten wir eine neue Produktion bei einer Mindestbestellmenge von 20 Metern.\" \/>\n<meta property=\"og:url\" content=\"https:\/\/www.luigi-bevilacqua.com\/de\/produkt\/leopardo-440-tierdruck\/\" \/>\n<meta property=\"og:site_name\" content=\"Tessitura Luigi Bevilaqua\" \/>\n<meta property=\"article:publisher\" content=\"https:\/\/www.facebook.com\/TessituraLuigiBevilacqua\" \/>\n<meta property=\"article:modified_time\" content=\"2026-01-28T09:43:08+00:00\" \/>\n<meta property=\"og:image\" content=\"https:\/\/www.luigi-bevilacqua.com\/wp-content\/uploads\/2022\/05\/Velluto-Animalier-Leopardo-440-leopardo-Marrone-giallo-beige.jpg\" \/>\n\t<meta property=\"og:image:width\" content=\"1080\" \/>\n\t<meta property=\"og:image:height\" content=\"831\" \/>\n\t<meta property=\"og:image:type\" content=\"image\/jpeg\" \/>\n<script type=\"application\/ld+json\" class=\"yoast-schema-graph\">{\"@context\":\"https:\\\/\\\/schema.org\",\"@graph\":[{\"@type\":\"WebPage\",\"@id\":\"https:\\\/\\\/www.luigi-bevilacqua.com\\\/de\\\/produkt\\\/leopardo-440-tierdruck\\\/\",\"url\":\"https:\\\/\\\/www.luigi-bevilacqua.com\\\/de\\\/produkt\\\/leopardo-440-tierdruck\\\/\",\"name\":\"Leopardo 440 Tierdruck - Tessitura Luigi Bevilaqua\",\"isPartOf\":{\"@id\":\"https:\\\/\\\/www.luigi-bevilacqua.com\\\/de\\\/#website\"},\"primaryImageOfPage\":{\"@id\":\"https:\\\/\\\/www.luigi-bevilacqua.com\\\/de\\\/produkt\\\/leopardo-440-tierdruck\\\/#primaryimage\"},\"image\":{\"@id\":\"https:\\\/\\\/www.luigi-bevilacqua.com\\\/de\\\/produkt\\\/leopardo-440-tierdruck\\\/#primaryimage\"},\"thumbnailUrl\":\"https:\\\/\\\/www.luigi-bevilacqua.com\\\/wp-content\\\/uploads\\\/2022\\\/05\\\/Velluto-Animalier-Leopardo-440-leopardo-Marrone-giallo-beige.jpg\",\"datePublished\":\"2022-05-15T20:34:53+00:00\",\"dateModified\":\"2026-01-28T09:43:08+00:00\",\"breadcrumb\":{\"@id\":\"https:\\\/\\\/www.luigi-bevilacqua.com\\\/de\\\/produkt\\\/leopardo-440-tierdruck\\\/#breadcrumb\"},\"inLanguage\":\"de\",\"potentialAction\":[{\"@type\":\"ReadAction\",\"target\":[\"https:\\\/\\\/www.luigi-bevilacqua.com\\\/de\\\/produkt\\\/leopardo-440-tierdruck\\\/\"]}]},{\"@type\":\"ImageObject\",\"inLanguage\":\"de\",\"@id\":\"https:\\\/\\\/www.luigi-bevilacqua.com\\\/de\\\/produkt\\\/leopardo-440-tierdruck\\\/#primaryimage\",\"url\":\"https:\\\/\\\/www.luigi-bevilacqua.com\\\/wp-content\\\/uploads\\\/2022\\\/05\\\/Velluto-Animalier-Leopardo-440-leopardo-Marrone-giallo-beige.jpg\",\"contentUrl\":\"https:\\\/\\\/www.luigi-bevilacqua.com\\\/wp-content\\\/uploads\\\/2022\\\/05\\\/Velluto-Animalier-Leopardo-440-leopardo-Marrone-giallo-beige.jpg\",\"width\":1080,\"height\":831},{\"@type\":\"BreadcrumbList\",\"@id\":\"https:\\\/\\\/www.luigi-bevilacqua.com\\\/de\\\/produkt\\\/leopardo-440-tierdruck\\\/#breadcrumb\",\"itemListElement\":[{\"@type\":\"ListItem\",\"position\":1,\"name\":\"Home\",\"item\":\"https:\\\/\\\/www.luigi-bevilacqua.com\\\/de\\\/\"},{\"@type\":\"ListItem\",\"position\":2,\"name\":\"Prodotti\",\"item\":\"https:\\\/\\\/www.luigi-bevilacqua.com\\\/prodotti\\\/\"},{\"@type\":\"ListItem\",\"position\":3,\"name\":\"Leopardo 440 Tierdruck\"}]},{\"@type\":\"WebSite\",\"@id\":\"https:\\\/\\\/www.luigi-bevilacqua.com\\\/de\\\/#website\",\"url\":\"https:\\\/\\\/www.luigi-bevilacqua.com\\\/de\\\/\",\"name\":\"Tessitura Luigi Bevilaqua\",\"description\":\"Tessitura Bevilacqua\",\"publisher\":{\"@id\":\"https:\\\/\\\/www.luigi-bevilacqua.com\\\/de\\\/#organization\"},\"potentialAction\":[{\"@type\":\"SearchAction\",\"target\":{\"@type\":\"EntryPoint\",\"urlTemplate\":\"https:\\\/\\\/www.luigi-bevilacqua.com\\\/de\\\/?s={search_term_string}\"},\"query-input\":{\"@type\":\"PropertyValueSpecification\",\"valueRequired\":true,\"valueName\":\"search_term_string\"}}],\"inLanguage\":\"de\"},{\"@type\":\"Organization\",\"@id\":\"https:\\\/\\\/www.luigi-bevilacqua.com\\\/de\\\/#organization\",\"name\":\"Tessitura Luigi Bevilacqua\",\"url\":\"https:\\\/\\\/www.luigi-bevilacqua.com\\\/de\\\/\",\"logo\":{\"@type\":\"ImageObject\",\"inLanguage\":\"de\",\"@id\":\"https:\\\/\\\/www.luigi-bevilacqua.com\\\/de\\\/#\\\/schema\\\/logo\\\/image\\\/\",\"url\":\"https:\\\/\\\/www.luigi-bevilacqua.com\\\/wp-content\\\/uploads\\\/2017\\\/04\\\/logo-bevilacqua-home.png\",\"contentUrl\":\"https:\\\/\\\/www.luigi-bevilacqua.com\\\/wp-content\\\/uploads\\\/2017\\\/04\\\/logo-bevilacqua-home.png\",\"width\":272,\"height\":156,\"caption\":\"Tessitura Luigi Bevilacqua\"},\"image\":{\"@id\":\"https:\\\/\\\/www.luigi-bevilacqua.com\\\/de\\\/#\\\/schema\\\/logo\\\/image\\\/\"},\"sameAs\":[\"https:\\\/\\\/www.facebook.com\\\/TessituraLuigiBevilacqua\",\"https:\\\/\\\/x.com\\\/tessiturebevilc\",\"https:\\\/\\\/www.instagram.com\\\/tessiturebevilacqua\\\/\",\"https:\\\/\\\/www.linkedin.com\\\/company\\\/bevilacqua\\\/\",\"https:\\\/\\\/it.pinterest.com\\\/luigibevilacqua\\\/\",\"https:\\\/\\\/www.youtube.com\\\/channel\\\/UCvKX4HKDdjyoJIztAzEekkQ\"]}]}<\/script>\n<!-- \/ Yoast SEO plugin. -->","yoast_head_json":{"title":"Leopardo 440 Tierdruck - Tessitura Luigi Bevilaqua","robots":{"index":"index","follow":"follow","max-snippet":"max-snippet:-1","max-image-preview":"max-image-preview:large","max-video-preview":"max-video-preview:-1"},"canonical":"https:\/\/www.luigi-bevilacqua.com\/de\/produkt\/leopardo-440-tierdruck\/","og_locale":"de_DE","og_type":"article","og_title":"Leopardo 440 Tierdruck - Tessitura Luigi Bevilaqua","og_description":"Leopardo ist ein Samt, bei dem sich die \u00e4sthetische Sch\u00f6nheit des Tiermotivs mit den au\u00dfergew\u00f6hnlichen Eigenschaften von Samt, wie der Weichheit und dem Glanz des Flors, verbindet.  * Die Farben Hibiskus, Greige, Pfingstrose, \u00c4g\u00e4isches blau, Baltisch gr\u00fcn und Gardenie sind nur begrenzt verf\u00fcgbar. Sollte das Produkt nicht verf\u00fcgbar sein, starten wir eine neue Produktion bei einer Mindestbestellmenge von 20 Metern.","og_url":"https:\/\/www.luigi-bevilacqua.com\/de\/produkt\/leopardo-440-tierdruck\/","og_site_name":"Tessitura Luigi Bevilaqua","article_publisher":"https:\/\/www.facebook.com\/TessituraLuigiBevilacqua","article_modified_time":"2026-01-28T09:43:08+00:00","og_image":[{"width":1080,"height":831,"url":"https:\/\/www.luigi-bevilacqua.com\/wp-content\/uploads\/2022\/05\/Velluto-Animalier-Leopardo-440-leopardo-Marrone-giallo-beige.jpg","type":"image\/jpeg"}],"schema":{"@context":"https:\/\/schema.org","@graph":[{"@type":"WebPage","@id":"https:\/\/www.luigi-bevilacqua.com\/de\/produkt\/leopardo-440-tierdruck\/","url":"https:\/\/www.luigi-bevilacqua.com\/de\/produkt\/leopardo-440-tierdruck\/","name":"Leopardo 440 Tierdruck - Tessitura Luigi Bevilaqua","isPartOf":{"@id":"https:\/\/www.luigi-bevilacqua.com\/de\/#website"},"primaryImageOfPage":{"@id":"https:\/\/www.luigi-bevilacqua.com\/de\/produkt\/leopardo-440-tierdruck\/#primaryimage"},"image":{"@id":"https:\/\/www.luigi-bevilacqua.com\/de\/produkt\/leopardo-440-tierdruck\/#primaryimage"},"thumbnailUrl":"https:\/\/www.luigi-bevilacqua.com\/wp-content\/uploads\/2022\/05\/Velluto-Animalier-Leopardo-440-leopardo-Marrone-giallo-beige.jpg","datePublished":"2022-05-15T20:34:53+00:00","dateModified":"2026-01-28T09:43:08+00:00","breadcrumb":{"@id":"https:\/\/www.luigi-bevilacqua.com\/de\/produkt\/leopardo-440-tierdruck\/#breadcrumb"},"inLanguage":"de","potentialAction":[{"@type":"ReadAction","target":["https:\/\/www.luigi-bevilacqua.com\/de\/produkt\/leopardo-440-tierdruck\/"]}]},{"@type":"ImageObject","inLanguage":"de","@id":"https:\/\/www.luigi-bevilacqua.com\/de\/produkt\/leopardo-440-tierdruck\/#primaryimage","url":"https:\/\/www.luigi-bevilacqua.com\/wp-content\/uploads\/2022\/05\/Velluto-Animalier-Leopardo-440-leopardo-Marrone-giallo-beige.jpg","contentUrl":"https:\/\/www.luigi-bevilacqua.com\/wp-content\/uploads\/2022\/05\/Velluto-Animalier-Leopardo-440-leopardo-Marrone-giallo-beige.jpg","width":1080,"height":831},{"@type":"BreadcrumbList","@id":"https:\/\/www.luigi-bevilacqua.com\/de\/produkt\/leopardo-440-tierdruck\/#breadcrumb","itemListElement":[{"@type":"ListItem","position":1,"name":"Home","item":"https:\/\/www.luigi-bevilacqua.com\/de\/"},{"@type":"ListItem","position":2,"name":"Prodotti","item":"https:\/\/www.luigi-bevilacqua.com\/prodotti\/"},{"@type":"ListItem","position":3,"name":"Leopardo 440 Tierdruck"}]},{"@type":"WebSite","@id":"https:\/\/www.luigi-bevilacqua.com\/de\/#website","url":"https:\/\/www.luigi-bevilacqua.com\/de\/","name":"Tessitura Luigi Bevilaqua","description":"Tessitura Bevilacqua","publisher":{"@id":"https:\/\/www.luigi-bevilacqua.com\/de\/#organization"},"potentialAction":[{"@type":"SearchAction","target":{"@type":"EntryPoint","urlTemplate":"https:\/\/www.luigi-bevilacqua.com\/de\/?s={search_term_string}"},"query-input":{"@type":"PropertyValueSpecification","valueRequired":true,"valueName":"search_term_string"}}],"inLanguage":"de"},{"@type":"Organization","@id":"https:\/\/www.luigi-bevilacqua.com\/de\/#organization","name":"Tessitura Luigi Bevilacqua","url":"https:\/\/www.luigi-bevilacqua.com\/de\/","logo":{"@type":"ImageObject","inLanguage":"de","@id":"https:\/\/www.luigi-bevilacqua.com\/de\/#\/schema\/logo\/image\/","url":"https:\/\/www.luigi-bevilacqua.com\/wp-content\/uploads\/2017\/04\/logo-bevilacqua-home.png","contentUrl":"https:\/\/www.luigi-bevilacqua.com\/wp-content\/uploads\/2017\/04\/logo-bevilacqua-home.png","width":272,"height":156,"caption":"Tessitura Luigi Bevilacqua"},"image":{"@id":"https:\/\/www.luigi-bevilacqua.com\/de\/#\/schema\/logo\/image\/"},"sameAs":["https:\/\/www.facebook.com\/TessituraLuigiBevilacqua","https:\/\/x.com\/tessiturebevilc","https:\/\/www.instagram.com\/tessiturebevilacqua\/","https:\/\/www.linkedin.com\/company\/bevilacqua\/","https:\/\/it.pinterest.com\/luigibevilacqua\/","https:\/\/www.youtube.com\/channel\/UCvKX4HKDdjyoJIztAzEekkQ"]}]}},"_links":{"self":[{"href":"https:\/\/www.luigi-bevilacqua.com\/de\/wp-json\/wp\/v2\/product\/50512","targetHints":{"allow":["GET"]}}],"collection":[{"href":"https:\/\/www.luigi-bevilacqua.com\/de\/wp-json\/wp\/v2\/product"}],"about":[{"href":"https:\/\/www.luigi-bevilacqua.com\/de\/wp-json\/wp\/v2\/types\/product"}],"wp:featuredmedia":[{"embeddable":true,"href":"https:\/\/www.luigi-bevilacqua.com\/de\/wp-json\/wp\/v2\/media\/46951"}],"wp:attachment":[{"href":"https:\/\/www.luigi-bevilacqua.com\/de\/wp-json\/wp\/v2\/media?parent=50512"}],"wp:term":[{"taxonomy":"product_brand","embeddable":true,"href":"https:\/\/www.luigi-bevilacqua.com\/de\/wp-json\/wp\/v2\/product_brand?post=50512"},{"taxonomy":"product_cat","embeddable":true,"href":"https:\/\/www.luigi-bevilacqua.com\/de\/wp-json\/wp\/v2\/product_cat?post=50512"},{"taxonomy":"product_tag","embeddable":true,"href":"https:\/\/www.luigi-bevilacqua.com\/de\/wp-json\/wp\/v2\/product_tag?post=50512"}],"curies":[{"name":"wp","href":"https:\/\/api.w.org\/{rel}","templated":true}]}}