{"id":4564,"date":"2014-12-01T16:38:18","date_gmt":"2014-12-01T15:38:18","guid":{"rendered":"http:\/\/www.luigi-bevilacqua.com\/?page_id=4564"},"modified":"2015-04-22T11:54:26","modified_gmt":"2015-04-22T11:54:26","slug":"unternehmen","status":"publish","type":"page","link":"https:\/\/www.luigi-bevilacqua.com\/de\/unternehmen\/","title":{"rendered":"Unternehmen"},"content":{"rendered":"<p>[et_pb_section fullwidth=&#8220;on&#8220; specialty=&#8220;off&#8220; background_image=&#8220;http:\/\/www.luigi-bevilacqua.com\/\/wp-content\/uploads\/2014\/08\/DSC_3997.jpg&#8220; transparent_background=&#8220;off&#8220; background_color=&#8220;#ffffff&#8220; inner_shadow=&#8220;off&#8220; parallax=&#8220;off&#8220; parallax_method=&#8220;off&#8220;][et_pb_fullwidth_header admin_label=&#8220;Fullwidth Header&#8220; title=&#8220;Unternehmen&#8220; background_layout=&#8220;light&#8220; text_orientation=&#8220;left&#8220; \/][\/et_pb_section][et_pb_section fullwidth=&#8220;off&#8220; specialty=&#8220;off&#8220; transparent_background=&#8220;off&#8220; background_color=&#8220;#ffffff&#8220; inner_shadow=&#8220;off&#8220; parallax=&#8220;off&#8220; parallax_method=&#8220;off&#8220;][et_pb_row][et_pb_column type=&#8220;4_4&#8243;][et_pb_text admin_label=&#8220;Text&#8220; background_layout=&#8220;light&#8220; text_orientation=&#8220;left&#8220;]<\/p>\n<p><img decoding=\"async\" class=\"alignright wp-image-644\" src=\"http:\/\/www.luigi-bevilacqua.com\/wp-content\/uploads\/2014\/08\/3.jpg\" alt=\"3\" width=\"668\" height=\"467\" srcset=\"https:\/\/www.luigi-bevilacqua.com\/wp-content\/uploads\/2014\/08\/3.jpg 1024w, https:\/\/www.luigi-bevilacqua.com\/wp-content\/uploads\/2014\/08\/3-300x210.jpg 300w\" sizes=\"(max-width: 668px) 100vw, 668px\" \/><\/p>\n<p>Nach einem Zeitraum in dem Geb\u00e4ude Labia l\u00e4sst sich die Firma Luigi Bevilacqua S.r.l. in dem aktuellen Sitz von Santa Croce nieder, wo die antiken Webst\u00fchle ihren endg\u00fcltigen Platz gefunden haben. Im venezianischen Sitz befinden sich auch Teil der Produktion, mit 25 manuell hergestellten Geweben, dem Lager und dem Ausstellungsraum, die noch funktionieren.<\/p>\n<p>Voll von der Familie beteiligt, hat die Familie Bevilacqua in den vergangenen Jahren eine\u00a0 bemerkenswerte Ausbreitung im In- und Ausland miterlebt und die Abs\u00e4tze sind dank der \u00d6ffnung neuer M\u00e4rkte, der Erh\u00f6hung der parallel durchgef\u00fchrten maschinellen und manuellen Produktion sowie der Weiterentwicklung des Hotelvertragssektors angestiegen.<\/p>\n<p>Das Unternehmen, das bereits auf den Weltm\u00e4rkten eine Rolle spielt, erweitert seine Handelsbeziehungen auf die wirtschaftlich stark wachsenden L\u00e4ndern wie China und der Ferne Osten, wo ein neuer Reichtum zur Suche nach hochwertigsten Exklusivg\u00fctern f\u00fchrt, immer mehr.<\/p>\n<p>Den Wachstumst\u00e4tigkeiten zum Bekanntwerden der Marke wird ein starker Impuls gegeben und dabei der Status des Nischenprodukts beibehalten, das seit jeher die Kollektionen von Bevilacqua auszeichnet.<\/p>\n<p>[\/et_pb_text][\/et_pb_column][\/et_pb_row][\/et_pb_section][et_pb_section fullwidth=&#8220;off&#8220; specialty=&#8220;off&#8220; transparent_background=&#8220;off&#8220; background_color=&#8220;#b5b5b5&#8243; inner_shadow=&#8220;off&#8220; parallax=&#8220;on&#8220; parallax_method=&#8220;off&#8220; background_image=&#8220;http:\/\/www.luigi-bevilacqua.com\/\/wp-content\/uploads\/2014\/08\/DSC_3931.jpg&#8220;][et_pb_row][et_pb_column type=&#8220;4_4&#8243;][et_pb_text admin_label=&#8220;Text&#8220; background_layout=&#8220;light&#8220; text_orientation=&#8220;left&#8220;]<\/p>\n<p>Die Gesellschaft wird vom Rechtsanwalt Rodolfo Bevilacqua, dem Vorsitzenden und Verantwortlichem f\u00fcr die Fertigung sowie von dessen Bruder Dr. Alberto Bevilacqua, Gesch\u00e4ftsf\u00fchrer und Marketingleiter, gef\u00fchrt.\u00a0Mit der Unterst\u00fctzung seiner guten Mitarbeiter f\u00fchren die Mitglieder der Familie Bevilacqua die Gesellschaft selbst, sind jeden Tag in der Firma und ihre vertieften Kenntnisse der Webtechniken gew\u00e4hrleisten sowohl heute als auch in der Vergangenheit ein hochwertiges und renommiertes Produkt.<\/p>\n<p>[\/et_pb_text][\/et_pb_column][\/et_pb_row][\/et_pb_section][et_pb_section fullwidth=&#8220;off&#8220; specialty=&#8220;off&#8220; transparent_background=&#8220;off&#8220; background_color=&#8220;#ffffff&#8220; inner_shadow=&#8220;off&#8220; parallax=&#8220;off&#8220; parallax_method=&#8220;off&#8220;][et_pb_row][et_pb_column type=&#8220;1_4&#8243;][et_pb_team_member admin_label=&#8220;Team Member&#8220; name=&#8220;Rodolfo Bevilacqua&#8220; position=&#8220;Vorsitzender&#8220; image_url=&#8220;http:\/\/www.luigi-bevilacqua.com\/\/wp-content\/uploads\/2014\/08\/RodolfoBevilacqua.jpg&#8220; animation=&#8220;off&#8220; background_layout=&#8220;light&#8220; \/][\/et_pb_column][et_pb_column type=&#8220;1_4&#8243;][et_pb_team_member admin_label=&#8220;Team Member&#8220; name=&#8220;Alberto Bevilacqua&#8220; position=&#8220;Gesch\u00e4ftsf\u00fchrer&#8220; image_url=&#8220;http:\/\/www.luigi-bevilacqua.com\/\/wp-content\/uploads\/2014\/08\/AlbertoBevilacqua.jpg&#8220; animation=&#8220;off&#8220; background_layout=&#8220;light&#8220; \/][\/et_pb_column][et_pb_column type=&#8220;1_4&#8243;][et_pb_team_member admin_label=&#8220;Team Member&#8220; name=&#8220;Gianpaolo Bevilacqua&#8220; position=&#8220;Ratsmitglied&#8220; image_url=&#8220;http:\/\/www.luigi-bevilacqua.com\/\/wp-content\/uploads\/2014\/08\/GianpaoloBevilacqua.jpg&#8220; animation=&#8220;off&#8220; background_layout=&#8220;light&#8220; \/][\/et_pb_column][et_pb_column type=&#8220;1_4&#8243;][et_pb_team_member admin_label=&#8220;Team Member&#8220; name=&#8220;Mario Bevilacqua&#8220; position=&#8220;Ratsmitglied&#8220; image_url=&#8220;http:\/\/www.luigi-bevilacqua.com\/\/wp-content\/uploads\/2014\/08\/MarioBevilacqua.jpg&#8220; animation=&#8220;off&#8220; background_layout=&#8220;light&#8220; \/][\/et_pb_column][\/et_pb_row][\/et_pb_section]<\/p>\n<span class=\"et_bloom_bottom_trigger\"><\/span>","protected":false},"excerpt":{"rendered":"<p>Das Unternehmen der Familie Bevilacqua arbeitet an antiken Webst\u00fchlen aus dem 18. Jh. Nach einer bemerkenswerten internationalen Entwicklung \u00f6ffnet man sich heute f\u00fcr die neuen M\u00e4rkte.<\/p>\n","protected":false},"author":1,"featured_media":0,"parent":0,"menu_order":0,"comment_status":"closed","ping_status":"closed","template":"","meta":{"_et_pb_use_builder":"on","_et_pb_old_content":"","_et_gb_content_width":"","footnotes":""},"class_list":["post-4564","page","type-page","status-publish","hentry"],"yoast_head":"<!-- This site is optimized with the Yoast SEO plugin v27.4 - https:\/\/yoast.com\/product\/yoast-seo-wordpress\/ -->\n<title>Unternehmen - Tessitura Luigi Bevilaqua<\/title>\n<meta name=\"description\" content=\"Das Unternehmen der Familie Bevilacqua arbeitet an antiken Webst\u00fchlen aus dem 18. Jh. Nach einer bemerkenswerten internationalen Entwicklung \u00f6ffnet man sich heute f\u00fcr die neuen M\u00e4rkte.\" \/>\n<meta name=\"robots\" content=\"index, follow, max-snippet:-1, max-image-preview:large, max-video-preview:-1\" \/>\n<link rel=\"canonical\" href=\"https:\/\/www.luigi-bevilacqua.com\/de\/unternehmen\/\" \/>\n<meta property=\"og:locale\" content=\"de_DE\" \/>\n<meta property=\"og:type\" content=\"article\" \/>\n<meta property=\"og:title\" content=\"Unternehmen - Tessitura Luigi Bevilaqua\" \/>\n<meta property=\"og:description\" content=\"Das Unternehmen der Familie Bevilacqua arbeitet an antiken Webst\u00fchlen aus dem 18. Jh. Nach einer bemerkenswerten internationalen Entwicklung \u00f6ffnet man sich heute f\u00fcr die neuen M\u00e4rkte.\" \/>\n<meta property=\"og:url\" content=\"https:\/\/www.luigi-bevilacqua.com\/de\/unternehmen\/\" \/>\n<meta property=\"og:site_name\" content=\"Tessitura Luigi Bevilaqua\" \/>\n<meta property=\"article:publisher\" content=\"https:\/\/www.facebook.com\/TessituraLuigiBevilacqua\" \/>\n<meta property=\"article:modified_time\" content=\"2015-04-22T11:54:26+00:00\" \/>\n<meta property=\"og:image\" content=\"http:\/\/www.luigi-bevilacqua.com\/wp-content\/uploads\/2014\/08\/3.jpg\" \/>\n<script type=\"application\/ld+json\" class=\"yoast-schema-graph\">{\"@context\":\"https:\\\/\\\/schema.org\",\"@graph\":[{\"@type\":\"WebPage\",\"@id\":\"https:\\\/\\\/www.luigi-bevilacqua.com\\\/de\\\/unternehmen\\\/\",\"url\":\"https:\\\/\\\/www.luigi-bevilacqua.com\\\/de\\\/unternehmen\\\/\",\"name\":\"Unternehmen - Tessitura Luigi Bevilaqua\",\"isPartOf\":{\"@id\":\"https:\\\/\\\/www.luigi-bevilacqua.com\\\/de\\\/#website\"},\"primaryImageOfPage\":{\"@id\":\"https:\\\/\\\/www.luigi-bevilacqua.com\\\/de\\\/unternehmen\\\/#primaryimage\"},\"image\":{\"@id\":\"https:\\\/\\\/www.luigi-bevilacqua.com\\\/de\\\/unternehmen\\\/#primaryimage\"},\"thumbnailUrl\":\"http:\\\/\\\/www.luigi-bevilacqua.com\\\/wp-content\\\/uploads\\\/2014\\\/08\\\/3.jpg\",\"datePublished\":\"2014-12-01T15:38:18+00:00\",\"dateModified\":\"2015-04-22T11:54:26+00:00\",\"description\":\"Das Unternehmen der Familie Bevilacqua arbeitet an antiken Webst\u00fchlen aus dem 18. Jh. Nach einer bemerkenswerten internationalen Entwicklung \u00f6ffnet man sich heute f\u00fcr die neuen M\u00e4rkte.\",\"breadcrumb\":{\"@id\":\"https:\\\/\\\/www.luigi-bevilacqua.com\\\/de\\\/unternehmen\\\/#breadcrumb\"},\"inLanguage\":\"de\",\"potentialAction\":[{\"@type\":\"ReadAction\",\"target\":[\"https:\\\/\\\/www.luigi-bevilacqua.com\\\/de\\\/unternehmen\\\/\"]}]},{\"@type\":\"ImageObject\",\"inLanguage\":\"de\",\"@id\":\"https:\\\/\\\/www.luigi-bevilacqua.com\\\/de\\\/unternehmen\\\/#primaryimage\",\"url\":\"http:\\\/\\\/www.luigi-bevilacqua.com\\\/wp-content\\\/uploads\\\/2014\\\/08\\\/3.jpg\",\"contentUrl\":\"http:\\\/\\\/www.luigi-bevilacqua.com\\\/wp-content\\\/uploads\\\/2014\\\/08\\\/3.jpg\"},{\"@type\":\"BreadcrumbList\",\"@id\":\"https:\\\/\\\/www.luigi-bevilacqua.com\\\/de\\\/unternehmen\\\/#breadcrumb\",\"itemListElement\":[{\"@type\":\"ListItem\",\"position\":1,\"name\":\"Home\",\"item\":\"https:\\\/\\\/www.luigi-bevilacqua.com\\\/de\\\/\"},{\"@type\":\"ListItem\",\"position\":2,\"name\":\"Unternehmen\"}]},{\"@type\":\"WebSite\",\"@id\":\"https:\\\/\\\/www.luigi-bevilacqua.com\\\/de\\\/#website\",\"url\":\"https:\\\/\\\/www.luigi-bevilacqua.com\\\/de\\\/\",\"name\":\"Tessitura Luigi Bevilaqua\",\"description\":\"Tessitura Bevilacqua\",\"publisher\":{\"@id\":\"https:\\\/\\\/www.luigi-bevilacqua.com\\\/de\\\/#organization\"},\"potentialAction\":[{\"@type\":\"SearchAction\",\"target\":{\"@type\":\"EntryPoint\",\"urlTemplate\":\"https:\\\/\\\/www.luigi-bevilacqua.com\\\/de\\\/?s={search_term_string}\"},\"query-input\":{\"@type\":\"PropertyValueSpecification\",\"valueRequired\":true,\"valueName\":\"search_term_string\"}}],\"inLanguage\":\"de\"},{\"@type\":\"Organization\",\"@id\":\"https:\\\/\\\/www.luigi-bevilacqua.com\\\/de\\\/#organization\",\"name\":\"Tessitura Luigi Bevilacqua\",\"url\":\"https:\\\/\\\/www.luigi-bevilacqua.com\\\/de\\\/\",\"logo\":{\"@type\":\"ImageObject\",\"inLanguage\":\"de\",\"@id\":\"https:\\\/\\\/www.luigi-bevilacqua.com\\\/de\\\/#\\\/schema\\\/logo\\\/image\\\/\",\"url\":\"https:\\\/\\\/www.luigi-bevilacqua.com\\\/wp-content\\\/uploads\\\/2017\\\/04\\\/logo-bevilacqua-home.png\",\"contentUrl\":\"https:\\\/\\\/www.luigi-bevilacqua.com\\\/wp-content\\\/uploads\\\/2017\\\/04\\\/logo-bevilacqua-home.png\",\"width\":272,\"height\":156,\"caption\":\"Tessitura Luigi Bevilacqua\"},\"image\":{\"@id\":\"https:\\\/\\\/www.luigi-bevilacqua.com\\\/de\\\/#\\\/schema\\\/logo\\\/image\\\/\"},\"sameAs\":[\"https:\\\/\\\/www.facebook.com\\\/TessituraLuigiBevilacqua\",\"https:\\\/\\\/x.com\\\/tessiturebevilc\",\"https:\\\/\\\/www.instagram.com\\\/tessiturebevilacqua\\\/\",\"https:\\\/\\\/www.linkedin.com\\\/company\\\/bevilacqua\\\/\",\"https:\\\/\\\/it.pinterest.com\\\/luigibevilacqua\\\/\",\"https:\\\/\\\/www.youtube.com\\\/channel\\\/UCvKX4HKDdjyoJIztAzEekkQ\"]}]}<\/script>\n<!-- \/ Yoast SEO plugin. -->","yoast_head_json":{"title":"Unternehmen - Tessitura Luigi Bevilaqua","description":"Das Unternehmen der Familie Bevilacqua arbeitet an antiken Webst\u00fchlen aus dem 18. Jh. Nach einer bemerkenswerten internationalen Entwicklung \u00f6ffnet man sich heute f\u00fcr die neuen M\u00e4rkte.","robots":{"index":"index","follow":"follow","max-snippet":"max-snippet:-1","max-image-preview":"max-image-preview:large","max-video-preview":"max-video-preview:-1"},"canonical":"https:\/\/www.luigi-bevilacqua.com\/de\/unternehmen\/","og_locale":"de_DE","og_type":"article","og_title":"Unternehmen - Tessitura Luigi Bevilaqua","og_description":"Das Unternehmen der Familie Bevilacqua arbeitet an antiken Webst\u00fchlen aus dem 18. Jh. Nach einer bemerkenswerten internationalen Entwicklung \u00f6ffnet man sich heute f\u00fcr die neuen M\u00e4rkte.","og_url":"https:\/\/www.luigi-bevilacqua.com\/de\/unternehmen\/","og_site_name":"Tessitura Luigi Bevilaqua","article_publisher":"https:\/\/www.facebook.com\/TessituraLuigiBevilacqua","article_modified_time":"2015-04-22T11:54:26+00:00","og_image":[{"url":"http:\/\/www.luigi-bevilacqua.com\/wp-content\/uploads\/2014\/08\/3.jpg","type":"","width":"","height":""}],"schema":{"@context":"https:\/\/schema.org","@graph":[{"@type":"WebPage","@id":"https:\/\/www.luigi-bevilacqua.com\/de\/unternehmen\/","url":"https:\/\/www.luigi-bevilacqua.com\/de\/unternehmen\/","name":"Unternehmen - Tessitura Luigi Bevilaqua","isPartOf":{"@id":"https:\/\/www.luigi-bevilacqua.com\/de\/#website"},"primaryImageOfPage":{"@id":"https:\/\/www.luigi-bevilacqua.com\/de\/unternehmen\/#primaryimage"},"image":{"@id":"https:\/\/www.luigi-bevilacqua.com\/de\/unternehmen\/#primaryimage"},"thumbnailUrl":"http:\/\/www.luigi-bevilacqua.com\/wp-content\/uploads\/2014\/08\/3.jpg","datePublished":"2014-12-01T15:38:18+00:00","dateModified":"2015-04-22T11:54:26+00:00","description":"Das Unternehmen der Familie Bevilacqua arbeitet an antiken Webst\u00fchlen aus dem 18. Jh. Nach einer bemerkenswerten internationalen Entwicklung \u00f6ffnet man sich heute f\u00fcr die neuen M\u00e4rkte.","breadcrumb":{"@id":"https:\/\/www.luigi-bevilacqua.com\/de\/unternehmen\/#breadcrumb"},"inLanguage":"de","potentialAction":[{"@type":"ReadAction","target":["https:\/\/www.luigi-bevilacqua.com\/de\/unternehmen\/"]}]},{"@type":"ImageObject","inLanguage":"de","@id":"https:\/\/www.luigi-bevilacqua.com\/de\/unternehmen\/#primaryimage","url":"http:\/\/www.luigi-bevilacqua.com\/wp-content\/uploads\/2014\/08\/3.jpg","contentUrl":"http:\/\/www.luigi-bevilacqua.com\/wp-content\/uploads\/2014\/08\/3.jpg"},{"@type":"BreadcrumbList","@id":"https:\/\/www.luigi-bevilacqua.com\/de\/unternehmen\/#breadcrumb","itemListElement":[{"@type":"ListItem","position":1,"name":"Home","item":"https:\/\/www.luigi-bevilacqua.com\/de\/"},{"@type":"ListItem","position":2,"name":"Unternehmen"}]},{"@type":"WebSite","@id":"https:\/\/www.luigi-bevilacqua.com\/de\/#website","url":"https:\/\/www.luigi-bevilacqua.com\/de\/","name":"Tessitura Luigi Bevilaqua","description":"Tessitura Bevilacqua","publisher":{"@id":"https:\/\/www.luigi-bevilacqua.com\/de\/#organization"},"potentialAction":[{"@type":"SearchAction","target":{"@type":"EntryPoint","urlTemplate":"https:\/\/www.luigi-bevilacqua.com\/de\/?s={search_term_string}"},"query-input":{"@type":"PropertyValueSpecification","valueRequired":true,"valueName":"search_term_string"}}],"inLanguage":"de"},{"@type":"Organization","@id":"https:\/\/www.luigi-bevilacqua.com\/de\/#organization","name":"Tessitura Luigi Bevilacqua","url":"https:\/\/www.luigi-bevilacqua.com\/de\/","logo":{"@type":"ImageObject","inLanguage":"de","@id":"https:\/\/www.luigi-bevilacqua.com\/de\/#\/schema\/logo\/image\/","url":"https:\/\/www.luigi-bevilacqua.com\/wp-content\/uploads\/2017\/04\/logo-bevilacqua-home.png","contentUrl":"https:\/\/www.luigi-bevilacqua.com\/wp-content\/uploads\/2017\/04\/logo-bevilacqua-home.png","width":272,"height":156,"caption":"Tessitura Luigi Bevilacqua"},"image":{"@id":"https:\/\/www.luigi-bevilacqua.com\/de\/#\/schema\/logo\/image\/"},"sameAs":["https:\/\/www.facebook.com\/TessituraLuigiBevilacqua","https:\/\/x.com\/tessiturebevilc","https:\/\/www.instagram.com\/tessiturebevilacqua\/","https:\/\/www.linkedin.com\/company\/bevilacqua\/","https:\/\/it.pinterest.com\/luigibevilacqua\/","https:\/\/www.youtube.com\/channel\/UCvKX4HKDdjyoJIztAzEekkQ"]}]}},"_links":{"self":[{"href":"https:\/\/www.luigi-bevilacqua.com\/de\/wp-json\/wp\/v2\/pages\/4564","targetHints":{"allow":["GET"]}}],"collection":[{"href":"https:\/\/www.luigi-bevilacqua.com\/de\/wp-json\/wp\/v2\/pages"}],"about":[{"href":"https:\/\/www.luigi-bevilacqua.com\/de\/wp-json\/wp\/v2\/types\/page"}],"author":[{"embeddable":true,"href":"https:\/\/www.luigi-bevilacqua.com\/de\/wp-json\/wp\/v2\/users\/1"}],"replies":[{"embeddable":true,"href":"https:\/\/www.luigi-bevilacqua.com\/de\/wp-json\/wp\/v2\/comments?post=4564"}],"version-history":[{"count":0,"href":"https:\/\/www.luigi-bevilacqua.com\/de\/wp-json\/wp\/v2\/pages\/4564\/revisions"}],"wp:attachment":[{"href":"https:\/\/www.luigi-bevilacqua.com\/de\/wp-json\/wp\/v2\/media?parent=4564"}],"curies":[{"name":"wp","href":"https:\/\/api.w.org\/{rel}","templated":true}]}}