{"id":35098,"date":"2018-02-02T12:01:49","date_gmt":"2018-02-02T11:01:49","guid":{"rendered":"http:\/\/www.luigi-bevilacqua.com\/?page_id=35098"},"modified":"2020-07-14T09:25:22","modified_gmt":"2020-07-14T07:25:22","slug":"gewebe","status":"publish","type":"page","link":"https:\/\/www.luigi-bevilacqua.com\/de\/gewebe\/","title":{"rendered":"Gewebe"},"content":{"rendered":"<p>[et_pb_section fb_built=&#8220;1&#8243; admin_label=&#8220;section&#8220; _builder_version=&#8220;3.22&#8243;][et_pb_row _builder_version=&#8220;3.25&#8243; background_size=&#8220;initial&#8220; background_position=&#8220;top_left&#8220; background_repeat=&#8220;repeat&#8220;][et_pb_column type=&#8220;4_4&#8243; _builder_version=&#8220;3.25&#8243; custom_padding=&#8220;|||&#8220; custom_padding__hover=&#8220;|||&#8220;][et_pb_text _builder_version=&#8220;3.27.4&#8243; text_font=&#8220;Roboto|||on|||||&#8220; text_font_size=&#8220;14px&#8220; text_letter_spacing=&#8220;1px&#8220;]<\/p>\n<p style=\"text-align: center;\">Gewebe<\/p>\n<p>[\/et_pb_text][\/et_pb_column][\/et_pb_row][et_pb_row _builder_version=&#8220;4.4.8&#8243;][et_pb_column type=&#8220;4_4&#8243; _builder_version=&#8220;4.4.8&#8243;][et_pb_text _builder_version=&#8220;4.4.8&#8243;]Tessitura Luigi Bevilacqua stellt hochwertige Gewebe f\u00fcr Einrichtung und Haute Couture her: Samte, Damaste, Lampas, Brokatellen und den kostbaren Soprarizzo-Samt, der noch heute von Hand gefertigt wird. Die manuelle Produktion in den drei\u00dfiger Jahren wurde von einer maschinellen Fertigung flankiert, die auf exklusiven Designs und Techniken basiert, die die Qualit\u00e4t der Stoffe garantieren. Sowohl diese als auch die von Hand gefertigten werden in prestigetr\u00e4chtigen Residenzen, bei der Restaurierung von Pal\u00e4sten und antiken Geb\u00e4uden und zur Herstellung hochmodischer Kleidungsst\u00fccke verwendet.[\/et_pb_text][\/et_pb_column][\/et_pb_row][et_pb_row column_structure=&#8220;1_3,1_3,1_3&#8243; _builder_version=&#8220;4.4.8&#8243; background_size=&#8220;initial&#8220; background_position=&#8220;top_left&#8220; background_repeat=&#8220;repeat&#8220; custom_padding=&#8220;|125px||125px|false|false&#8220;][et_pb_column type=&#8220;1_3&#8243; _builder_version=&#8220;3.25&#8243; custom_padding=&#8220;|||&#8220; custom_padding__hover=&#8220;|||&#8220;][et_pb_image src=&#8220;http:\/\/www.luigi-bevilacqua.com\/wp-content\/uploads\/2014\/11\/Velluto-Casa-Bianca-gardenia-662-39372d.jpg&#8220; alt=&#8220;Velluto Casa Bianca gardenia 662-39372d | Tessitura Bevilacqua&#8220; title_text=&#8220;Velluto Casa Bianca gardenia 662-39372d | Tessitura Bevilacqua&#8220; url=&#8220;https:\/\/www.luigi-bevilacqua.com\/de\/samte\/&#8220; _builder_version=&#8220;4.4.8&#8243; custom_margin=&#8220;||12px|||&#8220;][\/et_pb_image][et_pb_text _builder_version=&#8220;4.4.8&#8243; text_font=&#8220;|||on|||||&#8220; header_2_font_size=&#8220;12px&#8220;]<\/p>\n<h2>Samte<\/h2>\n<p>[\/et_pb_text][et_pb_image src=&#8220;http:\/\/www.luigi-bevilacqua.com\/wp-content\/uploads\/2014\/11\/Velluto-Grottesche-petrolio.jpg&#8220; alt=&#8220;Velluto Grottesche petrolio | Tessitura Bevilacqua&#8220; title_text=&#8220;Velluto Grottesche petrolio | Tessitura Bevilacqua&#8220; url=&#8220;https:\/\/www.luigi-bevilacqua.com\/de\/mehrfarbige-samte\/&#8220; _builder_version=&#8220;4.4.8&#8243; custom_margin=&#8220;||12px|||&#8220;][\/et_pb_image][et_pb_text _builder_version=&#8220;4.4.8&#8243; text_font=&#8220;|||on|||||&#8220; header_2_font_size=&#8220;12px&#8220;]<\/p>\n<h2>Mehrfarbige Samte<\/h2>\n<p>[\/et_pb_text][et_pb_image src=&#8220;http:\/\/www.luigi-bevilacqua.com\/wp-content\/uploads\/2020\/01\/Broccatello-Griccia-turchese-ANTICO-103-34293-copertina-900&#215;600-1.jpg&#8220; alt=&#8220;Broccatello Griccia turchese antico 103-34293 | Tessitura Bevilacqua&#8220; title_text=&#8220;Broccatello Griccia turchese antico 103-34293 | Tessitura Bevilacqua&#8220; url=&#8220;https:\/\/www.luigi-bevilacqua.com\/de\/brokatellen\/&#8220; _builder_version=&#8220;4.4.8&#8243; custom_margin=&#8220;||12px|||&#8220;][\/et_pb_image][et_pb_text _builder_version=&#8220;4.4.8&#8243; text_font=&#8220;|||on|||||&#8220; header_2_font_size=&#8220;12px&#8220;]<\/p>\n<h2>Brokatellen<\/h2>\n<p>[\/et_pb_text][\/et_pb_column][et_pb_column type=&#8220;1_3&#8243; _builder_version=&#8220;3.25&#8243; custom_padding=&#8220;|||&#8220; custom_padding__hover=&#8220;|||&#8220;][et_pb_image src=&#8220;http:\/\/www.luigi-bevilacqua.com\/wp-content\/uploads\/2018\/05\/Soprarizzo-Piovego-3916.jpg&#8220; alt=&#8220;Soprarizzo Piovego 3916 | Tessitura Bevilacqua&#8220; title_text=&#8220;Soprarizzo Piovego 3916 | Tessitura Bevilacqua&#8220; url=&#8220;https:\/\/www.luigi-bevilacqua.com\/de\/handgewebte-samte\/&#8220; _builder_version=&#8220;4.4.8&#8243; custom_margin=&#8220;||12px|||&#8220;][\/et_pb_image][et_pb_text _builder_version=&#8220;4.4.8&#8243; text_font=&#8220;|||on|||||&#8220; header_2_font_size=&#8220;12px&#8220;]<\/p>\n<h2>Handgewebte Samte<\/h2>\n<p>[\/et_pb_text][et_pb_image src=&#8220;http:\/\/www.luigi-bevilacqua.com\/wp-content\/uploads\/2018\/03\/Velluto-Fiere-069-3973.jpg&#8220; alt=&#8220;Velluto Onda gardenia | Tessitura Bevilacqua&#8220; title_text=&#8220;Velluto Fiere 069-3973 | Tessiture Bevilacqua&#8220; url=&#8220;https:\/\/www.luigi-bevilacqua.com\/de\/litzensamte\/&#8220; _builder_version=&#8220;4.4.8&#8243; custom_margin=&#8220;||12px|||&#8220;][\/et_pb_image][et_pb_text _builder_version=&#8220;4.4.8&#8243; text_font=&#8220;|||on|||||&#8220; header_2_font_size=&#8220;12px&#8220;]<\/p>\n<h2>Litzensamte<\/h2>\n<p>[\/et_pb_text][et_pb_image src=&#8220;http:\/\/www.luigi-bevilacqua.com\/wp-content\/uploads\/2014\/11\/Raso-Goffrato-azzurro.jpg&#8220; alt=&#8220;Raso Goffrato azzurro | Tessitura Bevilacqua&#8220; title_text=&#8220;Raso Goffrato azzurro | Tessitura Bevilacqua&#8220; url=&#8220;https:\/\/www.luigi-bevilacqua.com\/de\/satin\/&#8220; _builder_version=&#8220;4.4.8&#8243; custom_margin=&#8220;||12px|||&#8220;][\/et_pb_image][et_pb_text _builder_version=&#8220;4.4.8&#8243; text_font=&#8220;|||on|||||&#8220; header_2_font_size=&#8220;12px&#8220;]<\/p>\n<h2>Satin<\/h2>\n<p>[\/et_pb_text][\/et_pb_column][et_pb_column type=&#8220;1_3&#8243; _builder_version=&#8220;3.25&#8243; custom_padding=&#8220;|||&#8220; custom_padding__hover=&#8220;|||&#8220;][et_pb_image src=&#8220;http:\/\/www.luigi-bevilacqua.com\/wp-content\/uploads\/2020\/06\/Velluti-Animali-Bevilacqua.jpg&#8220; alt=&#8220;Velluto Onda gardenia | Tessitura Bevilacqua&#8220; title_text=&#8220;Velluti Animali Bevilacqua&#8220; url=&#8220;https:\/\/www.luigi-bevilacqua.com\/de\/tiersamte\/&#8220; _builder_version=&#8220;4.4.8&#8243; custom_margin=&#8220;||12px|||&#8220;][\/et_pb_image][et_pb_text _builder_version=&#8220;4.4.8&#8243; text_font=&#8220;|||on|||||&#8220; text_font_size=&#8220;1px&#8220; header_2_font_size=&#8220;12px&#8220;]<\/p>\n<h2>Tiersamte<\/h2>\n<p>[\/et_pb_text][et_pb_image src=&#8220;http:\/\/www.luigi-bevilacqua.com\/wp-content\/uploads\/2014\/09\/Damasco-31089-rosa.jpg&#8220; alt=&#8220;Damasco 31089 rosa | Tessitura Bevilacqua&#8220; title_text=&#8220;Damasco 31089 rosa | Tessitura Bevilacqua&#8220; url=&#8220;https:\/\/www.luigi-bevilacqua.com\/de\/damaste\/&#8220; _builder_version=&#8220;4.4.8&#8243; custom_margin=&#8220;||12px|||&#8220;][\/et_pb_image][et_pb_text _builder_version=&#8220;4.5.0&#8243; text_font=&#8220;|||on|||||&#8220; header_2_font_size=&#8220;12px&#8220; hover_enabled=&#8220;0&#8243;]<\/p>\n<h2>Damaste<\/h2>\n<p>[\/et_pb_text][et_pb_image src=&#8220;http:\/\/www.luigi-bevilacqua.com\/wp-content\/uploads\/2020\/01\/Lampasso-Tulipani-Corallo-094-34040-copertina-1.jpg&#8220; alt=&#8220;Lampasso Tulipani Corallo | Tessitura Bevilacqua&#8220; title_text=&#8220;Lampasso Tulipani Corallo | Tessitura Bevilacqua&#8220; url=&#8220;https:\/\/www.luigi-bevilacqua.com\/de\/lampas\/&#8220; _builder_version=&#8220;4.4.8&#8243; custom_margin=&#8220;||12px|||&#8220;][\/et_pb_image][et_pb_text _builder_version=&#8220;4.4.8&#8243; text_font=&#8220;|||on|||||&#8220; header_2_font_size=&#8220;12px&#8220;]<\/p>\n<h2>Lampas<\/h2>\n<p>[\/et_pb_text][\/et_pb_column][\/et_pb_row][\/et_pb_section]<\/p>\n<span class=\"et_bloom_bottom_trigger\"><\/span>","protected":false},"excerpt":{"rendered":"<p>Gewebe Tessitura Luigi Bevilacqua stellt hochwertige Gewebe f\u00fcr Einrichtung und Haute Couture her: Samte, Damaste, Lampas, Brokatellen und den kostbaren Soprarizzo-Samt, der noch heute von Hand gefertigt wird. Die manuelle Produktion in den drei\u00dfiger Jahren wurde von einer maschinellen Fertigung flankiert, die auf exklusiven Designs und Techniken basiert, die die Qualit\u00e4t der Stoffe garantieren. Sowohl [&hellip;]<\/p>\n","protected":false},"author":1,"featured_media":0,"parent":0,"menu_order":0,"comment_status":"closed","ping_status":"closed","template":"","meta":{"_et_pb_use_builder":"on","_et_pb_old_content":"","_et_gb_content_width":"","footnotes":""},"class_list":["post-35098","page","type-page","status-publish","hentry"],"yoast_head":"<!-- This site is optimized with the Yoast SEO plugin v27.3 - https:\/\/yoast.com\/product\/yoast-seo-wordpress\/ -->\n<title>Gewebe - Tessitura Luigi Bevilaqua<\/title>\n<meta name=\"robots\" content=\"noindex, follow\" \/>\n<meta property=\"og:locale\" content=\"de_DE\" \/>\n<meta property=\"og:type\" content=\"article\" \/>\n<meta property=\"og:title\" content=\"Gewebe - Tessitura Luigi Bevilaqua\" \/>\n<meta property=\"og:description\" content=\"Gewebe Tessitura Luigi Bevilacqua stellt hochwertige Gewebe f\u00fcr Einrichtung und Haute Couture her: Samte, Damaste, Lampas, Brokatellen und den kostbaren Soprarizzo-Samt, der noch heute von Hand gefertigt wird. Die manuelle Produktion in den drei\u00dfiger Jahren wurde von einer maschinellen Fertigung flankiert, die auf exklusiven Designs und Techniken basiert, die die Qualit\u00e4t der Stoffe garantieren. Sowohl [&hellip;]\" \/>\n<meta property=\"og:url\" content=\"https:\/\/www.luigi-bevilacqua.com\/de\/gewebe\/\" \/>\n<meta property=\"og:site_name\" content=\"Tessitura Luigi Bevilaqua\" \/>\n<meta property=\"article:publisher\" content=\"https:\/\/www.facebook.com\/TessituraLuigiBevilacqua\" \/>\n<meta property=\"article:modified_time\" content=\"2020-07-14T07:25:22+00:00\" \/>\n<meta property=\"og:image\" content=\"https:\/\/www.luigi-bevilacqua.com\/wp-content\/uploads\/2014\/08\/DSC_4120_2.jpg\" \/>\n\t<meta property=\"og:image:width\" content=\"1130\" \/>\n\t<meta property=\"og:image:height\" content=\"561\" \/>\n\t<meta property=\"og:image:type\" content=\"image\/jpeg\" \/>\n<script type=\"application\/ld+json\" class=\"yoast-schema-graph\">{\"@context\":\"https:\\\/\\\/schema.org\",\"@graph\":[{\"@type\":\"WebPage\",\"@id\":\"https:\\\/\\\/www.luigi-bevilacqua.com\\\/de\\\/gewebe\\\/\",\"url\":\"https:\\\/\\\/www.luigi-bevilacqua.com\\\/de\\\/gewebe\\\/\",\"name\":\"Gewebe - Tessitura Luigi Bevilaqua\",\"isPartOf\":{\"@id\":\"https:\\\/\\\/www.luigi-bevilacqua.com\\\/de\\\/#website\"},\"datePublished\":\"2018-02-02T11:01:49+00:00\",\"dateModified\":\"2020-07-14T07:25:22+00:00\",\"breadcrumb\":{\"@id\":\"https:\\\/\\\/www.luigi-bevilacqua.com\\\/de\\\/gewebe\\\/#breadcrumb\"},\"inLanguage\":\"de\",\"potentialAction\":[{\"@type\":\"ReadAction\",\"target\":[\"https:\\\/\\\/www.luigi-bevilacqua.com\\\/de\\\/gewebe\\\/\"]}]},{\"@type\":\"BreadcrumbList\",\"@id\":\"https:\\\/\\\/www.luigi-bevilacqua.com\\\/de\\\/gewebe\\\/#breadcrumb\",\"itemListElement\":[{\"@type\":\"ListItem\",\"position\":1,\"name\":\"Home\",\"item\":\"https:\\\/\\\/www.luigi-bevilacqua.com\\\/de\\\/\"},{\"@type\":\"ListItem\",\"position\":2,\"name\":\"Gewebe\"}]},{\"@type\":\"WebSite\",\"@id\":\"https:\\\/\\\/www.luigi-bevilacqua.com\\\/de\\\/#website\",\"url\":\"https:\\\/\\\/www.luigi-bevilacqua.com\\\/de\\\/\",\"name\":\"Tessitura Luigi Bevilaqua\",\"description\":\"Tessitura Bevilacqua\",\"publisher\":{\"@id\":\"https:\\\/\\\/www.luigi-bevilacqua.com\\\/de\\\/#organization\"},\"potentialAction\":[{\"@type\":\"SearchAction\",\"target\":{\"@type\":\"EntryPoint\",\"urlTemplate\":\"https:\\\/\\\/www.luigi-bevilacqua.com\\\/de\\\/?s={search_term_string}\"},\"query-input\":{\"@type\":\"PropertyValueSpecification\",\"valueRequired\":true,\"valueName\":\"search_term_string\"}}],\"inLanguage\":\"de\"},{\"@type\":\"Organization\",\"@id\":\"https:\\\/\\\/www.luigi-bevilacqua.com\\\/de\\\/#organization\",\"name\":\"Tessitura Luigi Bevilacqua\",\"url\":\"https:\\\/\\\/www.luigi-bevilacqua.com\\\/de\\\/\",\"logo\":{\"@type\":\"ImageObject\",\"inLanguage\":\"de\",\"@id\":\"https:\\\/\\\/www.luigi-bevilacqua.com\\\/de\\\/#\\\/schema\\\/logo\\\/image\\\/\",\"url\":\"https:\\\/\\\/www.luigi-bevilacqua.com\\\/wp-content\\\/uploads\\\/2017\\\/04\\\/logo-bevilacqua-home.png\",\"contentUrl\":\"https:\\\/\\\/www.luigi-bevilacqua.com\\\/wp-content\\\/uploads\\\/2017\\\/04\\\/logo-bevilacqua-home.png\",\"width\":272,\"height\":156,\"caption\":\"Tessitura Luigi Bevilacqua\"},\"image\":{\"@id\":\"https:\\\/\\\/www.luigi-bevilacqua.com\\\/de\\\/#\\\/schema\\\/logo\\\/image\\\/\"},\"sameAs\":[\"https:\\\/\\\/www.facebook.com\\\/TessituraLuigiBevilacqua\",\"https:\\\/\\\/x.com\\\/tessiturebevilc\",\"https:\\\/\\\/www.instagram.com\\\/tessiturebevilacqua\\\/\",\"https:\\\/\\\/www.linkedin.com\\\/company\\\/bevilacqua\\\/\",\"https:\\\/\\\/it.pinterest.com\\\/luigibevilacqua\\\/\",\"https:\\\/\\\/www.youtube.com\\\/channel\\\/UCvKX4HKDdjyoJIztAzEekkQ\"]}]}<\/script>\n<!-- \/ Yoast SEO plugin. -->","yoast_head_json":{"title":"Gewebe - Tessitura Luigi Bevilaqua","robots":{"index":"noindex","follow":"follow"},"og_locale":"de_DE","og_type":"article","og_title":"Gewebe - Tessitura Luigi Bevilaqua","og_description":"Gewebe Tessitura Luigi Bevilacqua stellt hochwertige Gewebe f\u00fcr Einrichtung und Haute Couture her: Samte, Damaste, Lampas, Brokatellen und den kostbaren Soprarizzo-Samt, der noch heute von Hand gefertigt wird. Die manuelle Produktion in den drei\u00dfiger Jahren wurde von einer maschinellen Fertigung flankiert, die auf exklusiven Designs und Techniken basiert, die die Qualit\u00e4t der Stoffe garantieren. Sowohl [&hellip;]","og_url":"https:\/\/www.luigi-bevilacqua.com\/de\/gewebe\/","og_site_name":"Tessitura Luigi Bevilaqua","article_publisher":"https:\/\/www.facebook.com\/TessituraLuigiBevilacqua","article_modified_time":"2020-07-14T07:25:22+00:00","og_image":[{"width":1130,"height":561,"url":"https:\/\/www.luigi-bevilacqua.com\/wp-content\/uploads\/2014\/08\/DSC_4120_2.jpg","type":"image\/jpeg"}],"schema":{"@context":"https:\/\/schema.org","@graph":[{"@type":"WebPage","@id":"https:\/\/www.luigi-bevilacqua.com\/de\/gewebe\/","url":"https:\/\/www.luigi-bevilacqua.com\/de\/gewebe\/","name":"Gewebe - Tessitura Luigi Bevilaqua","isPartOf":{"@id":"https:\/\/www.luigi-bevilacqua.com\/de\/#website"},"datePublished":"2018-02-02T11:01:49+00:00","dateModified":"2020-07-14T07:25:22+00:00","breadcrumb":{"@id":"https:\/\/www.luigi-bevilacqua.com\/de\/gewebe\/#breadcrumb"},"inLanguage":"de","potentialAction":[{"@type":"ReadAction","target":["https:\/\/www.luigi-bevilacqua.com\/de\/gewebe\/"]}]},{"@type":"BreadcrumbList","@id":"https:\/\/www.luigi-bevilacqua.com\/de\/gewebe\/#breadcrumb","itemListElement":[{"@type":"ListItem","position":1,"name":"Home","item":"https:\/\/www.luigi-bevilacqua.com\/de\/"},{"@type":"ListItem","position":2,"name":"Gewebe"}]},{"@type":"WebSite","@id":"https:\/\/www.luigi-bevilacqua.com\/de\/#website","url":"https:\/\/www.luigi-bevilacqua.com\/de\/","name":"Tessitura Luigi Bevilaqua","description":"Tessitura Bevilacqua","publisher":{"@id":"https:\/\/www.luigi-bevilacqua.com\/de\/#organization"},"potentialAction":[{"@type":"SearchAction","target":{"@type":"EntryPoint","urlTemplate":"https:\/\/www.luigi-bevilacqua.com\/de\/?s={search_term_string}"},"query-input":{"@type":"PropertyValueSpecification","valueRequired":true,"valueName":"search_term_string"}}],"inLanguage":"de"},{"@type":"Organization","@id":"https:\/\/www.luigi-bevilacqua.com\/de\/#organization","name":"Tessitura Luigi Bevilacqua","url":"https:\/\/www.luigi-bevilacqua.com\/de\/","logo":{"@type":"ImageObject","inLanguage":"de","@id":"https:\/\/www.luigi-bevilacqua.com\/de\/#\/schema\/logo\/image\/","url":"https:\/\/www.luigi-bevilacqua.com\/wp-content\/uploads\/2017\/04\/logo-bevilacqua-home.png","contentUrl":"https:\/\/www.luigi-bevilacqua.com\/wp-content\/uploads\/2017\/04\/logo-bevilacqua-home.png","width":272,"height":156,"caption":"Tessitura Luigi Bevilacqua"},"image":{"@id":"https:\/\/www.luigi-bevilacqua.com\/de\/#\/schema\/logo\/image\/"},"sameAs":["https:\/\/www.facebook.com\/TessituraLuigiBevilacqua","https:\/\/x.com\/tessiturebevilc","https:\/\/www.instagram.com\/tessiturebevilacqua\/","https:\/\/www.linkedin.com\/company\/bevilacqua\/","https:\/\/it.pinterest.com\/luigibevilacqua\/","https:\/\/www.youtube.com\/channel\/UCvKX4HKDdjyoJIztAzEekkQ"]}]}},"_links":{"self":[{"href":"https:\/\/www.luigi-bevilacqua.com\/de\/wp-json\/wp\/v2\/pages\/35098","targetHints":{"allow":["GET"]}}],"collection":[{"href":"https:\/\/www.luigi-bevilacqua.com\/de\/wp-json\/wp\/v2\/pages"}],"about":[{"href":"https:\/\/www.luigi-bevilacqua.com\/de\/wp-json\/wp\/v2\/types\/page"}],"author":[{"embeddable":true,"href":"https:\/\/www.luigi-bevilacqua.com\/de\/wp-json\/wp\/v2\/users\/1"}],"replies":[{"embeddable":true,"href":"https:\/\/www.luigi-bevilacqua.com\/de\/wp-json\/wp\/v2\/comments?post=35098"}],"version-history":[{"count":0,"href":"https:\/\/www.luigi-bevilacqua.com\/de\/wp-json\/wp\/v2\/pages\/35098\/revisions"}],"wp:attachment":[{"href":"https:\/\/www.luigi-bevilacqua.com\/de\/wp-json\/wp\/v2\/media?parent=35098"}],"curies":[{"name":"wp","href":"https:\/\/api.w.org\/{rel}","templated":true}]}}