{"id":14310,"date":"2018-01-08T12:17:56","date_gmt":"2018-01-08T11:17:56","guid":{"rendered":"http:\/\/www.luigi-bevilacqua.com\/?page_id=14310"},"modified":"2019-07-24T11:46:38","modified_gmt":"2019-07-24T09:46:38","slug":"magazin","status":"publish","type":"page","link":"https:\/\/www.luigi-bevilacqua.com\/de\/magazin\/","title":{"rendered":"Magazin"},"content":{"rendered":"<p>[et_pb_section bb_built=&#8220;1&#8243; _builder_version=&#8220;3.0.47&#8243; next_background_color=&#8220;#000000&#8243; inner_width=&#8220;auto&#8220; inner_max_width=&#8220;1080px&#8220;][et_pb_row _builder_version=&#8220;3.0.90&#8243; background_size=&#8220;initial&#8220; background_position=&#8220;top_left&#8220; background_repeat=&#8220;repeat&#8220; width=&#8220;80%&#8220; max_width=&#8220;1080px&#8220;][et_pb_column type=&#8220;4_4&#8243; custom_padding__hover=&#8220;|||&#8220; custom_padding=&#8220;|||&#8220;][et_pb_text _builder_version=&#8220;3.0.106&#8243; text_font=&#8220;Roboto|||on|||||&#8220; text_font_size=&#8220;15px&#8220; text_text_color=&#8220;rgba(0,0,0,0.63)&#8220; text_letter_spacing=&#8220;1px&#8220; text_orientation=&#8220;center&#8220; module_alignment=&#8220;center&#8220; background_layout=&#8220;light&#8220;]<\/p>\n<p style=\"text-align: center;\">Magazin<\/p>\n<p>[\/et_pb_text][\/et_pb_column][\/et_pb_row][et_pb_row _builder_version=&#8220;3.0.90&#8243; background_size=&#8220;initial&#8220; background_position=&#8220;top_left&#8220; background_repeat=&#8220;repeat&#8220; width=&#8220;80%&#8220; max_width=&#8220;1080px&#8220;][et_pb_column type=&#8220;4_4&#8243; custom_padding__hover=&#8220;|||&#8220; custom_padding=&#8220;|||&#8220;][et_pb_blog fullwidth=&#8220;off&#8220; posts_number=&#8220;12&#8243; show_author=&#8220;off&#8220; show_categories=&#8220;off&#8220; use_overlay=&#8220;on&#8220; overlay_icon_color=&#8220;#dadddd&#8220; hover_overlay_color=&#8220;rgba(131,0,233,0)&#8220; _builder_version=&#8220;3.26.3&#8243; header_font=&#8220;Roboto|||on|&#8220; header_text_align=&#8220;left&#8220; header_font_size=&#8220;14px&#8220; header_line_height=&#8220;1.2em&#8220; body_font_size=&#8220;11.5px&#8220; body_line_height=&#8220;1.6em&#8220; meta_font_size=&#8220;10px&#8220; pagination_font_size_tablet=&#8220;51&#8243; pagination_line_height_tablet=&#8220;2&#8243; border_width_all=&#8220;0px&#8220; border_width_all_fullwidth=&#8220;1px&#8220; border_color_all_fullwidth=&#8220;#d8d8d8&#8243; use_border_color=&#8220;on&#8220; use_dropshadow=&#8220;off&#8220; meta_date=&#8220;j\/m\/ Y&#8220; box_shadow_horizontal_image_tablet=&#8220;0px&#8220; box_shadow_vertical_image_tablet=&#8220;0px&#8220; box_shadow_blur_image_tablet=&#8220;40px&#8220; box_shadow_spread_image_tablet=&#8220;0px&#8220; text_shadow_horizontal_length=&#8220;text_shadow_style,%91object Object%93&#8243; text_shadow_horizontal_length_tablet=&#8220;0px&#8220; text_shadow_vertical_length=&#8220;text_shadow_style,%91object Object%93&#8243; text_shadow_vertical_length_tablet=&#8220;0px&#8220; text_shadow_blur_strength=&#8220;text_shadow_style,%91object Object%93&#8243; text_shadow_blur_strength_tablet=&#8220;1px&#8220; header_text_shadow_horizontal_length=&#8220;header_text_shadow_style,%91object Object%93&#8243; header_text_shadow_horizontal_length_tablet=&#8220;0px&#8220; header_text_shadow_vertical_length=&#8220;header_text_shadow_style,%91object Object%93&#8243; header_text_shadow_vertical_length_tablet=&#8220;0px&#8220; header_text_shadow_blur_strength=&#8220;header_text_shadow_style,%91object Object%93&#8243; header_text_shadow_blur_strength_tablet=&#8220;1px&#8220; body_text_shadow_horizontal_length=&#8220;body_text_shadow_style,%91object Object%93&#8243; body_text_shadow_horizontal_length_tablet=&#8220;0px&#8220; body_text_shadow_vertical_length=&#8220;body_text_shadow_style,%91object Object%93&#8243; body_text_shadow_vertical_length_tablet=&#8220;0px&#8220; body_text_shadow_blur_strength=&#8220;body_text_shadow_style,%91object Object%93&#8243; body_text_shadow_blur_strength_tablet=&#8220;1px&#8220; body_link_text_shadow_horizontal_length=&#8220;body_link_text_shadow_style,%91object Object%93&#8243; body_link_text_shadow_horizontal_length_tablet=&#8220;0px&#8220; body_link_text_shadow_vertical_length=&#8220;body_link_text_shadow_style,%91object Object%93&#8243; body_link_text_shadow_vertical_length_tablet=&#8220;0px&#8220; body_link_text_shadow_blur_strength=&#8220;body_link_text_shadow_style,%91object Object%93&#8243; body_link_text_shadow_blur_strength_tablet=&#8220;1px&#8220; body_ul_text_shadow_horizontal_length=&#8220;body_ul_text_shadow_style,%91object Object%93&#8243; body_ul_text_shadow_horizontal_length_tablet=&#8220;0px&#8220; body_ul_text_shadow_vertical_length=&#8220;body_ul_text_shadow_style,%91object Object%93&#8243; body_ul_text_shadow_vertical_length_tablet=&#8220;0px&#8220; body_ul_text_shadow_blur_strength=&#8220;body_ul_text_shadow_style,%91object Object%93&#8243; body_ul_text_shadow_blur_strength_tablet=&#8220;1px&#8220; body_ol_text_shadow_horizontal_length=&#8220;body_ol_text_shadow_style,%91object Object%93&#8243; body_ol_text_shadow_horizontal_length_tablet=&#8220;0px&#8220; body_ol_text_shadow_vertical_length=&#8220;body_ol_text_shadow_style,%91object Object%93&#8243; body_ol_text_shadow_vertical_length_tablet=&#8220;0px&#8220; body_ol_text_shadow_blur_strength=&#8220;body_ol_text_shadow_style,%91object Object%93&#8243; body_ol_text_shadow_blur_strength_tablet=&#8220;1px&#8220; body_quote_text_shadow_horizontal_length=&#8220;body_quote_text_shadow_style,%91object Object%93&#8243; body_quote_text_shadow_horizontal_length_tablet=&#8220;0px&#8220; body_quote_text_shadow_vertical_length=&#8220;body_quote_text_shadow_style,%91object Object%93&#8243; body_quote_text_shadow_vertical_length_tablet=&#8220;0px&#8220; body_quote_text_shadow_blur_strength=&#8220;body_quote_text_shadow_style,%91object Object%93&#8243; body_quote_text_shadow_blur_strength_tablet=&#8220;1px&#8220; meta_text_shadow_horizontal_length=&#8220;meta_text_shadow_style,%91object Object%93&#8243; meta_text_shadow_horizontal_length_tablet=&#8220;0px&#8220; meta_text_shadow_vertical_length=&#8220;meta_text_shadow_style,%91object Object%93&#8243; meta_text_shadow_vertical_length_tablet=&#8220;0px&#8220; meta_text_shadow_blur_strength=&#8220;meta_text_shadow_style,%91object Object%93&#8243; meta_text_shadow_blur_strength_tablet=&#8220;1px&#8220; read_more_text_shadow_horizontal_length=&#8220;read_more_text_shadow_style,%91object Object%93&#8243; read_more_text_shadow_horizontal_length_tablet=&#8220;0px&#8220; read_more_text_shadow_vertical_length=&#8220;read_more_text_shadow_style,%91object Object%93&#8243; read_more_text_shadow_vertical_length_tablet=&#8220;0px&#8220; read_more_text_shadow_blur_strength=&#8220;read_more_text_shadow_style,%91object Object%93&#8243; read_more_text_shadow_blur_strength_tablet=&#8220;1px&#8220; pagination_text_shadow_horizontal_length=&#8220;pagination_text_shadow_style,%91object Object%93&#8243; pagination_text_shadow_horizontal_length_tablet=&#8220;0px&#8220; pagination_text_shadow_vertical_length=&#8220;pagination_text_shadow_style,%91object Object%93&#8243; pagination_text_shadow_vertical_length_tablet=&#8220;0px&#8220; pagination_text_shadow_blur_strength=&#8220;pagination_text_shadow_style,%91object Object%93&#8243; pagination_text_shadow_blur_strength_tablet=&#8220;1px&#8220; box_shadow_horizontal_tablet=&#8220;0px&#8220; box_shadow_vertical_tablet=&#8220;0px&#8220; box_shadow_blur_tablet=&#8220;40px&#8220; box_shadow_spread_tablet=&#8220;0px&#8220; z_index_tablet=&#8220;500&#8243; \/][\/et_pb_column][\/et_pb_row][\/et_pb_section][et_pb_section bb_built=&#8220;1&#8243; _builder_version=&#8220;3.0.75&#8243; prev_background_color=&#8220;#000000&#8243; inner_width=&#8220;auto&#8220; inner_max_width=&#8220;1080px&#8220;][et_pb_row use_custom_width=&#8220;on&#8220; width_unit=&#8220;off&#8220; custom_width_percent=&#8220;100%&#8220; custom_padding=&#8220;27px|0px|27px|0px&#8220; background_color=&#8220;#aa868c&#8220; _builder_version=&#8220;3.0.75&#8243; module_alignment=&#8220;center&#8220; width=&#8220;100%&#8220; max_width=&#8220;100%&#8220;][et_pb_column type=&#8220;4_4&#8243; custom_padding__hover=&#8220;|||&#8220; custom_padding=&#8220;|||&#8220;][et_pb_text admin_label=&#8220;Kontaktieren Sie uns f\u00fcr weitere Informationen&#8220; _builder_version=&#8220;3.0.106&#8243; text_font=&#8220;Roboto|||on|&#8220; background_color=&#8220;#aa868c&#8220; background_layout=&#8220;light&#8220;]<\/p>\n<p style=\"text-align: center;\">Kontaktieren Sie uns f\u00fcr weitere Informationen<\/p>\n<p>[\/et_pb_text][\/et_pb_column][\/et_pb_row][et_pb_row][et_pb_column type=&#8220;4_4&#8243; custom_padding__hover=&#8220;|||&#8220; custom_padding=&#8220;|||&#8220;][et_pb_contact_form admin_label=&#8220;Contact Form DE 11-04-2018&#8243; captcha=&#8220;off&#8220; email=&#8220;m.vianello@luigi-bevilacqua.com&#8220; custom_message=&#8220;Email contact form sito DE||et_pb_line_break_holder||||et_pb_line_break_holder||Nome: %%Nome%% ||et_pb_line_break_holder||Email: %%Email%%||et_pb_line_break_holder||Messaggio: %%Message%%||et_pb_line_break_holder||Privacy: %%Privacy%%&#8220; submit_button_text=&#8220;Senden&#8220; form_background_color=&#8220;#dadddd&#8220; module_id=&#8220;et_pb_contact_form_0&#8243; _builder_version=&#8220;3.0.106&#8243; form_field_font_size=&#8220;13px&#8220; max_width=&#8220;75%&#8220; module_alignment=&#8220;left&#8220; custom_button=&#8220;on&#8220; button_text_size=&#8220;12px&#8220; button_text_color=&#8220;#000000&#8243; button_border_width=&#8220;1px&#8220; button_border_radius=&#8220;0px&#8220; button_font=&#8220;|||on|||||&#8220; button_use_icon=&#8220;off&#8220; use_redirect=&#8220;off&#8220; button_icon_placement=&#8220;right&#8220; saved_tabs=&#8220;all&#8220; form_field_background_color=&#8220;#dadddd&#8220;][et_pb_contact_field field_id=&#8220;Name&#8220; field_title=&#8220;Name&#8220; fullwidth_field=&#8220;on&#8220; _builder_version=&#8220;3.0.106&#8243; max_width_tablet=&#8220;100%&#8220; max_width_phone=&#8220;100%&#8220; \/][et_pb_contact_field field_id=&#8220;E-mail&#8220; field_title=&#8220;E-mail Adresse&#8220; field_type=&#8220;email&#8220; fullwidth_field=&#8220;on&#8220; _builder_version=&#8220;3.0.106&#8243; max_width_tablet=&#8220;100%&#8220; max_width_phone=&#8220;100%&#8220; \/][et_pb_contact_field field_id=&#8220;Mitteilung&#8220; field_title=&#8220;Mitteilung&#8220; field_type=&#8220;text&#8220; fullwidth_field=&#8220;on&#8220; _builder_version=&#8220;3.0.106&#8243; max_width_tablet=&#8220;100%&#8220; max_width_phone=&#8220;100%&#8220; \/][et_pb_contact_field field_id=&#8220;Privacy&#8220; field_type=&#8220;checkbox&#8220; checkbox_options=&#8220;%91{%22value%22:%22Hiermit akzeptiere ich die Datenschutzbestimmungen%22,%22checked%22:1}%93&#8243; fullwidth_field=&#8220;on&#8220; _builder_version=&#8220;3.0.106&#8243; max_width_tablet=&#8220;100%&#8220; max_width_phone=&#8220;100%&#8220; checkbox_checked=&#8220;off&#8220; radio_options=&#8220;%91{%22value%22:%22Privacy%22,%22checked%22:0}%93&#8243; select_options=&#8220;%91{%22value%22:%22Privacy%22,%22checked%22:0}%93&#8243; min_length=&#8220;0&#8243; max_length=&#8220;0&#8243; allowed_symbols=&#8220;all&#8220; required_mark=&#8220;on&#8220; conditional_logic=&#8220;off&#8220; conditional_logic_relation=&#8220;off&#8220; conditional_logic_rules=&#8220;%91{%22field%22:%22name%22,%22condition%22:%22is%22,%22value%22:%22%22}%93&#8243; use_background_color_gradient=&#8220;off&#8220; background_color_gradient_start=&#8220;#2b87da&#8220; background_color_gradient_end=&#8220;#29c4a9&#8243; background_color_gradient_type=&#8220;linear&#8220; background_color_gradient_direction=&#8220;180deg&#8220; background_color_gradient_direction_radial=&#8220;center&#8220; background_color_gradient_start_position=&#8220;0%&#8220; background_color_gradient_end_position=&#8220;100%&#8220; background_color_gradient_overlays_image=&#8220;off&#8220; parallax=&#8220;off&#8220; parallax_method=&#8220;on&#8220; background_size=&#8220;cover&#8220; background_position=&#8220;center&#8220; background_repeat=&#8220;no-repeat&#8220; background_blend=&#8220;normal&#8220; allow_player_pause=&#8220;off&#8220; background_video_pause_outside_viewport=&#8220;on&#8220; form_field_text_shadow_style=&#8220;none&#8220; max_width=&#8220;100%&#8220; box_shadow_style=&#8220;none&#8220; field_title=&#8220;Privacy&#8220; form_field_text_shadow_horizontal_length=&#8220;0em&#8220; form_field_text_shadow_vertical_length=&#8220;0em&#8220; form_field_text_shadow_blur_strength=&#8220;0em&#8220; \/][\/et_pb_contact_form][\/et_pb_column][\/et_pb_row][\/et_pb_section]<\/p>\n<span class=\"et_bloom_bottom_trigger\"><\/span>","protected":false},"excerpt":{"rendered":"<p>Viele Kuriosit\u00e4ten \u00fcber die Herstellung von Samten, die Geschichte der Weberei und die letzten Nachrichten \u00fcber Tessitura Bevilacqua in unserem Magazin<\/p>\n","protected":false},"author":3,"featured_media":0,"parent":0,"menu_order":0,"comment_status":"closed","ping_status":"closed","template":"","meta":{"_et_pb_use_builder":"on","_et_pb_old_content":"","_et_gb_content_width":"","footnotes":""},"class_list":["post-14310","page","type-page","status-publish","hentry"],"yoast_head":"<!-- This site is optimized with the Yoast SEO plugin v27.6 - https:\/\/yoast.com\/product\/yoast-seo-wordpress\/ -->\n<title>Blog Tessitura Luigi Bevilacqua: Kuriosit\u00e4ten rund um Luxusgewebe<\/title>\n<meta name=\"description\" content=\"Entdecken Sie viele Kuriosit\u00e4ten \u00fcber die Herstellung von handgewebten Samten, die Geschichte der Weberei in Venedig und rund um die Welt, genau wie die Nachrichten \u00fcber die Veranstaltungen , an denen Tessitura Bevilacqua teilnimmt, in unserem Magazin, das die Welt der Stoffe erkundet\" \/>\n<meta name=\"robots\" content=\"index, follow, max-snippet:-1, max-image-preview:large, max-video-preview:-1\" \/>\n<link rel=\"canonical\" href=\"https:\/\/www.luigi-bevilacqua.com\/de\/magazin\/\" \/>\n<meta property=\"og:locale\" content=\"de_DE\" \/>\n<meta property=\"og:type\" content=\"article\" \/>\n<meta property=\"og:title\" content=\"Blog Tessitura Luigi Bevilacqua: Kuriosit\u00e4ten rund um Luxusgewebe\" \/>\n<meta property=\"og:description\" content=\"Entdecken Sie viele Kuriosit\u00e4ten \u00fcber die Herstellung von handgewebten Samten, die Geschichte der Weberei in Venedig und rund um die Welt, genau wie die Nachrichten \u00fcber die Veranstaltungen , an denen Tessitura Bevilacqua teilnimmt, in unserem Magazin, das die Welt der Stoffe erkundet\" \/>\n<meta property=\"og:url\" content=\"https:\/\/www.luigi-bevilacqua.com\/de\/magazin\/\" \/>\n<meta property=\"og:site_name\" content=\"Tessitura Luigi Bevilaqua\" \/>\n<meta property=\"article:publisher\" content=\"https:\/\/www.facebook.com\/TessituraLuigiBevilacqua\" \/>\n<meta property=\"article:modified_time\" content=\"2019-07-24T09:46:38+00:00\" \/>\n<meta property=\"og:image\" content=\"https:\/\/www.luigi-bevilacqua.com\/wp-content\/uploads\/2014\/08\/DSC_4120_2.jpg\" \/>\n\t<meta property=\"og:image:width\" content=\"1130\" \/>\n\t<meta property=\"og:image:height\" content=\"561\" \/>\n\t<meta property=\"og:image:type\" content=\"image\/jpeg\" \/>\n<script type=\"application\/ld+json\" class=\"yoast-schema-graph\">{\"@context\":\"https:\\\/\\\/schema.org\",\"@graph\":[{\"@type\":\"WebPage\",\"@id\":\"https:\\\/\\\/www.luigi-bevilacqua.com\\\/de\\\/magazin\\\/\",\"url\":\"https:\\\/\\\/www.luigi-bevilacqua.com\\\/de\\\/magazin\\\/\",\"name\":\"Blog Tessitura Luigi Bevilacqua: Kuriosit\u00e4ten rund um Luxusgewebe\",\"isPartOf\":{\"@id\":\"https:\\\/\\\/www.luigi-bevilacqua.com\\\/de\\\/#website\"},\"datePublished\":\"2018-01-08T11:17:56+00:00\",\"dateModified\":\"2019-07-24T09:46:38+00:00\",\"description\":\"Entdecken Sie viele Kuriosit\u00e4ten \u00fcber die Herstellung von handgewebten Samten, die Geschichte der Weberei in Venedig und rund um die Welt, genau wie die Nachrichten \u00fcber die Veranstaltungen , an denen Tessitura Bevilacqua teilnimmt, in unserem Magazin, das die Welt der Stoffe erkundet\",\"breadcrumb\":{\"@id\":\"https:\\\/\\\/www.luigi-bevilacqua.com\\\/de\\\/magazin\\\/#breadcrumb\"},\"inLanguage\":\"de\",\"potentialAction\":[{\"@type\":\"ReadAction\",\"target\":[\"https:\\\/\\\/www.luigi-bevilacqua.com\\\/de\\\/magazin\\\/\"]}]},{\"@type\":\"BreadcrumbList\",\"@id\":\"https:\\\/\\\/www.luigi-bevilacqua.com\\\/de\\\/magazin\\\/#breadcrumb\",\"itemListElement\":[{\"@type\":\"ListItem\",\"position\":1,\"name\":\"Home\",\"item\":\"https:\\\/\\\/www.luigi-bevilacqua.com\\\/de\\\/\"},{\"@type\":\"ListItem\",\"position\":2,\"name\":\"Magazin\"}]},{\"@type\":\"WebSite\",\"@id\":\"https:\\\/\\\/www.luigi-bevilacqua.com\\\/de\\\/#website\",\"url\":\"https:\\\/\\\/www.luigi-bevilacqua.com\\\/de\\\/\",\"name\":\"Tessitura Luigi Bevilaqua\",\"description\":\"Tessitura Bevilacqua\",\"publisher\":{\"@id\":\"https:\\\/\\\/www.luigi-bevilacqua.com\\\/de\\\/#organization\"},\"potentialAction\":[{\"@type\":\"SearchAction\",\"target\":{\"@type\":\"EntryPoint\",\"urlTemplate\":\"https:\\\/\\\/www.luigi-bevilacqua.com\\\/de\\\/?s={search_term_string}\"},\"query-input\":{\"@type\":\"PropertyValueSpecification\",\"valueRequired\":true,\"valueName\":\"search_term_string\"}}],\"inLanguage\":\"de\"},{\"@type\":\"Organization\",\"@id\":\"https:\\\/\\\/www.luigi-bevilacqua.com\\\/de\\\/#organization\",\"name\":\"Tessitura Luigi Bevilacqua\",\"url\":\"https:\\\/\\\/www.luigi-bevilacqua.com\\\/de\\\/\",\"logo\":{\"@type\":\"ImageObject\",\"inLanguage\":\"de\",\"@id\":\"https:\\\/\\\/www.luigi-bevilacqua.com\\\/de\\\/#\\\/schema\\\/logo\\\/image\\\/\",\"url\":\"https:\\\/\\\/www.luigi-bevilacqua.com\\\/wp-content\\\/uploads\\\/2017\\\/04\\\/logo-bevilacqua-home.png\",\"contentUrl\":\"https:\\\/\\\/www.luigi-bevilacqua.com\\\/wp-content\\\/uploads\\\/2017\\\/04\\\/logo-bevilacqua-home.png\",\"width\":272,\"height\":156,\"caption\":\"Tessitura Luigi Bevilacqua\"},\"image\":{\"@id\":\"https:\\\/\\\/www.luigi-bevilacqua.com\\\/de\\\/#\\\/schema\\\/logo\\\/image\\\/\"},\"sameAs\":[\"https:\\\/\\\/www.facebook.com\\\/TessituraLuigiBevilacqua\",\"https:\\\/\\\/x.com\\\/tessiturebevilc\",\"https:\\\/\\\/www.instagram.com\\\/tessiturebevilacqua\\\/\",\"https:\\\/\\\/www.linkedin.com\\\/company\\\/bevilacqua\\\/\",\"https:\\\/\\\/it.pinterest.com\\\/luigibevilacqua\\\/\",\"https:\\\/\\\/www.youtube.com\\\/channel\\\/UCvKX4HKDdjyoJIztAzEekkQ\"]}]}<\/script>\n<!-- \/ Yoast SEO plugin. -->","yoast_head_json":{"title":"Blog Tessitura Luigi Bevilacqua: Kuriosit\u00e4ten rund um Luxusgewebe","description":"Entdecken Sie viele Kuriosit\u00e4ten \u00fcber die Herstellung von handgewebten Samten, die Geschichte der Weberei in Venedig und rund um die Welt, genau wie die Nachrichten \u00fcber die Veranstaltungen , an denen Tessitura Bevilacqua teilnimmt, in unserem Magazin, das die Welt der Stoffe erkundet","robots":{"index":"index","follow":"follow","max-snippet":"max-snippet:-1","max-image-preview":"max-image-preview:large","max-video-preview":"max-video-preview:-1"},"canonical":"https:\/\/www.luigi-bevilacqua.com\/de\/magazin\/","og_locale":"de_DE","og_type":"article","og_title":"Blog Tessitura Luigi Bevilacqua: Kuriosit\u00e4ten rund um Luxusgewebe","og_description":"Entdecken Sie viele Kuriosit\u00e4ten \u00fcber die Herstellung von handgewebten Samten, die Geschichte der Weberei in Venedig und rund um die Welt, genau wie die Nachrichten \u00fcber die Veranstaltungen , an denen Tessitura Bevilacqua teilnimmt, in unserem Magazin, das die Welt der Stoffe erkundet","og_url":"https:\/\/www.luigi-bevilacqua.com\/de\/magazin\/","og_site_name":"Tessitura Luigi Bevilaqua","article_publisher":"https:\/\/www.facebook.com\/TessituraLuigiBevilacqua","article_modified_time":"2019-07-24T09:46:38+00:00","og_image":[{"width":1130,"height":561,"url":"https:\/\/www.luigi-bevilacqua.com\/wp-content\/uploads\/2014\/08\/DSC_4120_2.jpg","type":"image\/jpeg"}],"schema":{"@context":"https:\/\/schema.org","@graph":[{"@type":"WebPage","@id":"https:\/\/www.luigi-bevilacqua.com\/de\/magazin\/","url":"https:\/\/www.luigi-bevilacqua.com\/de\/magazin\/","name":"Blog Tessitura Luigi Bevilacqua: Kuriosit\u00e4ten rund um Luxusgewebe","isPartOf":{"@id":"https:\/\/www.luigi-bevilacqua.com\/de\/#website"},"datePublished":"2018-01-08T11:17:56+00:00","dateModified":"2019-07-24T09:46:38+00:00","description":"Entdecken Sie viele Kuriosit\u00e4ten \u00fcber die Herstellung von handgewebten Samten, die Geschichte der Weberei in Venedig und rund um die Welt, genau wie die Nachrichten \u00fcber die Veranstaltungen , an denen Tessitura Bevilacqua teilnimmt, in unserem Magazin, das die Welt der Stoffe erkundet","breadcrumb":{"@id":"https:\/\/www.luigi-bevilacqua.com\/de\/magazin\/#breadcrumb"},"inLanguage":"de","potentialAction":[{"@type":"ReadAction","target":["https:\/\/www.luigi-bevilacqua.com\/de\/magazin\/"]}]},{"@type":"BreadcrumbList","@id":"https:\/\/www.luigi-bevilacqua.com\/de\/magazin\/#breadcrumb","itemListElement":[{"@type":"ListItem","position":1,"name":"Home","item":"https:\/\/www.luigi-bevilacqua.com\/de\/"},{"@type":"ListItem","position":2,"name":"Magazin"}]},{"@type":"WebSite","@id":"https:\/\/www.luigi-bevilacqua.com\/de\/#website","url":"https:\/\/www.luigi-bevilacqua.com\/de\/","name":"Tessitura Luigi Bevilaqua","description":"Tessitura Bevilacqua","publisher":{"@id":"https:\/\/www.luigi-bevilacqua.com\/de\/#organization"},"potentialAction":[{"@type":"SearchAction","target":{"@type":"EntryPoint","urlTemplate":"https:\/\/www.luigi-bevilacqua.com\/de\/?s={search_term_string}"},"query-input":{"@type":"PropertyValueSpecification","valueRequired":true,"valueName":"search_term_string"}}],"inLanguage":"de"},{"@type":"Organization","@id":"https:\/\/www.luigi-bevilacqua.com\/de\/#organization","name":"Tessitura Luigi Bevilacqua","url":"https:\/\/www.luigi-bevilacqua.com\/de\/","logo":{"@type":"ImageObject","inLanguage":"de","@id":"https:\/\/www.luigi-bevilacqua.com\/de\/#\/schema\/logo\/image\/","url":"https:\/\/www.luigi-bevilacqua.com\/wp-content\/uploads\/2017\/04\/logo-bevilacqua-home.png","contentUrl":"https:\/\/www.luigi-bevilacqua.com\/wp-content\/uploads\/2017\/04\/logo-bevilacqua-home.png","width":272,"height":156,"caption":"Tessitura Luigi Bevilacqua"},"image":{"@id":"https:\/\/www.luigi-bevilacqua.com\/de\/#\/schema\/logo\/image\/"},"sameAs":["https:\/\/www.facebook.com\/TessituraLuigiBevilacqua","https:\/\/x.com\/tessiturebevilc","https:\/\/www.instagram.com\/tessiturebevilacqua\/","https:\/\/www.linkedin.com\/company\/bevilacqua\/","https:\/\/it.pinterest.com\/luigibevilacqua\/","https:\/\/www.youtube.com\/channel\/UCvKX4HKDdjyoJIztAzEekkQ"]}]}},"_links":{"self":[{"href":"https:\/\/www.luigi-bevilacqua.com\/de\/wp-json\/wp\/v2\/pages\/14310","targetHints":{"allow":["GET"]}}],"collection":[{"href":"https:\/\/www.luigi-bevilacqua.com\/de\/wp-json\/wp\/v2\/pages"}],"about":[{"href":"https:\/\/www.luigi-bevilacqua.com\/de\/wp-json\/wp\/v2\/types\/page"}],"author":[{"embeddable":true,"href":"https:\/\/www.luigi-bevilacqua.com\/de\/wp-json\/wp\/v2\/users\/3"}],"replies":[{"embeddable":true,"href":"https:\/\/www.luigi-bevilacqua.com\/de\/wp-json\/wp\/v2\/comments?post=14310"}],"version-history":[{"count":0,"href":"https:\/\/www.luigi-bevilacqua.com\/de\/wp-json\/wp\/v2\/pages\/14310\/revisions"}],"wp:attachment":[{"href":"https:\/\/www.luigi-bevilacqua.com\/de\/wp-json\/wp\/v2\/media?parent=14310"}],"curies":[{"name":"wp","href":"https:\/\/api.w.org\/{rel}","templated":true}]}}