{"id":12139,"date":"2018-01-25T14:54:36","date_gmt":"2018-01-25T13:54:36","guid":{"rendered":"http:\/\/www.luigi-bevilacqua.com\/?page_id=12139"},"modified":"2020-07-13T16:26:58","modified_gmt":"2020-07-13T14:26:58","slug":"satin","status":"publish","type":"page","link":"https:\/\/www.luigi-bevilacqua.com\/de\/satin\/","title":{"rendered":"Satin"},"content":{"rendered":"<p>[et_pb_section fb_built=&#8220;1&#8243; admin_label=&#8220;section&#8220; _builder_version=&#8220;3.22&#8243;][et_pb_row _builder_version=&#8220;3.25&#8243; background_size=&#8220;initial&#8220; background_position=&#8220;top_left&#8220; background_repeat=&#8220;repeat&#8220;][et_pb_column type=&#8220;4_4&#8243; _builder_version=&#8220;3.25&#8243; custom_padding=&#8220;|||&#8220; custom_padding__hover=&#8220;|||&#8220;][et_pb_text _builder_version=&#8220;3.27.4&#8243; text_font=&#8220;Roboto|||on|||||&#8220; text_font_size=&#8220;14px&#8220; text_letter_spacing=&#8220;1px&#8220;]<\/p>\n<p style=\"text-align: center;\">Satin<\/p>\n<p>[\/et_pb_text][et_pb_text _builder_version=&#8220;4.5.0&#8243; _module_preset=&#8220;default&#8220; hover_enabled=&#8220;0&#8243;]<\/p>\n<p>Ein gl\u00e4nzender, leichter, typisch ebener und glatter Stoff: Das weiche Gef\u00fchl und die Helligkeit von Satin sind unverkennbar. Diese Eigenschaften ergeben sich aus dem Textilgewebe, in dem die Kettf\u00e4den \u00fcber die Schussf\u00e4den gelegt werden mit gr\u00f6\u00dfer oder kleineren Abst\u00e4nden zwischen den Bindungen, die aufder rechten Stoffseite \u00fcberwiegen. Der so resultierende Effekt ist eine gl\u00e4nzende Oberfl\u00e4che auf einer Seite und eine matte R\u00fcckseite.<\/p>\n<p>Das Satingewebe ist auch eines der am weitesten verbreiteten f\u00fcr die Herstellung anderer Arten von Stoffen wie Damast, Lampas und Brokat. Im Gegensatz zu diesen Textilien ist Satin jedoch schlicht und hat keine dekorativen Motive.<\/p>\n<p>Er ist einer der wertvollsten Stoffe f\u00fcr Kleidung und Unterw\u00e4sche, wird aber auch f\u00fcr die Innenraumgestaltung und hochwertige Polster verwendet.<\/p>\n<p>[\/et_pb_text][\/et_pb_column][\/et_pb_row][et_pb_row admin_label=&#8220;row&#8220; _builder_version=&#8220;3.25&#8243; background_size=&#8220;initial&#8220; background_position=&#8220;top_left&#8220; background_repeat=&#8220;repeat&#8220;][et_pb_column type=&#8220;4_4&#8243; _builder_version=&#8220;3.25&#8243; custom_padding=&#8220;|||&#8220; custom_padding__hover=&#8220;|||&#8220;][et_pb_portfolio fullwidth=&#8220;off&#8220; posts_number=&#8220;8&#8243; include_categories=&#8220;113&#8243; show_categories=&#8220;off&#8220; zoom_icon_color=&#8220;#dadddd&#8220; _builder_version=&#8220;3.0.100&#8243;][\/et_pb_portfolio][et_pb_text _builder_version=&#8220;4.5.0&#8243; _module_preset=&#8220;default&#8220; hover_enabled=&#8220;0&#8243;]<\/p>\n<h2>Tessitura Bevilacquas Satin-Typen<\/h2>\n<p>In unserem Katalog finden Sie zwei Arten von Satin, Unito und Goffrato.<\/p>\n<h2>Geschichte der Satinstoffe<\/h2>\n<p>Wie die Seidenproduktion ist die Satinherstellung in China seit Jahrtausenden, wo sie vor etwa zweitausend Jahren erschien, ein Geheimnis, das eifers\u00fcchtig geh\u00fctet wurde. Erst im Mittelalter wurde dieser Stoff auch in Italien hergestellt.<\/p>\n<p>Es handelt sich um ein wertvolles Produkt aufgrund der betr\u00e4chtlichen Menge an Seide, die ben\u00f6tigt wird. Diese war in Europa f\u00fcr die Kleidung und Einrichtung der Aristokratie reserviert. Einer seiner gr\u00f6\u00dften Bewunderer war K\u00f6nig Ludwig XIV., der sich f\u00fcr dieses Material entschied, um die Einrichtung des Schlosses von Versailles zu beziehen.<\/p>\n<p>Im 17. Jahrhundert geh\u00f6rte es zu den beliebtesten Stoffen f\u00fcr Kleidung, da es aufgrund seiner Webart weniger schwer ist. Sein Erfolg in der Modewelt dauerte bis ins 19. Jahrhundert an.<\/p>\n<p>[\/et_pb_text][\/et_pb_column][\/et_pb_row][\/et_pb_section][et_pb_section fb_built=&#8220;1&#8243; _builder_version=&#8220;3.22&#8243; background_color=&#8220;#a36b6a&#8220;][et_pb_row _builder_version=&#8220;3.25&#8243; background_color=&#8220;#a36b6a&#8220;][et_pb_column type=&#8220;4_4&#8243; _builder_version=&#8220;3.25&#8243; custom_padding=&#8220;|||&#8220; custom_padding__hover=&#8220;|||&#8220;][et_pb_text admin_label=&#8220;f\u00fcr weitere Informationen&#8220; _builder_version=&#8220;3.27.4&#8243; text_font=&#8220;Roboto|||on|||||&#8220; text_text_color=&#8220;#565656&#8243; text_orientation=&#8220;center&#8220;]f\u00fcr weitere Informationen<br \/>\n[\/et_pb_text][\/et_pb_column][\/et_pb_row][\/et_pb_section][et_pb_section fb_built=&#8220;1&#8243; _builder_version=&#8220;3.22&#8243;][et_pb_row _builder_version=&#8220;3.0.98&#8243; background_size=&#8220;initial&#8220; background_position=&#8220;top_left&#8220; background_repeat=&#8220;repeat&#8220; global_module=&#8220;12067&#8243;][et_pb_column type=&#8220;4_4&#8243; _builder_version=&#8220;3.0.47&#8243; custom_padding=&#8220;|||&#8220; custom_padding__hover=&#8220;|||&#8220;][et_pb_contact_form captcha=&#8220;off&#8220; email=&#8220;m.vianello@luigi-bevilacqua.com&#8220; custom_message=&#8220;Email contact form sito DE||et_pb_line_break_holder||||et_pb_line_break_holder||Nome: %%Nome%% ||et_pb_line_break_holder||Email: %%Email%%||et_pb_line_break_holder||Messaggio: %%Message%%||et_pb_line_break_holder||Privacy: %%Privacy%%||et_pb_line_break_holder||Newsletter: %%Newsletter%%&#8220; submit_button_text=&#8220;Senden&#8220; module_id=&#8220;et_pb_contact_form_0&#8243; _builder_version=&#8220;3.9&#8243; title_font=&#8220;Roboto|||on|&#8220; title_font_size=&#8220;14&#8243; form_field_font=&#8220;Roboto||||&#8220; custom_button=&#8220;on&#8220; button_text_size=&#8220;14px&#8220; button_text_color=&#8220;#565656&#8243; button_border_radius=&#8220;0px&#8220; button_font=&#8220;Roboto||||||||&#8220; button_border_radius_hover=&#8220;0px&#8220;][et_pb_contact_field field_id=&#8220;Nome&#8220; field_title=&#8220;Name&#8220; fullwidth_field=&#8220;on&#8220; _builder_version=&#8220;3.16&#8243; form_field_font=&#8220;||||||||&#8220; button_text_size__hover_enabled=&#8220;off&#8220; button_one_text_size__hover_enabled=&#8220;off&#8220; button_two_text_size__hover_enabled=&#8220;off&#8220; button_text_color__hover_enabled=&#8220;off&#8220; button_one_text_color__hover_enabled=&#8220;off&#8220; button_two_text_color__hover_enabled=&#8220;off&#8220; button_border_width__hover_enabled=&#8220;off&#8220; button_one_border_width__hover_enabled=&#8220;off&#8220; button_two_border_width__hover_enabled=&#8220;off&#8220; button_border_color__hover_enabled=&#8220;off&#8220; button_one_border_color__hover_enabled=&#8220;off&#8220; button_two_border_color__hover_enabled=&#8220;off&#8220; button_border_radius__hover_enabled=&#8220;off&#8220; button_one_border_radius__hover_enabled=&#8220;off&#8220; button_two_border_radius__hover_enabled=&#8220;off&#8220; button_letter_spacing__hover_enabled=&#8220;off&#8220; button_one_letter_spacing__hover_enabled=&#8220;off&#8220; button_two_letter_spacing__hover_enabled=&#8220;off&#8220; button_bg_color__hover_enabled=&#8220;off&#8220; button_one_bg_color__hover_enabled=&#8220;off&#8220; button_two_bg_color__hover_enabled=&#8220;off&#8220;][\/et_pb_contact_field][et_pb_contact_field field_id=&#8220;Email&#8220; field_title=&#8220;Email Address&#8220; field_type=&#8220;email&#8220; _builder_version=&#8220;3.16&#8243; button_text_size__hover_enabled=&#8220;off&#8220; button_one_text_size__hover_enabled=&#8220;off&#8220; button_two_text_size__hover_enabled=&#8220;off&#8220; button_text_color__hover_enabled=&#8220;off&#8220; button_one_text_color__hover_enabled=&#8220;off&#8220; button_two_text_color__hover_enabled=&#8220;off&#8220; button_border_width__hover_enabled=&#8220;off&#8220; button_one_border_width__hover_enabled=&#8220;off&#8220; button_two_border_width__hover_enabled=&#8220;off&#8220; button_border_color__hover_enabled=&#8220;off&#8220; button_one_border_color__hover_enabled=&#8220;off&#8220; button_two_border_color__hover_enabled=&#8220;off&#8220; button_border_radius__hover_enabled=&#8220;off&#8220; button_one_border_radius__hover_enabled=&#8220;off&#8220; button_two_border_radius__hover_enabled=&#8220;off&#8220; button_letter_spacing__hover_enabled=&#8220;off&#8220; button_one_letter_spacing__hover_enabled=&#8220;off&#8220; button_two_letter_spacing__hover_enabled=&#8220;off&#8220; button_bg_color__hover_enabled=&#8220;off&#8220; button_one_bg_color__hover_enabled=&#8220;off&#8220; button_two_bg_color__hover_enabled=&#8220;off&#8220;][\/et_pb_contact_field][et_pb_contact_field field_id=&#8220;Message&#8220; field_title=&#8220;Message&#8220; field_type=&#8220;text&#8220; fullwidth_field=&#8220;on&#8220; _builder_version=&#8220;3.16&#8243; button_text_size__hover_enabled=&#8220;off&#8220; button_one_text_size__hover_enabled=&#8220;off&#8220; button_two_text_size__hover_enabled=&#8220;off&#8220; button_text_color__hover_enabled=&#8220;off&#8220; button_one_text_color__hover_enabled=&#8220;off&#8220; button_two_text_color__hover_enabled=&#8220;off&#8220; button_border_width__hover_enabled=&#8220;off&#8220; button_one_border_width__hover_enabled=&#8220;off&#8220; button_two_border_width__hover_enabled=&#8220;off&#8220; button_border_color__hover_enabled=&#8220;off&#8220; button_one_border_color__hover_enabled=&#8220;off&#8220; button_two_border_color__hover_enabled=&#8220;off&#8220; button_border_radius__hover_enabled=&#8220;off&#8220; button_one_border_radius__hover_enabled=&#8220;off&#8220; button_two_border_radius__hover_enabled=&#8220;off&#8220; button_letter_spacing__hover_enabled=&#8220;off&#8220; button_one_letter_spacing__hover_enabled=&#8220;off&#8220; button_two_letter_spacing__hover_enabled=&#8220;off&#8220; button_bg_color__hover_enabled=&#8220;off&#8220; button_one_bg_color__hover_enabled=&#8220;off&#8220; button_two_bg_color__hover_enabled=&#8220;off&#8220;][\/et_pb_contact_field][et_pb_contact_field field_id=&#8220;Privacy&#8220; field_title=&#8220; &#8220; field_type=&#8220;checkbox&#8220; checkbox_options=&#8220;%91{%22value%22:%22Ich habe gelesen und akzeptiere die rechtlicher Hinweis und Datenschutz.%22,%22checked%22:1}%93&#8243; fullwidth_field=&#8220;on&#8220; _builder_version=&#8220;3.16&#8243; form_field_font=&#8220;||||&#8220; use_border_color=&#8220;off&#8220; button_text_size__hover_enabled=&#8220;off&#8220; button_one_text_size__hover_enabled=&#8220;off&#8220; button_two_text_size__hover_enabled=&#8220;off&#8220; button_text_color__hover_enabled=&#8220;off&#8220; button_one_text_color__hover_enabled=&#8220;off&#8220; button_two_text_color__hover_enabled=&#8220;off&#8220; button_border_width__hover_enabled=&#8220;off&#8220; button_one_border_width__hover_enabled=&#8220;off&#8220; button_two_border_width__hover_enabled=&#8220;off&#8220; button_border_color__hover_enabled=&#8220;off&#8220; button_one_border_color__hover_enabled=&#8220;off&#8220; button_two_border_color__hover_enabled=&#8220;off&#8220; button_border_radius__hover_enabled=&#8220;off&#8220; button_one_border_radius__hover_enabled=&#8220;off&#8220; button_two_border_radius__hover_enabled=&#8220;off&#8220; button_letter_spacing__hover_enabled=&#8220;off&#8220; button_one_letter_spacing__hover_enabled=&#8220;off&#8220; button_two_letter_spacing__hover_enabled=&#8220;off&#8220; button_bg_color__hover_enabled=&#8220;off&#8220; button_one_bg_color__hover_enabled=&#8220;off&#8220; button_two_bg_color__hover_enabled=&#8220;off&#8220;][\/et_pb_contact_field][\/et_pb_contact_form][\/et_pb_column][\/et_pb_row][\/et_pb_section]<\/p>\n<span class=\"et_bloom_bottom_trigger\"><\/span>","protected":false},"excerpt":{"rendered":"<p>Satin Ein gl\u00e4nzender, leichter, typisch ebener und glatter Stoff: Das weiche Gef\u00fchl und die Helligkeit von Satin sind unverkennbar. Diese Eigenschaften ergeben sich aus dem Textilgewebe, in dem die Kettf\u00e4den \u00fcber die Schussf\u00e4den gelegt werden mit gr\u00f6\u00dfer oder kleineren Abst\u00e4nden zwischen den Bindungen, die aufder rechten Stoffseite \u00fcberwiegen. Der so resultierende Effekt ist eine gl\u00e4nzende [&hellip;]<\/p>\n","protected":false},"author":1,"featured_media":0,"parent":0,"menu_order":0,"comment_status":"closed","ping_status":"closed","template":"","meta":{"_et_pb_use_builder":"on","_et_pb_old_content":"","_et_gb_content_width":"","footnotes":""},"class_list":["post-12139","page","type-page","status-publish","hentry"],"yoast_head":"<!-- This site is optimized with the Yoast SEO plugin v27.3 - https:\/\/yoast.com\/product\/yoast-seo-wordpress\/ -->\n<title>Satins Tessitura Luigi Bevilacqua: entdecke die Kollektion und Farben<\/title>\n<meta name=\"description\" content=\"Entdecke die Satins aus unserem Katalog, in zahlreichen Farben verf\u00fcgbar. Diese Gewebe sind \u00e4u\u00dferst leicht und gl\u00e4nzend und weisen kein Muster auf, deshalb lassen sie ein Zimmer heller aussehen und passen ideal zu Geweben mit sehr detaillierten Mustern\" \/>\n<meta name=\"robots\" content=\"index, follow, max-snippet:-1, max-image-preview:large, max-video-preview:-1\" \/>\n<link rel=\"canonical\" href=\"https:\/\/www.luigi-bevilacqua.com\/de\/satin\/\" \/>\n<meta property=\"og:locale\" content=\"de_DE\" \/>\n<meta property=\"og:type\" content=\"article\" \/>\n<meta property=\"og:title\" content=\"Satins Tessitura Luigi Bevilacqua: entdecke die Kollektion und Farben\" \/>\n<meta property=\"og:description\" content=\"Entdecke die Satins aus unserem Katalog, in zahlreichen Farben verf\u00fcgbar. Diese Gewebe sind \u00e4u\u00dferst leicht und gl\u00e4nzend und weisen kein Muster auf, deshalb lassen sie ein Zimmer heller aussehen und passen ideal zu Geweben mit sehr detaillierten Mustern\" \/>\n<meta property=\"og:url\" content=\"https:\/\/www.luigi-bevilacqua.com\/de\/satin\/\" \/>\n<meta property=\"og:site_name\" content=\"Tessitura Luigi Bevilaqua\" \/>\n<meta property=\"article:publisher\" content=\"https:\/\/www.facebook.com\/TessituraLuigiBevilacqua\" \/>\n<meta property=\"article:modified_time\" content=\"2020-07-13T14:26:58+00:00\" \/>\n<meta property=\"og:image\" content=\"https:\/\/www.luigi-bevilacqua.com\/wp-content\/uploads\/2014\/08\/DSC_4120_2.jpg\" \/>\n\t<meta property=\"og:image:width\" content=\"1130\" \/>\n\t<meta property=\"og:image:height\" content=\"561\" \/>\n\t<meta property=\"og:image:type\" content=\"image\/jpeg\" \/>\n<script type=\"application\/ld+json\" class=\"yoast-schema-graph\">{\"@context\":\"https:\\\/\\\/schema.org\",\"@graph\":[{\"@type\":\"WebPage\",\"@id\":\"https:\\\/\\\/www.luigi-bevilacqua.com\\\/de\\\/satin\\\/\",\"url\":\"https:\\\/\\\/www.luigi-bevilacqua.com\\\/de\\\/satin\\\/\",\"name\":\"Satins Tessitura Luigi Bevilacqua: entdecke die Kollektion und Farben\",\"isPartOf\":{\"@id\":\"https:\\\/\\\/www.luigi-bevilacqua.com\\\/de\\\/#website\"},\"datePublished\":\"2018-01-25T13:54:36+00:00\",\"dateModified\":\"2020-07-13T14:26:58+00:00\",\"description\":\"Entdecke die Satins aus unserem Katalog, in zahlreichen Farben verf\u00fcgbar. Diese Gewebe sind \u00e4u\u00dferst leicht und gl\u00e4nzend und weisen kein Muster auf, deshalb lassen sie ein Zimmer heller aussehen und passen ideal zu Geweben mit sehr detaillierten Mustern\",\"breadcrumb\":{\"@id\":\"https:\\\/\\\/www.luigi-bevilacqua.com\\\/de\\\/satin\\\/#breadcrumb\"},\"inLanguage\":\"de\",\"potentialAction\":[{\"@type\":\"ReadAction\",\"target\":[\"https:\\\/\\\/www.luigi-bevilacqua.com\\\/de\\\/satin\\\/\"]}]},{\"@type\":\"BreadcrumbList\",\"@id\":\"https:\\\/\\\/www.luigi-bevilacqua.com\\\/de\\\/satin\\\/#breadcrumb\",\"itemListElement\":[{\"@type\":\"ListItem\",\"position\":1,\"name\":\"Home\",\"item\":\"https:\\\/\\\/www.luigi-bevilacqua.com\\\/de\\\/\"},{\"@type\":\"ListItem\",\"position\":2,\"name\":\"Satin\"}]},{\"@type\":\"WebSite\",\"@id\":\"https:\\\/\\\/www.luigi-bevilacqua.com\\\/de\\\/#website\",\"url\":\"https:\\\/\\\/www.luigi-bevilacqua.com\\\/de\\\/\",\"name\":\"Tessitura Luigi Bevilaqua\",\"description\":\"Tessitura Bevilacqua\",\"publisher\":{\"@id\":\"https:\\\/\\\/www.luigi-bevilacqua.com\\\/de\\\/#organization\"},\"potentialAction\":[{\"@type\":\"SearchAction\",\"target\":{\"@type\":\"EntryPoint\",\"urlTemplate\":\"https:\\\/\\\/www.luigi-bevilacqua.com\\\/de\\\/?s={search_term_string}\"},\"query-input\":{\"@type\":\"PropertyValueSpecification\",\"valueRequired\":true,\"valueName\":\"search_term_string\"}}],\"inLanguage\":\"de\"},{\"@type\":\"Organization\",\"@id\":\"https:\\\/\\\/www.luigi-bevilacqua.com\\\/de\\\/#organization\",\"name\":\"Tessitura Luigi Bevilacqua\",\"url\":\"https:\\\/\\\/www.luigi-bevilacqua.com\\\/de\\\/\",\"logo\":{\"@type\":\"ImageObject\",\"inLanguage\":\"de\",\"@id\":\"https:\\\/\\\/www.luigi-bevilacqua.com\\\/de\\\/#\\\/schema\\\/logo\\\/image\\\/\",\"url\":\"https:\\\/\\\/www.luigi-bevilacqua.com\\\/wp-content\\\/uploads\\\/2017\\\/04\\\/logo-bevilacqua-home.png\",\"contentUrl\":\"https:\\\/\\\/www.luigi-bevilacqua.com\\\/wp-content\\\/uploads\\\/2017\\\/04\\\/logo-bevilacqua-home.png\",\"width\":272,\"height\":156,\"caption\":\"Tessitura Luigi Bevilacqua\"},\"image\":{\"@id\":\"https:\\\/\\\/www.luigi-bevilacqua.com\\\/de\\\/#\\\/schema\\\/logo\\\/image\\\/\"},\"sameAs\":[\"https:\\\/\\\/www.facebook.com\\\/TessituraLuigiBevilacqua\",\"https:\\\/\\\/x.com\\\/tessiturebevilc\",\"https:\\\/\\\/www.instagram.com\\\/tessiturebevilacqua\\\/\",\"https:\\\/\\\/www.linkedin.com\\\/company\\\/bevilacqua\\\/\",\"https:\\\/\\\/it.pinterest.com\\\/luigibevilacqua\\\/\",\"https:\\\/\\\/www.youtube.com\\\/channel\\\/UCvKX4HKDdjyoJIztAzEekkQ\"]}]}<\/script>\n<!-- \/ Yoast SEO plugin. -->","yoast_head_json":{"title":"Satins Tessitura Luigi Bevilacqua: entdecke die Kollektion und Farben","description":"Entdecke die Satins aus unserem Katalog, in zahlreichen Farben verf\u00fcgbar. Diese Gewebe sind \u00e4u\u00dferst leicht und gl\u00e4nzend und weisen kein Muster auf, deshalb lassen sie ein Zimmer heller aussehen und passen ideal zu Geweben mit sehr detaillierten Mustern","robots":{"index":"index","follow":"follow","max-snippet":"max-snippet:-1","max-image-preview":"max-image-preview:large","max-video-preview":"max-video-preview:-1"},"canonical":"https:\/\/www.luigi-bevilacqua.com\/de\/satin\/","og_locale":"de_DE","og_type":"article","og_title":"Satins Tessitura Luigi Bevilacqua: entdecke die Kollektion und Farben","og_description":"Entdecke die Satins aus unserem Katalog, in zahlreichen Farben verf\u00fcgbar. Diese Gewebe sind \u00e4u\u00dferst leicht und gl\u00e4nzend und weisen kein Muster auf, deshalb lassen sie ein Zimmer heller aussehen und passen ideal zu Geweben mit sehr detaillierten Mustern","og_url":"https:\/\/www.luigi-bevilacqua.com\/de\/satin\/","og_site_name":"Tessitura Luigi Bevilaqua","article_publisher":"https:\/\/www.facebook.com\/TessituraLuigiBevilacqua","article_modified_time":"2020-07-13T14:26:58+00:00","og_image":[{"width":1130,"height":561,"url":"https:\/\/www.luigi-bevilacqua.com\/wp-content\/uploads\/2014\/08\/DSC_4120_2.jpg","type":"image\/jpeg"}],"schema":{"@context":"https:\/\/schema.org","@graph":[{"@type":"WebPage","@id":"https:\/\/www.luigi-bevilacqua.com\/de\/satin\/","url":"https:\/\/www.luigi-bevilacqua.com\/de\/satin\/","name":"Satins Tessitura Luigi Bevilacqua: entdecke die Kollektion und Farben","isPartOf":{"@id":"https:\/\/www.luigi-bevilacqua.com\/de\/#website"},"datePublished":"2018-01-25T13:54:36+00:00","dateModified":"2020-07-13T14:26:58+00:00","description":"Entdecke die Satins aus unserem Katalog, in zahlreichen Farben verf\u00fcgbar. Diese Gewebe sind \u00e4u\u00dferst leicht und gl\u00e4nzend und weisen kein Muster auf, deshalb lassen sie ein Zimmer heller aussehen und passen ideal zu Geweben mit sehr detaillierten Mustern","breadcrumb":{"@id":"https:\/\/www.luigi-bevilacqua.com\/de\/satin\/#breadcrumb"},"inLanguage":"de","potentialAction":[{"@type":"ReadAction","target":["https:\/\/www.luigi-bevilacqua.com\/de\/satin\/"]}]},{"@type":"BreadcrumbList","@id":"https:\/\/www.luigi-bevilacqua.com\/de\/satin\/#breadcrumb","itemListElement":[{"@type":"ListItem","position":1,"name":"Home","item":"https:\/\/www.luigi-bevilacqua.com\/de\/"},{"@type":"ListItem","position":2,"name":"Satin"}]},{"@type":"WebSite","@id":"https:\/\/www.luigi-bevilacqua.com\/de\/#website","url":"https:\/\/www.luigi-bevilacqua.com\/de\/","name":"Tessitura Luigi Bevilaqua","description":"Tessitura Bevilacqua","publisher":{"@id":"https:\/\/www.luigi-bevilacqua.com\/de\/#organization"},"potentialAction":[{"@type":"SearchAction","target":{"@type":"EntryPoint","urlTemplate":"https:\/\/www.luigi-bevilacqua.com\/de\/?s={search_term_string}"},"query-input":{"@type":"PropertyValueSpecification","valueRequired":true,"valueName":"search_term_string"}}],"inLanguage":"de"},{"@type":"Organization","@id":"https:\/\/www.luigi-bevilacqua.com\/de\/#organization","name":"Tessitura Luigi Bevilacqua","url":"https:\/\/www.luigi-bevilacqua.com\/de\/","logo":{"@type":"ImageObject","inLanguage":"de","@id":"https:\/\/www.luigi-bevilacqua.com\/de\/#\/schema\/logo\/image\/","url":"https:\/\/www.luigi-bevilacqua.com\/wp-content\/uploads\/2017\/04\/logo-bevilacqua-home.png","contentUrl":"https:\/\/www.luigi-bevilacqua.com\/wp-content\/uploads\/2017\/04\/logo-bevilacqua-home.png","width":272,"height":156,"caption":"Tessitura Luigi Bevilacqua"},"image":{"@id":"https:\/\/www.luigi-bevilacqua.com\/de\/#\/schema\/logo\/image\/"},"sameAs":["https:\/\/www.facebook.com\/TessituraLuigiBevilacqua","https:\/\/x.com\/tessiturebevilc","https:\/\/www.instagram.com\/tessiturebevilacqua\/","https:\/\/www.linkedin.com\/company\/bevilacqua\/","https:\/\/it.pinterest.com\/luigibevilacqua\/","https:\/\/www.youtube.com\/channel\/UCvKX4HKDdjyoJIztAzEekkQ"]}]}},"_links":{"self":[{"href":"https:\/\/www.luigi-bevilacqua.com\/de\/wp-json\/wp\/v2\/pages\/12139","targetHints":{"allow":["GET"]}}],"collection":[{"href":"https:\/\/www.luigi-bevilacqua.com\/de\/wp-json\/wp\/v2\/pages"}],"about":[{"href":"https:\/\/www.luigi-bevilacqua.com\/de\/wp-json\/wp\/v2\/types\/page"}],"author":[{"embeddable":true,"href":"https:\/\/www.luigi-bevilacqua.com\/de\/wp-json\/wp\/v2\/users\/1"}],"replies":[{"embeddable":true,"href":"https:\/\/www.luigi-bevilacqua.com\/de\/wp-json\/wp\/v2\/comments?post=12139"}],"version-history":[{"count":0,"href":"https:\/\/www.luigi-bevilacqua.com\/de\/wp-json\/wp\/v2\/pages\/12139\/revisions"}],"wp:attachment":[{"href":"https:\/\/www.luigi-bevilacqua.com\/de\/wp-json\/wp\/v2\/media?parent=12139"}],"curies":[{"name":"wp","href":"https:\/\/api.w.org\/{rel}","templated":true}]}}