{"id":12108,"date":"2018-01-25T14:43:51","date_gmt":"2018-01-25T13:43:51","guid":{"rendered":"http:\/\/www.luigi-bevilacqua.com\/?page_id=12108"},"modified":"2020-07-13T16:47:22","modified_gmt":"2020-07-13T14:47:22","slug":"brokatellen","status":"publish","type":"page","link":"https:\/\/www.luigi-bevilacqua.com\/de\/brokatellen\/","title":{"rendered":"Brokatellen"},"content":{"rendered":"<p>[et_pb_section fb_built=&#8220;1&#8243; admin_label=&#8220;section&#8220; _builder_version=&#8220;3.22&#8243;][et_pb_row _builder_version=&#8220;3.25&#8243; background_size=&#8220;initial&#8220; background_position=&#8220;top_left&#8220; background_repeat=&#8220;repeat&#8220;][et_pb_column type=&#8220;4_4&#8243; _builder_version=&#8220;3.25&#8243; custom_padding=&#8220;|||&#8220; custom_padding__hover=&#8220;|||&#8220;][et_pb_text _builder_version=&#8220;3.27.4&#8243; text_font=&#8220;Roboto|||on|||||&#8220; text_font_size=&#8220;14px&#8220; text_letter_spacing=&#8220;1px&#8220;]<\/p>\n<p style=\"text-align: center;\">Brokatellen<\/p>\n<p>[\/et_pb_text][\/et_pb_column][\/et_pb_row][et_pb_row admin_label=&#8220;row&#8220; _builder_version=&#8220;3.25&#8243; background_size=&#8220;initial&#8220; background_position=&#8220;top_left&#8220; background_repeat=&#8220;repeat&#8220;][et_pb_column type=&#8220;4_4&#8243; _builder_version=&#8220;3.25&#8243; custom_padding=&#8220;|||&#8220; custom_padding__hover=&#8220;|||&#8220;][et_pb_text _builder_version=&#8220;4.5.0&#8243; _module_preset=&#8220;default&#8220; hover_enabled=&#8220;0&#8243;]<\/p>\n<p>Der Brokatelle-Stoff geh\u00f6rt zur Familie der Lampas. Es hat gro\u00dfe dekorative Reliefmotive und sein Muster ergibt sich aus der Gegen\u00fcberstellung von erster Kette und erstem Schuss, beide aus Seide, mit einer zweiten Reihe von Kette und Schuss. Die letzte Serie ist sehr steif, meist aus Hanf oder Leinen, und verleiht dem Stoff seinen besonderen Reliefeffekt.<\/p>\n<p>Da er leichter als Brokat ist, eignet er sich insbesondere f\u00fcr Luxusm\u00f6bel, Polster und liturgische Gew\u00e4nder.<\/p>\n<p>[\/et_pb_text][et_pb_portfolio fullwidth=&#8220;off&#8220; posts_number=&#8220;8&#8243; include_categories=&#8220;107&#8243; show_categories=&#8220;off&#8220; zoom_icon_color=&#8220;#dadddd&#8220; _builder_version=&#8220;3.0.100&#8243;][\/et_pb_portfolio][et_pb_text _builder_version=&#8220;4.5.0&#8243; _module_preset=&#8220;default&#8220; hover_enabled=&#8220;0&#8243;]<\/p>\n<h2>Bevilacqua Brokatelle-Muster<\/h2>\n<p>Einige der dekorativen Motive in unserem Katalog erinnern an die Zeit, als die Brocatellen ihre maximale Pracht erreichten. Das Modell <a href=\"https:\/\/www.luigi-bevilacqua.com\/de\/project\/giardino-brokatelle\/\">Giardino<\/a> ist ein Triumph aus Bl\u00fcten und Bl\u00e4ttern im reinsten Barockstil. Das Modell <a href=\"https:\/\/www.luigi-bevilacqua.com\/de\/project\/sagredo-brokatelle\/\">Sagredo<\/a> ist nach einer venezianischen Patrizierfamilie benannt und das Modell <a href=\"https:\/\/www.luigi-bevilacqua.com\/de\/project\/grottesche-brokatelle\/\">Grottesche<\/a> mischt Figuren aus dem 16. Jahrhundert mit architektonischen und naturalistischen Elementen des Barock und des Rokoko. Andere Entw\u00fcrfe wie <a href=\"https:\/\/www.luigi-bevilacqua.com\/de\/project\/griglia-brokatelle\/\">Griglia<\/a> und <a href=\"https:\/\/www.luigi-bevilacqua.com\/de\/project\/rinascimento-brokatelle\/\">Rinascimento<\/a> erinnern an die Pracht der Renaissance und zeichnen sich durch eine f\u00fcr die damaligen Muster typische Gitterstruktur aus. Insbesondere der Letztere weist alle g\u00e4ngigen Blumenmotive von Renaissance-Stoffen auf, wie Lotus- und Distelbl\u00fcten, Nelken und Granat\u00e4pfel.<\/p>\n<h2>Die Urspr\u00fcnge der Brokatellen<\/h2>\n<p>Der Brokatelle-Stoff begann sich im 16. Jahrhundert in Italien auszubreiten, wo er haupts\u00e4chlich f\u00fcr Polster und Wandverkleidungen in den Pal\u00e4sten ruhmreicher Mitglieder des Klerus und der Aristokratie verwendet wurde.<\/p>\n<p>Seine besondere Textur mit einem starken Leinenschuss erm\u00f6glichte es, auf einem festen und gleichm\u00e4\u00dfigen Hintergrund die f\u00fcr diese Zeit typischen kunstvollen Textildekorationen herzustellen, dadurch wurde er zum bevorzugten Stoff f\u00fcr Luxusm\u00f6bel und religi\u00f6se Gew\u00e4nder. Die Glanzperiode dieses Stoffes erreichte die Barockzeit.<\/p>\n<p>Noch heute ist er bei Innenarchitekten beliebt, um luxuri\u00f6se Zimmer mit exklusiven Polstern f\u00fcr Sofas und Sessel, Vorh\u00e4nge, Kissen usw. zu gestalten.<\/p>\n<p>[\/et_pb_text][\/et_pb_column][\/et_pb_row][\/et_pb_section][et_pb_section fb_built=&#8220;1&#8243; _builder_version=&#8220;3.22&#8243; background_color=&#8220;#a36b6a&#8220;][et_pb_row _builder_version=&#8220;3.25&#8243; background_color=&#8220;#a36b6a&#8220;][et_pb_column type=&#8220;4_4&#8243; _builder_version=&#8220;3.25&#8243; custom_padding=&#8220;|||&#8220; custom_padding__hover=&#8220;|||&#8220;][et_pb_text admin_label=&#8220;f\u00fcr weitere Informationen&#8220; _builder_version=&#8220;3.27.4&#8243; text_font=&#8220;Roboto|||on|||||&#8220; text_text_color=&#8220;#565656&#8243; text_orientation=&#8220;center&#8220;]f\u00fcr weitere Informationen<br \/>\n[\/et_pb_text][\/et_pb_column][\/et_pb_row][\/et_pb_section][et_pb_section fb_built=&#8220;1&#8243; _builder_version=&#8220;3.22&#8243;][et_pb_row _builder_version=&#8220;3.0.98&#8243; background_size=&#8220;initial&#8220; background_position=&#8220;top_left&#8220; background_repeat=&#8220;repeat&#8220; global_module=&#8220;12067&#8243;][et_pb_column type=&#8220;4_4&#8243; _builder_version=&#8220;3.0.47&#8243; custom_padding=&#8220;|||&#8220; custom_padding__hover=&#8220;|||&#8220;][et_pb_contact_form captcha=&#8220;off&#8220; email=&#8220;m.vianello@luigi-bevilacqua.com&#8220; custom_message=&#8220;Email contact form sito DE||et_pb_line_break_holder||||et_pb_line_break_holder||Nome: %%Nome%% ||et_pb_line_break_holder||Email: %%Email%%||et_pb_line_break_holder||Messaggio: %%Message%%||et_pb_line_break_holder||Privacy: %%Privacy%%||et_pb_line_break_holder||Newsletter: %%Newsletter%%&#8220; submit_button_text=&#8220;Senden&#8220; module_id=&#8220;et_pb_contact_form_0&#8243; _builder_version=&#8220;3.9&#8243; title_font=&#8220;Roboto|||on|&#8220; title_font_size=&#8220;14&#8243; form_field_font=&#8220;Roboto||||&#8220; custom_button=&#8220;on&#8220; button_text_size=&#8220;14px&#8220; button_text_color=&#8220;#565656&#8243; button_border_radius=&#8220;0px&#8220; button_font=&#8220;Roboto||||||||&#8220; button_border_radius_hover=&#8220;0px&#8220;][et_pb_contact_field field_id=&#8220;Nome&#8220; field_title=&#8220;Name&#8220; fullwidth_field=&#8220;on&#8220; _builder_version=&#8220;3.16&#8243; form_field_font=&#8220;||||||||&#8220; button_text_size__hover_enabled=&#8220;off&#8220; button_one_text_size__hover_enabled=&#8220;off&#8220; button_two_text_size__hover_enabled=&#8220;off&#8220; button_text_color__hover_enabled=&#8220;off&#8220; button_one_text_color__hover_enabled=&#8220;off&#8220; button_two_text_color__hover_enabled=&#8220;off&#8220; button_border_width__hover_enabled=&#8220;off&#8220; button_one_border_width__hover_enabled=&#8220;off&#8220; button_two_border_width__hover_enabled=&#8220;off&#8220; button_border_color__hover_enabled=&#8220;off&#8220; button_one_border_color__hover_enabled=&#8220;off&#8220; button_two_border_color__hover_enabled=&#8220;off&#8220; button_border_radius__hover_enabled=&#8220;off&#8220; button_one_border_radius__hover_enabled=&#8220;off&#8220; button_two_border_radius__hover_enabled=&#8220;off&#8220; button_letter_spacing__hover_enabled=&#8220;off&#8220; button_one_letter_spacing__hover_enabled=&#8220;off&#8220; button_two_letter_spacing__hover_enabled=&#8220;off&#8220; button_bg_color__hover_enabled=&#8220;off&#8220; button_one_bg_color__hover_enabled=&#8220;off&#8220; button_two_bg_color__hover_enabled=&#8220;off&#8220;][\/et_pb_contact_field][et_pb_contact_field field_id=&#8220;Email&#8220; field_title=&#8220;Email Address&#8220; field_type=&#8220;email&#8220; _builder_version=&#8220;3.16&#8243; button_text_size__hover_enabled=&#8220;off&#8220; button_one_text_size__hover_enabled=&#8220;off&#8220; button_two_text_size__hover_enabled=&#8220;off&#8220; button_text_color__hover_enabled=&#8220;off&#8220; button_one_text_color__hover_enabled=&#8220;off&#8220; button_two_text_color__hover_enabled=&#8220;off&#8220; button_border_width__hover_enabled=&#8220;off&#8220; button_one_border_width__hover_enabled=&#8220;off&#8220; button_two_border_width__hover_enabled=&#8220;off&#8220; button_border_color__hover_enabled=&#8220;off&#8220; button_one_border_color__hover_enabled=&#8220;off&#8220; button_two_border_color__hover_enabled=&#8220;off&#8220; button_border_radius__hover_enabled=&#8220;off&#8220; button_one_border_radius__hover_enabled=&#8220;off&#8220; button_two_border_radius__hover_enabled=&#8220;off&#8220; button_letter_spacing__hover_enabled=&#8220;off&#8220; button_one_letter_spacing__hover_enabled=&#8220;off&#8220; button_two_letter_spacing__hover_enabled=&#8220;off&#8220; button_bg_color__hover_enabled=&#8220;off&#8220; button_one_bg_color__hover_enabled=&#8220;off&#8220; button_two_bg_color__hover_enabled=&#8220;off&#8220;][\/et_pb_contact_field][et_pb_contact_field field_id=&#8220;Message&#8220; field_title=&#8220;Message&#8220; field_type=&#8220;text&#8220; fullwidth_field=&#8220;on&#8220; _builder_version=&#8220;3.16&#8243; button_text_size__hover_enabled=&#8220;off&#8220; button_one_text_size__hover_enabled=&#8220;off&#8220; button_two_text_size__hover_enabled=&#8220;off&#8220; button_text_color__hover_enabled=&#8220;off&#8220; button_one_text_color__hover_enabled=&#8220;off&#8220; button_two_text_color__hover_enabled=&#8220;off&#8220; button_border_width__hover_enabled=&#8220;off&#8220; button_one_border_width__hover_enabled=&#8220;off&#8220; button_two_border_width__hover_enabled=&#8220;off&#8220; button_border_color__hover_enabled=&#8220;off&#8220; button_one_border_color__hover_enabled=&#8220;off&#8220; button_two_border_color__hover_enabled=&#8220;off&#8220; button_border_radius__hover_enabled=&#8220;off&#8220; button_one_border_radius__hover_enabled=&#8220;off&#8220; button_two_border_radius__hover_enabled=&#8220;off&#8220; button_letter_spacing__hover_enabled=&#8220;off&#8220; button_one_letter_spacing__hover_enabled=&#8220;off&#8220; button_two_letter_spacing__hover_enabled=&#8220;off&#8220; button_bg_color__hover_enabled=&#8220;off&#8220; button_one_bg_color__hover_enabled=&#8220;off&#8220; button_two_bg_color__hover_enabled=&#8220;off&#8220;][\/et_pb_contact_field][et_pb_contact_field field_id=&#8220;Privacy&#8220; field_title=&#8220; &#8220; field_type=&#8220;checkbox&#8220; checkbox_options=&#8220;%91{%22value%22:%22Ich habe gelesen und akzeptiere die rechtlicher Hinweis und Datenschutz.%22,%22checked%22:1}%93&#8243; fullwidth_field=&#8220;on&#8220; _builder_version=&#8220;3.16&#8243; form_field_font=&#8220;||||&#8220; use_border_color=&#8220;off&#8220; button_text_size__hover_enabled=&#8220;off&#8220; button_one_text_size__hover_enabled=&#8220;off&#8220; button_two_text_size__hover_enabled=&#8220;off&#8220; button_text_color__hover_enabled=&#8220;off&#8220; button_one_text_color__hover_enabled=&#8220;off&#8220; button_two_text_color__hover_enabled=&#8220;off&#8220; button_border_width__hover_enabled=&#8220;off&#8220; button_one_border_width__hover_enabled=&#8220;off&#8220; button_two_border_width__hover_enabled=&#8220;off&#8220; button_border_color__hover_enabled=&#8220;off&#8220; button_one_border_color__hover_enabled=&#8220;off&#8220; button_two_border_color__hover_enabled=&#8220;off&#8220; button_border_radius__hover_enabled=&#8220;off&#8220; button_one_border_radius__hover_enabled=&#8220;off&#8220; button_two_border_radius__hover_enabled=&#8220;off&#8220; button_letter_spacing__hover_enabled=&#8220;off&#8220; button_one_letter_spacing__hover_enabled=&#8220;off&#8220; button_two_letter_spacing__hover_enabled=&#8220;off&#8220; button_bg_color__hover_enabled=&#8220;off&#8220; button_one_bg_color__hover_enabled=&#8220;off&#8220; button_two_bg_color__hover_enabled=&#8220;off&#8220;][\/et_pb_contact_field][\/et_pb_contact_form][\/et_pb_column][\/et_pb_row][\/et_pb_section]<\/p>\n<span class=\"et_bloom_bottom_trigger\"><\/span>","protected":false},"excerpt":{"rendered":"<p>Brokatellen Der Brokatelle-Stoff geh\u00f6rt zur Familie der Lampas. Es hat gro\u00dfe dekorative Reliefmotive und sein Muster ergibt sich aus der Gegen\u00fcberstellung von erster Kette und erstem Schuss, beide aus Seide, mit einer zweiten Reihe von Kette und Schuss. Die letzte Serie ist sehr steif, meist aus Hanf oder Leinen, und verleiht dem Stoff seinen besonderen [&hellip;]<\/p>\n","protected":false},"author":1,"featured_media":42134,"parent":0,"menu_order":0,"comment_status":"closed","ping_status":"closed","template":"","meta":{"_et_pb_use_builder":"on","_et_pb_old_content":"","_et_gb_content_width":"","footnotes":""},"class_list":["post-12108","page","type-page","status-publish","has-post-thumbnail","hentry"],"yoast_head":"<!-- This site is optimized with the Yoast SEO plugin v27.5 - https:\/\/yoast.com\/product\/yoast-seo-wordpress\/ -->\n<title>Brokatellen Tessitura Luigi Bevilacqua: entdecke die Kollektion<\/title>\n<meta name=\"description\" content=\"Entdecke die Brokatellen aus unserem Katalog, in zahlreichen Farben verf\u00fcgbar, und ihre Muster, durch verschiedene Epochen inspiriert, von der alten orientalischen Kunst bis Barock und Jugendstil. Ihre gepr\u00e4gten Muster lassen sie \u00e4hnlich wie Brokate aussehen, sie sind aber leichter\" \/>\n<meta name=\"robots\" content=\"index, follow, max-snippet:-1, max-image-preview:large, max-video-preview:-1\" \/>\n<link rel=\"canonical\" href=\"https:\/\/www.luigi-bevilacqua.com\/de\/brokatellen\/\" \/>\n<meta property=\"og:locale\" content=\"de_DE\" \/>\n<meta property=\"og:type\" content=\"article\" \/>\n<meta property=\"og:title\" content=\"Brokatellen Tessitura Luigi Bevilacqua: entdecke die Kollektion\" \/>\n<meta property=\"og:description\" content=\"Entdecke die Brokatellen aus unserem Katalog, in zahlreichen Farben verf\u00fcgbar, und ihre Muster, durch verschiedene Epochen inspiriert, von der alten orientalischen Kunst bis Barock und Jugendstil. Ihre gepr\u00e4gten Muster lassen sie \u00e4hnlich wie Brokate aussehen, sie sind aber leichter\" \/>\n<meta property=\"og:url\" content=\"https:\/\/www.luigi-bevilacqua.com\/de\/brokatellen\/\" \/>\n<meta property=\"og:site_name\" content=\"Tessitura Luigi Bevilaqua\" \/>\n<meta property=\"article:publisher\" content=\"https:\/\/www.facebook.com\/TessituraLuigiBevilacqua\" \/>\n<meta property=\"article:modified_time\" content=\"2020-07-13T14:47:22+00:00\" \/>\n<meta property=\"og:image\" content=\"https:\/\/www.luigi-bevilacqua.com\/wp-content\/uploads\/2021\/11\/broccatelli.jpg\" \/>\n\t<meta property=\"og:image:width\" content=\"738\" \/>\n\t<meta property=\"og:image:height\" content=\"499\" \/>\n\t<meta property=\"og:image:type\" content=\"image\/jpeg\" \/>\n<script type=\"application\/ld+json\" class=\"yoast-schema-graph\">{\"@context\":\"https:\\\/\\\/schema.org\",\"@graph\":[{\"@type\":\"WebPage\",\"@id\":\"https:\\\/\\\/www.luigi-bevilacqua.com\\\/de\\\/brokatellen\\\/\",\"url\":\"https:\\\/\\\/www.luigi-bevilacqua.com\\\/de\\\/brokatellen\\\/\",\"name\":\"Brokatellen Tessitura Luigi Bevilacqua: entdecke die Kollektion\",\"isPartOf\":{\"@id\":\"https:\\\/\\\/www.luigi-bevilacqua.com\\\/de\\\/#website\"},\"primaryImageOfPage\":{\"@id\":\"https:\\\/\\\/www.luigi-bevilacqua.com\\\/de\\\/brokatellen\\\/#primaryimage\"},\"image\":{\"@id\":\"https:\\\/\\\/www.luigi-bevilacqua.com\\\/de\\\/brokatellen\\\/#primaryimage\"},\"thumbnailUrl\":\"https:\\\/\\\/www.luigi-bevilacqua.com\\\/wp-content\\\/uploads\\\/2021\\\/11\\\/broccatelli.jpg\",\"datePublished\":\"2018-01-25T13:43:51+00:00\",\"dateModified\":\"2020-07-13T14:47:22+00:00\",\"description\":\"Entdecke die Brokatellen aus unserem Katalog, in zahlreichen Farben verf\u00fcgbar, und ihre Muster, durch verschiedene Epochen inspiriert, von der alten orientalischen Kunst bis Barock und Jugendstil. Ihre gepr\u00e4gten Muster lassen sie \u00e4hnlich wie Brokate aussehen, sie sind aber leichter\",\"breadcrumb\":{\"@id\":\"https:\\\/\\\/www.luigi-bevilacqua.com\\\/de\\\/brokatellen\\\/#breadcrumb\"},\"inLanguage\":\"de\",\"potentialAction\":[{\"@type\":\"ReadAction\",\"target\":[\"https:\\\/\\\/www.luigi-bevilacqua.com\\\/de\\\/brokatellen\\\/\"]}]},{\"@type\":\"ImageObject\",\"inLanguage\":\"de\",\"@id\":\"https:\\\/\\\/www.luigi-bevilacqua.com\\\/de\\\/brokatellen\\\/#primaryimage\",\"url\":\"https:\\\/\\\/www.luigi-bevilacqua.com\\\/wp-content\\\/uploads\\\/2021\\\/11\\\/broccatelli.jpg\",\"contentUrl\":\"https:\\\/\\\/www.luigi-bevilacqua.com\\\/wp-content\\\/uploads\\\/2021\\\/11\\\/broccatelli.jpg\",\"width\":738,\"height\":499,\"caption\":\"Broccatelli | Tessitura Bevilacqua\"},{\"@type\":\"BreadcrumbList\",\"@id\":\"https:\\\/\\\/www.luigi-bevilacqua.com\\\/de\\\/brokatellen\\\/#breadcrumb\",\"itemListElement\":[{\"@type\":\"ListItem\",\"position\":1,\"name\":\"Home\",\"item\":\"https:\\\/\\\/www.luigi-bevilacqua.com\\\/de\\\/\"},{\"@type\":\"ListItem\",\"position\":2,\"name\":\"Brokatellen\"}]},{\"@type\":\"WebSite\",\"@id\":\"https:\\\/\\\/www.luigi-bevilacqua.com\\\/de\\\/#website\",\"url\":\"https:\\\/\\\/www.luigi-bevilacqua.com\\\/de\\\/\",\"name\":\"Tessitura Luigi Bevilaqua\",\"description\":\"Tessitura Bevilacqua\",\"publisher\":{\"@id\":\"https:\\\/\\\/www.luigi-bevilacqua.com\\\/de\\\/#organization\"},\"potentialAction\":[{\"@type\":\"SearchAction\",\"target\":{\"@type\":\"EntryPoint\",\"urlTemplate\":\"https:\\\/\\\/www.luigi-bevilacqua.com\\\/de\\\/?s={search_term_string}\"},\"query-input\":{\"@type\":\"PropertyValueSpecification\",\"valueRequired\":true,\"valueName\":\"search_term_string\"}}],\"inLanguage\":\"de\"},{\"@type\":\"Organization\",\"@id\":\"https:\\\/\\\/www.luigi-bevilacqua.com\\\/de\\\/#organization\",\"name\":\"Tessitura Luigi Bevilacqua\",\"url\":\"https:\\\/\\\/www.luigi-bevilacqua.com\\\/de\\\/\",\"logo\":{\"@type\":\"ImageObject\",\"inLanguage\":\"de\",\"@id\":\"https:\\\/\\\/www.luigi-bevilacqua.com\\\/de\\\/#\\\/schema\\\/logo\\\/image\\\/\",\"url\":\"https:\\\/\\\/www.luigi-bevilacqua.com\\\/wp-content\\\/uploads\\\/2017\\\/04\\\/logo-bevilacqua-home.png\",\"contentUrl\":\"https:\\\/\\\/www.luigi-bevilacqua.com\\\/wp-content\\\/uploads\\\/2017\\\/04\\\/logo-bevilacqua-home.png\",\"width\":272,\"height\":156,\"caption\":\"Tessitura Luigi Bevilacqua\"},\"image\":{\"@id\":\"https:\\\/\\\/www.luigi-bevilacqua.com\\\/de\\\/#\\\/schema\\\/logo\\\/image\\\/\"},\"sameAs\":[\"https:\\\/\\\/www.facebook.com\\\/TessituraLuigiBevilacqua\",\"https:\\\/\\\/x.com\\\/tessiturebevilc\",\"https:\\\/\\\/www.instagram.com\\\/tessiturebevilacqua\\\/\",\"https:\\\/\\\/www.linkedin.com\\\/company\\\/bevilacqua\\\/\",\"https:\\\/\\\/it.pinterest.com\\\/luigibevilacqua\\\/\",\"https:\\\/\\\/www.youtube.com\\\/channel\\\/UCvKX4HKDdjyoJIztAzEekkQ\"]}]}<\/script>\n<!-- \/ Yoast SEO plugin. -->","yoast_head_json":{"title":"Brokatellen Tessitura Luigi Bevilacqua: entdecke die Kollektion","description":"Entdecke die Brokatellen aus unserem Katalog, in zahlreichen Farben verf\u00fcgbar, und ihre Muster, durch verschiedene Epochen inspiriert, von der alten orientalischen Kunst bis Barock und Jugendstil. Ihre gepr\u00e4gten Muster lassen sie \u00e4hnlich wie Brokate aussehen, sie sind aber leichter","robots":{"index":"index","follow":"follow","max-snippet":"max-snippet:-1","max-image-preview":"max-image-preview:large","max-video-preview":"max-video-preview:-1"},"canonical":"https:\/\/www.luigi-bevilacqua.com\/de\/brokatellen\/","og_locale":"de_DE","og_type":"article","og_title":"Brokatellen Tessitura Luigi Bevilacqua: entdecke die Kollektion","og_description":"Entdecke die Brokatellen aus unserem Katalog, in zahlreichen Farben verf\u00fcgbar, und ihre Muster, durch verschiedene Epochen inspiriert, von der alten orientalischen Kunst bis Barock und Jugendstil. Ihre gepr\u00e4gten Muster lassen sie \u00e4hnlich wie Brokate aussehen, sie sind aber leichter","og_url":"https:\/\/www.luigi-bevilacqua.com\/de\/brokatellen\/","og_site_name":"Tessitura Luigi Bevilaqua","article_publisher":"https:\/\/www.facebook.com\/TessituraLuigiBevilacqua","article_modified_time":"2020-07-13T14:47:22+00:00","og_image":[{"width":738,"height":499,"url":"https:\/\/www.luigi-bevilacqua.com\/wp-content\/uploads\/2021\/11\/broccatelli.jpg","type":"image\/jpeg"}],"schema":{"@context":"https:\/\/schema.org","@graph":[{"@type":"WebPage","@id":"https:\/\/www.luigi-bevilacqua.com\/de\/brokatellen\/","url":"https:\/\/www.luigi-bevilacqua.com\/de\/brokatellen\/","name":"Brokatellen Tessitura Luigi Bevilacqua: entdecke die Kollektion","isPartOf":{"@id":"https:\/\/www.luigi-bevilacqua.com\/de\/#website"},"primaryImageOfPage":{"@id":"https:\/\/www.luigi-bevilacqua.com\/de\/brokatellen\/#primaryimage"},"image":{"@id":"https:\/\/www.luigi-bevilacqua.com\/de\/brokatellen\/#primaryimage"},"thumbnailUrl":"https:\/\/www.luigi-bevilacqua.com\/wp-content\/uploads\/2021\/11\/broccatelli.jpg","datePublished":"2018-01-25T13:43:51+00:00","dateModified":"2020-07-13T14:47:22+00:00","description":"Entdecke die Brokatellen aus unserem Katalog, in zahlreichen Farben verf\u00fcgbar, und ihre Muster, durch verschiedene Epochen inspiriert, von der alten orientalischen Kunst bis Barock und Jugendstil. Ihre gepr\u00e4gten Muster lassen sie \u00e4hnlich wie Brokate aussehen, sie sind aber leichter","breadcrumb":{"@id":"https:\/\/www.luigi-bevilacqua.com\/de\/brokatellen\/#breadcrumb"},"inLanguage":"de","potentialAction":[{"@type":"ReadAction","target":["https:\/\/www.luigi-bevilacqua.com\/de\/brokatellen\/"]}]},{"@type":"ImageObject","inLanguage":"de","@id":"https:\/\/www.luigi-bevilacqua.com\/de\/brokatellen\/#primaryimage","url":"https:\/\/www.luigi-bevilacqua.com\/wp-content\/uploads\/2021\/11\/broccatelli.jpg","contentUrl":"https:\/\/www.luigi-bevilacqua.com\/wp-content\/uploads\/2021\/11\/broccatelli.jpg","width":738,"height":499,"caption":"Broccatelli | Tessitura Bevilacqua"},{"@type":"BreadcrumbList","@id":"https:\/\/www.luigi-bevilacqua.com\/de\/brokatellen\/#breadcrumb","itemListElement":[{"@type":"ListItem","position":1,"name":"Home","item":"https:\/\/www.luigi-bevilacqua.com\/de\/"},{"@type":"ListItem","position":2,"name":"Brokatellen"}]},{"@type":"WebSite","@id":"https:\/\/www.luigi-bevilacqua.com\/de\/#website","url":"https:\/\/www.luigi-bevilacqua.com\/de\/","name":"Tessitura Luigi Bevilaqua","description":"Tessitura Bevilacqua","publisher":{"@id":"https:\/\/www.luigi-bevilacqua.com\/de\/#organization"},"potentialAction":[{"@type":"SearchAction","target":{"@type":"EntryPoint","urlTemplate":"https:\/\/www.luigi-bevilacqua.com\/de\/?s={search_term_string}"},"query-input":{"@type":"PropertyValueSpecification","valueRequired":true,"valueName":"search_term_string"}}],"inLanguage":"de"},{"@type":"Organization","@id":"https:\/\/www.luigi-bevilacqua.com\/de\/#organization","name":"Tessitura Luigi Bevilacqua","url":"https:\/\/www.luigi-bevilacqua.com\/de\/","logo":{"@type":"ImageObject","inLanguage":"de","@id":"https:\/\/www.luigi-bevilacqua.com\/de\/#\/schema\/logo\/image\/","url":"https:\/\/www.luigi-bevilacqua.com\/wp-content\/uploads\/2017\/04\/logo-bevilacqua-home.png","contentUrl":"https:\/\/www.luigi-bevilacqua.com\/wp-content\/uploads\/2017\/04\/logo-bevilacqua-home.png","width":272,"height":156,"caption":"Tessitura Luigi Bevilacqua"},"image":{"@id":"https:\/\/www.luigi-bevilacqua.com\/de\/#\/schema\/logo\/image\/"},"sameAs":["https:\/\/www.facebook.com\/TessituraLuigiBevilacqua","https:\/\/x.com\/tessiturebevilc","https:\/\/www.instagram.com\/tessiturebevilacqua\/","https:\/\/www.linkedin.com\/company\/bevilacqua\/","https:\/\/it.pinterest.com\/luigibevilacqua\/","https:\/\/www.youtube.com\/channel\/UCvKX4HKDdjyoJIztAzEekkQ"]}]}},"_links":{"self":[{"href":"https:\/\/www.luigi-bevilacqua.com\/de\/wp-json\/wp\/v2\/pages\/12108","targetHints":{"allow":["GET"]}}],"collection":[{"href":"https:\/\/www.luigi-bevilacqua.com\/de\/wp-json\/wp\/v2\/pages"}],"about":[{"href":"https:\/\/www.luigi-bevilacqua.com\/de\/wp-json\/wp\/v2\/types\/page"}],"author":[{"embeddable":true,"href":"https:\/\/www.luigi-bevilacqua.com\/de\/wp-json\/wp\/v2\/users\/1"}],"replies":[{"embeddable":true,"href":"https:\/\/www.luigi-bevilacqua.com\/de\/wp-json\/wp\/v2\/comments?post=12108"}],"version-history":[{"count":0,"href":"https:\/\/www.luigi-bevilacqua.com\/de\/wp-json\/wp\/v2\/pages\/12108\/revisions"}],"wp:featuredmedia":[{"embeddable":true,"href":"https:\/\/www.luigi-bevilacqua.com\/de\/wp-json\/wp\/v2\/media\/42134"}],"wp:attachment":[{"href":"https:\/\/www.luigi-bevilacqua.com\/de\/wp-json\/wp\/v2\/media?parent=12108"}],"curies":[{"name":"wp","href":"https:\/\/api.w.org\/{rel}","templated":true}]}}